{"id":107107,"date":"2023-11-22T14:07:45","date_gmt":"2023-11-22T12:07:45","guid":{"rendered":"https:\/\/totalblue.ro\/?post_type=product&#038;p=107107"},"modified":"2025-08-01T15:42:32","modified_gmt":"2025-08-01T12:42:32","slug":"fusilli-cu-gust-de-bacon-si-sos-de-rosii-unox-57-g-gata-in-5-minute","status":"publish","type":"product","link":"https:\/\/totalblue.ro\/fr\/produs\/fusilli-cu-gust-de-bacon-si-sos-de-rosii-unox-57-g-gata-in-5-minute\/","title":{"rendered":"Fusilli au bacon et \u00e0 la sauce tomate Unox 57 g"},"content":{"rendered":"<p>Fusilli cu rosii si bacon &#8211; Paste din grau integral cu sos.<br \/>\nSursa de proteine.<br \/>\nIngrediente: Paste 55% (gris tare, tarate de grau), pudra de piure de rosii\u00b9 16%, amidon de cartofi, ceapa, extract de drojdie, rosii 1,8%, slanina 1,7% (carne de porc, sare, stabilizator E250, fum), aroma, sare, ulei de porumb, ierburi\u00b9 (patrunjel 0,8%, cimbru), sare iodata, zahar, concentrat de suc de legume (ceapa, telina, morcov, praz), ulei de floarea soarelui, condimente (pudra de usturoi, piper cayenne). Poate contine alte cereale care contin gluten, ou, lapte, mustar, susan, soia. Creat in mod durabil.<br \/>\nAllerg\u00e8nes :<br \/>\nContient :<br \/>\nTelina, grau, cereale care contin gluten<br \/>\nPeut contenir :<br \/>\nMustar, oua, lapte, seminte de susan, soia<br \/>\nRecommand\u00e9 : portion pour 1 personne<br \/>\nGata in 3 minute ! Usor de pregatit !<br \/>\nNe mettez pas l'emballage au micro-ondes ! Ouvrez le couvercle. Versez de l'eau bouillante directement dans le verre jusqu'\u00e0 la ligne. Fermez le couvercle. Laisser reposer les nouilles pendant 5 minutes. M\u00e9langez bien ! C'est pr\u00eat ! Bon app\u00e9tit ! Note : le verre peut \u00eatre chaud !<br \/>\nValeurs nutritionnelles pour 100g :<br \/>\nEnergie 351 kJ (84 kcal)<br \/>\nGrasimi 0,9 g din care grasimi saturate 0,2 g<br \/>\nGlucide 15 g din care zaharuri 3,1 g<br \/>\nFibre alimentare 2,2 g<br \/>\nProteine \u200b\u200b3,3 g<br \/>\nSel 0,58 g<br \/>\nStockage : conserver dans un endroit sec \u00e0 temp\u00e9rature ambiante.<br \/>\nFabriqu\u00e9 aux Pays-Bas par Unilever Nederland Unox, Postbus 160 3000 AD AD Rotterdam<br \/>\nImportateur et distributeur Total Blue Impex SRL<\/p>","protected":false},"excerpt":{"rendered":"<p>Fusilli cu rosii si bacon &#8211; Paste din grau integral cu sos. Sursa de proteine. Ingrediente: Paste 55% (gris tare, tarate de grau), pudra de piure de rosii\u00b9 16%, amidon de cartofi, ceapa, extract de drojdie, rosii 1,8%, slanina 1,7% (carne de porc, sare, stabilizator E250, fum), aroma, sare, ulei de porumb, ierburi\u00b9 (patrunjel 0,8%, [&#8230;]\n","protected":false},"featured_media":107111,"comment_status":"open","ping_status":"closed","template":"","meta":{"_acf_changed":false,"_seopress_robots_primary_cat":"none","_seopress_titles_title":"","_seopress_titles_desc":" ","_seopress_robots_index":""},"product_brand":[1925],"product_cat":[1555,3272,17494,21594,1463,3328,1767],"giftcard-category":[],"class_list":{"0":"post-107107","1":"product","2":"type-product","3":"status-publish","4":"has-post-thumbnail","6":"product_brand-unox","7":"product_cat-bacanie","8":"product_cat-conserve","9":"product_cat-influente-asiatice","10":"product_cat-noodles-supe-instant","11":"product_cat-orez","12":"product_cat-paste-orez-ulei-otet","13":"product_cat-produse-olanda","15":"first","16":"outofstock","17":"taxable","18":"shipping-taxable","19":"purchasable","20":"product-type-simple"},"acf":[],"_links":{"self":[{"href":"https:\/\/totalblue.ro\/fr\/wp-json\/wp\/v2\/product\/107107","targetHints":{"allow":["GET"]}}],"collection":[{"href":"https:\/\/totalblue.ro\/fr\/wp-json\/wp\/v2\/product"}],"about":[{"href":"https:\/\/totalblue.ro\/fr\/wp-json\/wp\/v2\/types\/product"}],"replies":[{"embeddable":true,"href":"https:\/\/totalblue.ro\/fr\/wp-json\/wp\/v2\/comments?post=107107"}],"wp:featuredmedia":[{"embeddable":true,"href":"https:\/\/totalblue.ro\/fr\/wp-json\/wp\/v2\/media\/107111"}],"wp:attachment":[{"href":"https:\/\/totalblue.ro\/fr\/wp-json\/wp\/v2\/media?parent=107107"}],"wp:term":[{"taxonomy":"product_brand","embeddable":true,"href":"https:\/\/totalblue.ro\/fr\/wp-json\/wp\/v2\/product_brand?post=107107"},{"taxonomy":"product_cat","embeddable":true,"href":"https:\/\/totalblue.ro\/fr\/wp-json\/wp\/v2\/product_cat?post=107107"},{"taxonomy":"giftcard-category","embeddable":true,"href":"https:\/\/totalblue.ro\/fr\/wp-json\/wp\/v2\/giftcard-category?post=107107"}],"curies":[{"name":"wp","href":"https:\/\/api.w.org\/{rel}","templated":true}]}}