{"id":107115,"date":"2023-11-22T14:14:02","date_gmt":"2023-11-22T12:14:02","guid":{"rendered":"https:\/\/totalblue.ro\/?post_type=product&#038;p=107115"},"modified":"2025-08-01T15:42:29","modified_gmt":"2025-08-01T12:42:29","slug":"unox-paste-bolognese-cu-bucatele-mici-delicioase-de-carne-de-vita-68g","status":"publish","type":"product","link":"https:\/\/totalblue.ro\/fr\/produs\/unox-paste-bolognese-cu-bucatele-mici-delicioase-de-carne-de-vita-68g\/","title":{"rendered":"Unox paste bolognese cu bucatele mici delicioase de carne de vita 68g"},"content":{"rendered":"<p>Ingrediente: Paste 60% (spaghete (gris tare)), pudra de rosii\u00b9 13%, ulei de palmier, praf de ceapa, zahar, sare, carne de vita 1,8%, rosii 1,4%, arome, extract de drojdie, sare minerala (potasiu), morcov, ierburi (patrunjel, oregano), condimente (usturoi, piper), telina, boia de ardei, ulei de masline extravirgin, maltodextrina, proteine din oua de la gaini. Poate contine lapte.<br \/>\nAllerg\u00e8nes :<br \/>\nContient :<br \/>\nTelina, grau, cereale care contin gluten<br \/>\nPeut contenir :<br \/>\nMustar, oua, lapte, seminte de susan, soia<br \/>\nRecommand\u00e9 : portion pour 1 personne<br \/>\nPr\u00eat en 5 minutes ! Facile \u00e0 pr\u00e9parer !<br \/>\nNe mettez pas l'emballage au micro-ondes ! Ouvrez le couvercle. Versez de l'eau bouillante directement dans le verre jusqu'\u00e0 la ligne. Fermez le couvercle. Laisser reposer les nouilles pendant 5 minutes. M\u00e9langez bien ! C'est pr\u00eat ! Bon app\u00e9tit ! Note : le verre peut \u00eatre chaud !<br \/>\nValeurs nutritionnelles pour 100g :<br \/>\nEnergie 410 kJ (98 kcal)<br \/>\nGrasimi 2 g din care saturate 1 g<br \/>\nGlucide 16 g din care zaharuri 2,9 g<br \/>\nFibres alimentaires 1,5 g<br \/>\nProteine \u200b\u200b3,4 g<br \/>\nSare 0,61 g<br \/>\nStockage : conserver dans un endroit sec \u00e0 temp\u00e9rature ambiante.<br \/>\nFabriqu\u00e9 aux Pays-Bas par Unilever Nederland Unox, Postbus 160 3000 AD AD Rotterdam<br \/>\nImportateur et distributeur Total Blue Impex SRL<\/p>","protected":false},"excerpt":{"rendered":"<p>Ingrediente: Paste 60% (spaghete (gris tare)), pudra de rosii\u00b9 13%, ulei de palmier, praf de ceapa, zahar, sare, carne de vita 1,8%, rosii 1,4%, arome, extract de drojdie, sare minerala (potasiu), morcov, ierburi (patrunjel, oregano), condimente (usturoi, piper), telina, boia de ardei, ulei de masline extravirgin, maltodextrina, proteine din oua de la gaini. Poate contine [&#8230;]\n","protected":false},"featured_media":107120,"comment_status":"open","ping_status":"closed","template":"","meta":{"_acf_changed":false,"_seopress_robots_primary_cat":"none","_seopress_titles_title":"","_seopress_titles_desc":"","_seopress_robots_index":""},"product_brand":[1925],"product_cat":[1555,3272,17494,21594,1463,3328,1767],"giftcard-category":[],"class_list":{"0":"post-107115","1":"product","2":"type-product","3":"status-publish","4":"has-post-thumbnail","6":"product_brand-unox","7":"product_cat-bacanie","8":"product_cat-conserve","9":"product_cat-influente-asiatice","10":"product_cat-noodles-supe-instant","11":"product_cat-orez","12":"product_cat-paste-orez-ulei-otet","13":"product_cat-produse-olanda","15":"first","16":"outofstock","17":"taxable","18":"shipping-taxable","19":"purchasable","20":"product-type-simple"},"acf":[],"_links":{"self":[{"href":"https:\/\/totalblue.ro\/fr\/wp-json\/wp\/v2\/product\/107115","targetHints":{"allow":["GET"]}}],"collection":[{"href":"https:\/\/totalblue.ro\/fr\/wp-json\/wp\/v2\/product"}],"about":[{"href":"https:\/\/totalblue.ro\/fr\/wp-json\/wp\/v2\/types\/product"}],"replies":[{"embeddable":true,"href":"https:\/\/totalblue.ro\/fr\/wp-json\/wp\/v2\/comments?post=107115"}],"wp:featuredmedia":[{"embeddable":true,"href":"https:\/\/totalblue.ro\/fr\/wp-json\/wp\/v2\/media\/107120"}],"wp:attachment":[{"href":"https:\/\/totalblue.ro\/fr\/wp-json\/wp\/v2\/media?parent=107115"}],"wp:term":[{"taxonomy":"product_brand","embeddable":true,"href":"https:\/\/totalblue.ro\/fr\/wp-json\/wp\/v2\/product_brand?post=107115"},{"taxonomy":"product_cat","embeddable":true,"href":"https:\/\/totalblue.ro\/fr\/wp-json\/wp\/v2\/product_cat?post=107115"},{"taxonomy":"giftcard-category","embeddable":true,"href":"https:\/\/totalblue.ro\/fr\/wp-json\/wp\/v2\/giftcard-category?post=107115"}],"curies":[{"name":"wp","href":"https:\/\/api.w.org\/{rel}","templated":true}]}}