{"id":113446,"date":"2023-11-24T13:52:51","date_gmt":"2023-11-24T11:52:51","guid":{"rendered":"https:\/\/totalblue.ro\/?post_type=product&#038;p=113446"},"modified":"2026-01-24T20:27:12","modified_gmt":"2026-01-24T18:27:12","slug":"pickwick-super-blends-immunity-ceai-cu-verbena-si-ghimbir-225g-15-pliculete-x-15g","status":"publish","type":"product","link":"https:\/\/totalblue.ro\/fr\/produs\/pickwick-super-blends-immunity-ceai-cu-verbena-si-ghimbir-225g-15-pliculete-x-15g\/","title":{"rendered":"Pickwick Super Blends Th\u00e9 immunit\u00e9 \u00e0 la verveine et au gingembre, 22,5g 15 sachets x 1,5g"},"content":{"rendered":"<p>Un amestec de ghimbir picant combinat cu echinaceea si note racoritoare de verbena cu lamaie.<\/p>\n<p>Type de th\u00e9 : tisane<br \/>\nCu vitamina C pentru a va sustine rezistenta<br \/>\nD\u00e9caf\u00e9in\u00e9<\/p>\n<p>Descriere:<br \/>\nVERBENA AROMATA DE LAMAIE CU ECHINACAE SI GIMBIR, CU ADAOS DE VITAMINA C<br \/>\nContine vitamina C care contribuie la:<br \/>\nFunctionarea normala a sistemului imunitar.<br \/>\nBucurati-va de 2 cani pe zi, ca parte a unei diete variate, echilibrate si a unui stil de viata sanatos.<br \/>\nContinut si greutate<br \/>\n1 pachet Pickwick Super Blends Immunity contine 15 pliculete x 1,5 g = 22,5 g<br \/>\nNumar de portii: 15<br \/>\nPlanta\u021bie de ceai certificata de alian\u021ba padurii tropicale.<\/p>\n<p>Ingrediente: verbena de lamaie (30,5%), echinaceea (20%), ghimbir (20%), iarba de lamaie, arome naturale, acid ascorbic (2,7%), coaja de lamaie.<\/p>\n<p>Valori nutritionale la 100ml:<br \/>\nCes valeurs s'appliquent au produit non pr\u00e9par\u00e9.<\/p>\n<p>\u00c9nergie 3 kJ (1 kcal)<br \/>\nGraisses 0 g dont graisses satur\u00e9es 0 g<br \/>\nGlucides &lt; 0,5 g dont sucres 0 g<br \/>\nFibres alimentaires 0 g<br \/>\nProt\u00e9ines 0 g<br \/>\nSel 0 g<br \/>\nVitamina C 10 mg 13%<\/p>\n<p>Pr\u00e9paration : Verser de l'eau bouillante (100\u00b0C) dans une tasse. Laissez le sachet de th\u00e9 pendant 3 \u00e0 5 minutes dans la tasse.<br \/>\nNote : La tasse peut \u00eatre chaude ! Le th\u00e9 peut \u00eatre chaud !<\/p>\n<p>Conserver dans un endroit sec, \u00e0 l'abri de la lumi\u00e8re et \u00e0 temp\u00e9rature ambiante.<\/p>\n<p>Furnizor: Consumer Service, Oosterdoksstraat 80, 1011 DK Amsterdam, Tarile de Jos\/Hollandsko<br \/>\nImportateur et distributeur Total Blue Impex SRL<br \/>\n<a href=\"https:\/\/totalblue.ro\/wp-content\/uploads\/2020\/12\/Rainforest-Alliance.jpeg\"><img loading=\"lazy\" decoding=\"async\" class=\"alignnone wp-image-27609\" src=\"https:\/\/totalblue.ro\/wp-content\/uploads\/2020\/12\/Rainforest-Alliance-699x400.jpeg\" alt=\"\" width=\"143\" height=\"82\" srcset=\"https:\/\/totalblue.ro\/wp-content\/uploads\/2020\/12\/Rainforest-Alliance-699x400.jpeg 699w, https:\/\/totalblue.ro\/wp-content\/uploads\/2020\/12\/Rainforest-Alliance-510x292.jpeg 510w, https:\/\/totalblue.ro\/wp-content\/uploads\/2020\/12\/Rainforest-Alliance-768x440.jpeg 768w, https:\/\/totalblue.ro\/wp-content\/uploads\/2020\/12\/Rainforest-Alliance-600x343.jpeg 600w, https:\/\/totalblue.ro\/wp-content\/uploads\/2020\/12\/Rainforest-Alliance-100x57.jpeg 100w, https:\/\/totalblue.ro\/wp-content\/uploads\/2020\/12\/Rainforest-Alliance.jpeg 959w\" sizes=\"auto, (max-width: 143px) 100vw, 143px\" \/><\/a><a href=\"https:\/\/totalblue.ro\/wp-content\/uploads\/2021\/08\/ethical-tea-partnership.jpg\"><img loading=\"lazy\" decoding=\"async\" class=\"alignnone wp-image-32632\" src=\"https:\/\/totalblue.ro\/wp-content\/uploads\/2021\/08\/ethical-tea-partnership.jpg\" alt=\"\" width=\"207\" height=\"61\" srcset=\"https:\/\/totalblue.ro\/wp-content\/uploads\/2021\/08\/ethical-tea-partnership.jpg 400w, https:\/\/totalblue.ro\/wp-content\/uploads\/2021\/08\/ethical-tea-partnership-100x30.jpg 100w\" sizes=\"auto, (max-width: 207px) 100vw, 207px\" \/><\/a><a href=\"https:\/\/totalblue.ro\/wp-content\/uploads\/2021\/08\/Groene-Punt.jpg\"><img loading=\"lazy\" decoding=\"async\" class=\"alignnone wp-image-32627\" src=\"https:\/\/totalblue.ro\/wp-content\/uploads\/2021\/08\/Groene-Punt.jpg\" alt=\"\" width=\"71\" height=\"71\" srcset=\"https:\/\/totalblue.ro\/wp-content\/uploads\/2021\/08\/Groene-Punt.jpg 300w, https:\/\/totalblue.ro\/wp-content\/uploads\/2021\/08\/Groene-Punt-100x100.jpg 100w, https:\/\/totalblue.ro\/wp-content\/uploads\/2021\/08\/Groene-Punt-280x280.jpg 280w\" sizes=\"auto, (max-width: 71px) 100vw, 71px\" \/><\/a><\/p>","protected":false},"excerpt":{"rendered":"<p>Un amestec de ghimbir picant combinat cu echinaceea si note racoritoare de verbena cu lamaie. Tipul ceaiului: ceai de plante Cu vitamina C pentru a va sustine rezistenta Decofeinizat Descriere: VERBENA AROMATA DE LAMAIE CU ECHINACAE SI GIMBIR, CU ADAOS DE VITAMINA C Contine vitamina C care contribuie la: Functionarea normala a sistemului imunitar. Bucurati-va [&#8230;]\n","protected":false},"featured_media":113450,"comment_status":"open","ping_status":"closed","template":"","meta":{"_acf_changed":false,"_seopress_robots_primary_cat":"none","_seopress_titles_title":"","_seopress_titles_desc":"","_seopress_robots_index":""},"product_brand":[2080],"product_cat":[1555,1506,3320,1767],"giftcard-category":[],"class_list":{"0":"post-113446","1":"product","2":"type-product","3":"status-publish","4":"has-post-thumbnail","6":"product_brand-pickwick","7":"product_cat-bacanie","8":"product_cat-cafea-ceai-mic-dejun","9":"product_cat-cafea-ceai-lapte","10":"product_cat-produse-olanda","12":"first","13":"instock","14":"taxable","15":"shipping-taxable","16":"purchasable","17":"product-type-simple"},"acf":[],"_links":{"self":[{"href":"https:\/\/totalblue.ro\/fr\/wp-json\/wp\/v2\/product\/113446","targetHints":{"allow":["GET"]}}],"collection":[{"href":"https:\/\/totalblue.ro\/fr\/wp-json\/wp\/v2\/product"}],"about":[{"href":"https:\/\/totalblue.ro\/fr\/wp-json\/wp\/v2\/types\/product"}],"replies":[{"embeddable":true,"href":"https:\/\/totalblue.ro\/fr\/wp-json\/wp\/v2\/comments?post=113446"}],"wp:featuredmedia":[{"embeddable":true,"href":"https:\/\/totalblue.ro\/fr\/wp-json\/wp\/v2\/media\/113450"}],"wp:attachment":[{"href":"https:\/\/totalblue.ro\/fr\/wp-json\/wp\/v2\/media?parent=113446"}],"wp:term":[{"taxonomy":"product_brand","embeddable":true,"href":"https:\/\/totalblue.ro\/fr\/wp-json\/wp\/v2\/product_brand?post=113446"},{"taxonomy":"product_cat","embeddable":true,"href":"https:\/\/totalblue.ro\/fr\/wp-json\/wp\/v2\/product_cat?post=113446"},{"taxonomy":"giftcard-category","embeddable":true,"href":"https:\/\/totalblue.ro\/fr\/wp-json\/wp\/v2\/giftcard-category?post=113446"}],"curies":[{"name":"wp","href":"https:\/\/api.w.org\/{rel}","templated":true}]}}