{"id":113465,"date":"2023-11-24T14:40:22","date_gmt":"2023-11-24T12:40:22","guid":{"rendered":"https:\/\/totalblue.ro\/?post_type=product&#038;p=113465"},"modified":"2025-08-04T11:27:13","modified_gmt":"2025-08-04T08:27:13","slug":"pickwick-super-blends-shine-chamomile-tea-with-peach-and-liquorice-225g-15-sachets-x-15g","status":"publish","type":"product","link":"https:\/\/totalblue.ro\/fr\/produs\/pickwick-super-blends-shine-ceai-de-musetel-cu-piersici-si-lemn-dulce-225g-15-pliculete-x-15g\/","title":{"rendered":"Pickwick Super Blends Shine th\u00e9 \u00e0 la camomille avec p\u00eache et r\u00e9glisse, 22,5g 15 sachets x 1,5g"},"content":{"rendered":"<p>Un m\u00e9lange de camomille florale combin\u00e9e \u00e0 la saveur douce de la p\u00eache fruit\u00e9e et de la r\u00e9glisse.<br \/>\nType de th\u00e9 : tisane<br \/>\nAvec de la biotine pour soutenir l'\u00e9tat de la peau et des cheveux.<br \/>\nD\u00e9caf\u00e9in\u00e9<br \/>\nDescription<br \/>\nMUSTEL AROMATIS\u00c9 \u00c0 LA R\u00c9GLISSE ET \u00c0 LA P\u00caCHE, AVEC AJOUT DE BIOTINE.<br \/>\nContient de la biotine (vitamine B8) qui contribue au maintien d'une peau et de cheveux normaux.<br \/>\nConsommer 2 tasses par jour dans le cadre d'une alimentation vari\u00e9e et \u00e9quilibr\u00e9e et d'un mode de vie sain. Contient de la r\u00e9glisse Les personnes souffrant d'hypertension art\u00e9rielle doivent \u00e9viter une consommation excessive.<br \/>\nValeurs nutritionnelles pour 100 ml :<br \/>\nCes valeurs s'appliquent au produit non pr\u00e9par\u00e9.<br \/>\n\u00c9nergie 3 kJ (1 kcal)<br \/>\nGraisses 0 g dont graisses satur\u00e9es 0 g<br \/>\nGlucides &lt; 0,5 g dont sucres 0 g<br \/>\nProt\u00e9ines 0 g<br \/>\nSel 0 g<br \/>\nVitamine H \/ Biotine 6,3 \u00b5g 13%<br \/>\nFibres alimentaires 0 g<br \/>\nPr\u00e9paration : Verser de l'eau bouillante (100\u00b0C) dans une tasse. Laissez le sachet de th\u00e9 pendant 3 \u00e0 5 minutes dans la tasse.<br \/>\nNote : La tasse peut \u00eatre chaude ! Le th\u00e9 peut \u00eatre chaud !<\/p>\n<p>Conserver dans un endroit sec, \u00e0 l'abri de la lumi\u00e8re et \u00e0 temp\u00e9rature ambiante.<br \/>\nFabriqu\u00e9 par JACOBS DOUWE EGBERTS , Oosterdoksstraat 80, 1011DK Amsterdam, The Netherlands\/Holandsko<br \/>\nImportateur et distributeur Total Blue Impex SRL<\/p>\n<p><a href=\"https:\/\/totalblue.ro\/wp-content\/uploads\/2020\/12\/Rainforest-Alliance.jpeg\"><img loading=\"lazy\" decoding=\"async\" class=\"alignnone wp-image-27609\" src=\"https:\/\/totalblue.ro\/wp-content\/uploads\/2020\/12\/Rainforest-Alliance-699x400.jpeg\" alt=\"\" width=\"143\" height=\"82\" srcset=\"https:\/\/totalblue.ro\/wp-content\/uploads\/2020\/12\/Rainforest-Alliance-699x400.jpeg 699w, https:\/\/totalblue.ro\/wp-content\/uploads\/2020\/12\/Rainforest-Alliance-510x292.jpeg 510w, https:\/\/totalblue.ro\/wp-content\/uploads\/2020\/12\/Rainforest-Alliance-768x440.jpeg 768w, https:\/\/totalblue.ro\/wp-content\/uploads\/2020\/12\/Rainforest-Alliance-600x343.jpeg 600w, https:\/\/totalblue.ro\/wp-content\/uploads\/2020\/12\/Rainforest-Alliance-100x57.jpeg 100w, https:\/\/totalblue.ro\/wp-content\/uploads\/2020\/12\/Rainforest-Alliance.jpeg 959w\" sizes=\"auto, (max-width: 143px) 100vw, 143px\" \/><\/a><a href=\"https:\/\/totalblue.ro\/wp-content\/uploads\/2021\/08\/ethical-tea-partnership.jpg\"><img loading=\"lazy\" decoding=\"async\" class=\"alignnone wp-image-32632\" src=\"https:\/\/totalblue.ro\/wp-content\/uploads\/2021\/08\/ethical-tea-partnership.jpg\" alt=\"\" width=\"207\" height=\"61\" srcset=\"https:\/\/totalblue.ro\/wp-content\/uploads\/2021\/08\/ethical-tea-partnership.jpg 400w, https:\/\/totalblue.ro\/wp-content\/uploads\/2021\/08\/ethical-tea-partnership-100x30.jpg 100w\" sizes=\"auto, (max-width: 207px) 100vw, 207px\" \/><\/a><a href=\"https:\/\/totalblue.ro\/wp-content\/uploads\/2021\/08\/Groene-Punt.jpg\"><img loading=\"lazy\" decoding=\"async\" class=\"alignnone wp-image-32627\" src=\"https:\/\/totalblue.ro\/wp-content\/uploads\/2021\/08\/Groene-Punt.jpg\" alt=\"\" width=\"71\" height=\"71\" srcset=\"https:\/\/totalblue.ro\/wp-content\/uploads\/2021\/08\/Groene-Punt.jpg 300w, https:\/\/totalblue.ro\/wp-content\/uploads\/2021\/08\/Groene-Punt-100x100.jpg 100w, https:\/\/totalblue.ro\/wp-content\/uploads\/2021\/08\/Groene-Punt-280x280.jpg 280w\" sizes=\"auto, (max-width: 71px) 100vw, 71px\" \/><\/a><\/p>","protected":false},"excerpt":{"rendered":"<p>&nbsp;<\/p>\n<div id=\"simple-translate\" class=\"simple-translate-light-theme\">\n<div>\n<div class=\"simple-translate-button isShow\" style=\"height: 22px; width: 22px; top: 55px; left: 270px;\"><\/div>\n<div class=\"simple-translate-panel\" style=\"width: 300px; height: 200px; top: 0px; left: 0px; font-size: 13px;\">\n<div class=\"simple-translate-result-wrapper\" style=\"overflow: hidden;\">\n<div class=\"simple-translate-move\"><\/div>\n<div class=\"simple-translate-result-contents\">\n<p class=\"simple-translate-candidate\" dir=\"auto\">\n<\/div>\n<\/div>\n<\/div>\n<\/div>\n<\/div>","protected":false},"featured_media":113469,"comment_status":"open","ping_status":"closed","template":"","meta":{"_acf_changed":false,"_seopress_robots_primary_cat":"none","_seopress_titles_title":"","_seopress_titles_desc":"","_seopress_robots_index":""},"product_brand":[2080],"product_cat":[1555,1506,3320,1767],"giftcard-category":[],"class_list":{"0":"post-113465","1":"product","2":"type-product","3":"status-publish","4":"has-post-thumbnail","6":"product_brand-pickwick","7":"product_cat-bacanie","8":"product_cat-cafea-ceai-mic-dejun","9":"product_cat-cafea-ceai-lapte","10":"product_cat-produse-olanda","12":"first","13":"outofstock","14":"taxable","15":"shipping-taxable","16":"purchasable","17":"product-type-simple"},"acf":[],"_links":{"self":[{"href":"https:\/\/totalblue.ro\/fr\/wp-json\/wp\/v2\/product\/113465","targetHints":{"allow":["GET"]}}],"collection":[{"href":"https:\/\/totalblue.ro\/fr\/wp-json\/wp\/v2\/product"}],"about":[{"href":"https:\/\/totalblue.ro\/fr\/wp-json\/wp\/v2\/types\/product"}],"replies":[{"embeddable":true,"href":"https:\/\/totalblue.ro\/fr\/wp-json\/wp\/v2\/comments?post=113465"}],"wp:featuredmedia":[{"embeddable":true,"href":"https:\/\/totalblue.ro\/fr\/wp-json\/wp\/v2\/media\/113469"}],"wp:attachment":[{"href":"https:\/\/totalblue.ro\/fr\/wp-json\/wp\/v2\/media?parent=113465"}],"wp:term":[{"taxonomy":"product_brand","embeddable":true,"href":"https:\/\/totalblue.ro\/fr\/wp-json\/wp\/v2\/product_brand?post=113465"},{"taxonomy":"product_cat","embeddable":true,"href":"https:\/\/totalblue.ro\/fr\/wp-json\/wp\/v2\/product_cat?post=113465"},{"taxonomy":"giftcard-category","embeddable":true,"href":"https:\/\/totalblue.ro\/fr\/wp-json\/wp\/v2\/giftcard-category?post=113465"}],"curies":[{"name":"wp","href":"https:\/\/api.w.org\/{rel}","templated":true}]}}