{"id":113499,"date":"2023-11-24T15:35:41","date_gmt":"2023-11-24T13:35:41","guid":{"rendered":"https:\/\/totalblue.ro\/?post_type=product&#038;p=113499"},"modified":"2026-01-21T12:05:11","modified_gmt":"2026-01-21T10:05:11","slug":"pickwick-ceai-verde-30g-20-pliculete-2","status":"publish","type":"product","link":"https:\/\/totalblue.ro\/fr\/produs\/pickwick-ceai-verde-30g-20-pliculete-2\/","title":{"rendered":"Th\u00e9 vert Pickwick 30g, 20 sachets"},"content":{"rendered":"<p>Pr\u00e9paration : Verser de l'eau bouillante (100\u00b0C) dans une tasse. Laissez le sachet de th\u00e9 pendant 2 \u00e0 3 minutes dans la tasse.<br \/>\nNote : La tasse peut \u00eatre chaude ! Le th\u00e9 peut \u00eatre chaud !<\/p>\n<p>Conserver dans un endroit sec, \u00e0 l'abri de la lumi\u00e8re et \u00e0 temp\u00e9rature ambiante.<br \/>\nFabriqu\u00e9 par JACOBS DOUWE EGBERTS , Oosterdoksstraat 80, 1011DK Amsterdam, The Netherlands\/Holandsko<br \/>\nImportateur et distributeur Total Blue Impex SRL<\/p>","protected":false},"excerpt":{"rendered":"<p>Mod de pregatire: Se toarna apa clocotita (100 \u00b0 C) intr-o ceasca. Lasati pliculetul de ceai timp de 2 pana la 3 minute in ceasca. Nota: ceasca poate fi fierbinte! Ceaiul poate fi fierbinte! Mod de depozitare: A se pastra la loc uscat, intunecat la temperatura camerei. Fabricat de JACOBS DOUWE EGBERTS , Oosterdoksstraat 80, [&#8230;]\n","protected":false},"featured_media":143914,"comment_status":"open","ping_status":"closed","template":"","meta":{"_acf_changed":false,"_seopress_robots_primary_cat":"none","_seopress_titles_title":"","_seopress_titles_desc":"","_seopress_robots_index":""},"product_brand":[2080],"product_cat":[1555,1506,3320,1767],"giftcard-category":[],"class_list":{"0":"post-113499","1":"product","2":"type-product","3":"status-publish","4":"has-post-thumbnail","6":"product_brand-pickwick","7":"product_cat-bacanie","8":"product_cat-cafea-ceai-mic-dejun","9":"product_cat-cafea-ceai-lapte","10":"product_cat-produse-olanda","12":"first","13":"outofstock","14":"taxable","15":"shipping-taxable","16":"purchasable","17":"product-type-simple"},"acf":[],"_links":{"self":[{"href":"https:\/\/totalblue.ro\/fr\/wp-json\/wp\/v2\/product\/113499","targetHints":{"allow":["GET"]}}],"collection":[{"href":"https:\/\/totalblue.ro\/fr\/wp-json\/wp\/v2\/product"}],"about":[{"href":"https:\/\/totalblue.ro\/fr\/wp-json\/wp\/v2\/types\/product"}],"replies":[{"embeddable":true,"href":"https:\/\/totalblue.ro\/fr\/wp-json\/wp\/v2\/comments?post=113499"}],"wp:featuredmedia":[{"embeddable":true,"href":"https:\/\/totalblue.ro\/fr\/wp-json\/wp\/v2\/media\/143914"}],"wp:attachment":[{"href":"https:\/\/totalblue.ro\/fr\/wp-json\/wp\/v2\/media?parent=113499"}],"wp:term":[{"taxonomy":"product_brand","embeddable":true,"href":"https:\/\/totalblue.ro\/fr\/wp-json\/wp\/v2\/product_brand?post=113499"},{"taxonomy":"product_cat","embeddable":true,"href":"https:\/\/totalblue.ro\/fr\/wp-json\/wp\/v2\/product_cat?post=113499"},{"taxonomy":"giftcard-category","embeddable":true,"href":"https:\/\/totalblue.ro\/fr\/wp-json\/wp\/v2\/giftcard-category?post=113499"}],"curies":[{"name":"wp","href":"https:\/\/api.w.org\/{rel}","templated":true}]}}