{"id":118376,"date":"2023-12-28T15:29:32","date_gmt":"2023-12-28T13:29:32","guid":{"rendered":"https:\/\/totalblue.ro\/?post_type=product&#038;p=118376"},"modified":"2025-08-06T15:43:55","modified_gmt":"2025-08-06T12:43:55","slug":"maggi-aroma-no-3-editie-limitata-250g-202ml","status":"publish","type":"product","link":"https:\/\/totalblue.ro\/fr\/produs\/maggi-aroma-no-3-editie-limitata-250g-202ml\/","title":{"rendered":"Maggi Aroma no.3, Editie Limitata (250g\/202ml)"},"content":{"rendered":"<p>Adaugati un plus de aroma mancarii dvs. preferate?<br \/>\nCu cateva picaturi dintr-o sticla de MAGGI Aroma wurze, masa ta va avea un gust delicios in cel mai scurt timp<br \/>\nUtilizati potentiatorul de aroma de la MAGGI pentru sosuri delicioase pentru salate, dips, preparate cu oua, preparate asiatice sau tocane. Aromele acestui delicios potentator de aroma MAGGI functioneaza ca o magie si pentru supa!<br \/>\nIngrediente: proteine \u200b\u200bvegetale hidrolizate (apa, proteine \u200b\u200bdin grau, sare), apa, arome (cu grau), potentiatori de arom\u0103 (E621, E631), sare, zahar.<br \/>\nAlergeni: contine grau, cereale care contin gluten.<br \/>\nValeurs nutritionnelles pour 100 ml :<br \/>\nEnergie 360 kJ (84 kcal)<br \/>\nGraisses 0,1 g dont graisses satur\u00e9es 0 g<br \/>\nGlucide 8 g din care zaharuri 4,3 g<br \/>\nFibres alimentaires 0 g<br \/>\nProteine \u200b\u200b12 g<br \/>\nSare 22,4 g<br \/>\nConserver dans un endroit sec, \u00e0 l'abri de la lumi\u00e8re et \u00e0 temp\u00e9rature ambiante.<br \/>\nProducator: Nestl\u00e9 Nederland Postbus 134, 1180 AC Amstelveen<br \/>\nImportateur et distributeur Total Blue Impex SRL<\/p>","protected":false},"excerpt":{"rendered":"<p>Adaugati un plus de aroma mancarii dvs. preferate? Cu cateva picaturi dintr-o sticla de MAGGI Aroma wurze, masa ta va avea un gust delicios in cel mai scurt timp Utilizati potentiatorul de aroma de la MAGGI pentru sosuri delicioase pentru salate, dips, preparate cu oua, preparate asiatice sau tocane. Aromele acestui delicios potentator de aroma [&#8230;]\n","protected":false},"featured_media":118380,"comment_status":"open","ping_status":"closed","template":"","meta":{"_acf_changed":false,"_seopress_robots_primary_cat":"none","_seopress_titles_title":"","_seopress_titles_desc":"","_seopress_robots_index":""},"product_brand":[1869],"product_cat":[1555,3280,3380,21674,17494,1950,1767],"giftcard-category":[],"class_list":{"0":"post-118376","1":"product","2":"type-product","3":"status-publish","4":"has-post-thumbnail","6":"product_brand-maggi","7":"product_cat-bacanie","8":"product_cat-condimente-sosuri","9":"product_cat-condimente-sosuri-produse-germania","10":"product_cat-condimente-sosuri-influente-asiatice","11":"product_cat-influente-asiatice","12":"product_cat-produse-germania","13":"product_cat-produse-olanda","15":"first","16":"outofstock","17":"taxable","18":"shipping-taxable","19":"purchasable","20":"product-type-simple"},"acf":[],"_links":{"self":[{"href":"https:\/\/totalblue.ro\/fr\/wp-json\/wp\/v2\/product\/118376","targetHints":{"allow":["GET"]}}],"collection":[{"href":"https:\/\/totalblue.ro\/fr\/wp-json\/wp\/v2\/product"}],"about":[{"href":"https:\/\/totalblue.ro\/fr\/wp-json\/wp\/v2\/types\/product"}],"replies":[{"embeddable":true,"href":"https:\/\/totalblue.ro\/fr\/wp-json\/wp\/v2\/comments?post=118376"}],"wp:featuredmedia":[{"embeddable":true,"href":"https:\/\/totalblue.ro\/fr\/wp-json\/wp\/v2\/media\/118380"}],"wp:attachment":[{"href":"https:\/\/totalblue.ro\/fr\/wp-json\/wp\/v2\/media?parent=118376"}],"wp:term":[{"taxonomy":"product_brand","embeddable":true,"href":"https:\/\/totalblue.ro\/fr\/wp-json\/wp\/v2\/product_brand?post=118376"},{"taxonomy":"product_cat","embeddable":true,"href":"https:\/\/totalblue.ro\/fr\/wp-json\/wp\/v2\/product_cat?post=118376"},{"taxonomy":"giftcard-category","embeddable":true,"href":"https:\/\/totalblue.ro\/fr\/wp-json\/wp\/v2\/giftcard-category?post=118376"}],"curies":[{"name":"wp","href":"https:\/\/api.w.org\/{rel}","templated":true}]}}