{"id":124924,"date":"2024-02-14T10:01:27","date_gmt":"2024-02-14T08:01:27","guid":{"rendered":"https:\/\/totalblue.ro\/?post_type=product&#038;p=124924"},"modified":"2025-10-07T14:48:52","modified_gmt":"2025-10-07T11:48:52","slug":"fristi-iaurt-de-baut-0-zahar-adaugat-cu-capsuni-zmeura-si-cirese-6x200ml","status":"publish","type":"product","link":"https:\/\/totalblue.ro\/fr\/produs\/fristi-iaurt-de-baut-0-zahar-adaugat-cu-capsuni-zmeura-si-cirese-6x200ml\/","title":{"rendered":"Fristi iaurt de baut 0% zahar adaugat cu capsuni, zmeura si cirese 6x200ml"},"content":{"rendered":"<p>0% zahar adaugat<br \/>\n0% gr\u0103sime<br \/>\nSursa bogata de calciu.<br \/>\nIngrediente: lapte degresat fermentat, componente lichide din lapte (permeat de zer), apa, suc de fructe din suc concentrat 3% (1% capsuni, 1% zmeura, 1% cirese), fibre alimentare (contine polidextroza si\/sau inulina), stabilizatori: pectin\u0103, guma de guar, fosfat dipotasic \u0219i citrat trisodic, acid: acid lactic, arom\u0103, indulcitori: acesulfam-K, zaharina si sucraloza, colorant: carmin.<br \/>\nAlergeni: contine lapte.<br \/>\nMode d'emploi : agiter avant consommation. A boire de pr\u00e9f\u00e9rence froid.<br \/>\nStockage : Conserver dans un endroit frais (max 7\u00b0C). Produit p\u00e9rissable apr\u00e8s ouverture. Conserver \u00e0 l'abri de la lumi\u00e8re du soleil.<br \/>\nConsommer avant : voir sur l'emballage.<br \/>\nContinut si greutate: 1 litru<br \/>\nValeurs nutritionnelles :<br \/>\nEnergie 105 kJ (25 kcal)<br \/>\nGrasimi 0 g din care garsimi saturate 0 g<br \/>\nGlucide 2.8 g din care zaharuri 2.7 g<br \/>\nProt\u00e9ines 2 g<br \/>\nSel 0,11 g<br \/>\nCalciu 74 mg<\/p>\n<p>Producator: Friesland Campina Consumentenservice: Antwoordnummer 390 3800 VB Amersfoort, The Netherlands<br \/>\nImportateur et distributeur : Total Blue Impex SRL, Bucarest, Roumanie.<\/p>","protected":false},"excerpt":{"rendered":"<p>0% zahar adaugat 0% gr\u0103sime Sursa bogata de calciu. Ingrediente: lapte degresat fermentat, componente lichide din lapte (permeat de zer), apa, suc de fructe din suc concentrat 3% (1% capsuni, 1% zmeura, 1% cirese), fibre alimentare (contine polidextroza si\/sau inulina), stabilizatori: pectin\u0103, guma de guar, fosfat dipotasic \u0219i citrat trisodic, acid: acid lactic, arom\u0103, indulcitori: [&#8230;]\n","protected":false},"featured_media":124930,"comment_status":"open","ping_status":"closed","template":"","meta":{"_acf_changed":false,"_seopress_robots_primary_cat":"none","_seopress_titles_title":"","_seopress_titles_desc":"","_seopress_robots_index":""},"product_brand":[5427],"product_cat":[1555,3288,4226,22112,22100,3304,21826,1767],"giftcard-category":[],"class_list":{"0":"post-124924","1":"product","2":"type-product","3":"status-publish","4":"has-post-thumbnail","6":"product_brand-fristi","7":"product_cat-bacanie","8":"product_cat-branzeturi","9":"product_cat-branzeturi-bacanie","10":"product_cat-fara-zahar-adaugat","11":"product_cat-fara-grasimi","12":"product_cat-mic-dejun-produse-olanda","13":"product_cat-produse-bio-dietetice","14":"product_cat-produse-olanda","16":"first","17":"outofstock","18":"taxable","19":"shipping-taxable","20":"purchasable","21":"product-type-simple"},"acf":[],"_links":{"self":[{"href":"https:\/\/totalblue.ro\/fr\/wp-json\/wp\/v2\/product\/124924","targetHints":{"allow":["GET"]}}],"collection":[{"href":"https:\/\/totalblue.ro\/fr\/wp-json\/wp\/v2\/product"}],"about":[{"href":"https:\/\/totalblue.ro\/fr\/wp-json\/wp\/v2\/types\/product"}],"replies":[{"embeddable":true,"href":"https:\/\/totalblue.ro\/fr\/wp-json\/wp\/v2\/comments?post=124924"}],"wp:featuredmedia":[{"embeddable":true,"href":"https:\/\/totalblue.ro\/fr\/wp-json\/wp\/v2\/media\/124930"}],"wp:attachment":[{"href":"https:\/\/totalblue.ro\/fr\/wp-json\/wp\/v2\/media?parent=124924"}],"wp:term":[{"taxonomy":"product_brand","embeddable":true,"href":"https:\/\/totalblue.ro\/fr\/wp-json\/wp\/v2\/product_brand?post=124924"},{"taxonomy":"product_cat","embeddable":true,"href":"https:\/\/totalblue.ro\/fr\/wp-json\/wp\/v2\/product_cat?post=124924"},{"taxonomy":"giftcard-category","embeddable":true,"href":"https:\/\/totalblue.ro\/fr\/wp-json\/wp\/v2\/giftcard-category?post=124924"}],"curies":[{"name":"wp","href":"https:\/\/api.w.org\/{rel}","templated":true}]}}