{"id":125104,"date":"2024-02-14T15:49:35","date_gmt":"2024-02-14T13:49:35","guid":{"rendered":"https:\/\/totalblue.ro\/?post_type=product&#038;p=125104"},"modified":"2026-03-24T20:31:17","modified_gmt":"2026-03-24T18:31:17","slug":"unox-unguresc-goulash-420-g","status":"publish","type":"product","link":"https:\/\/totalblue.ro\/fr\/produs\/unox-gulas-unguresc-420-g\/","title":{"rendered":"Unox Goulash 420 g"},"content":{"rendered":"<p><strong>Ingr\u00e9dient :<\/strong> Eau, b\u0153uf 27%, poivre 14% (rouge, vert), farine de GRAU, oignon s\u00e9ch\u00e9 2,2%, huile de colza, amidon de ma\u00efs modifi\u00e9, pur\u00e9e de tomates, \u00e9pices (poudre de paprika, coriandre, poivre blanc), sucre, ar\u00f4mes, sel, ar\u00f4me naturel, ail, poudre d'oignon, feuilles de laurier, maltodextrine, exhausteur de go\u00fbt : E621.<br \/>\nInformations sur les allergies<br \/>\nContient : c\u00e9r\u00e9ales contenant du gluten, bl\u00e9<br \/>\n<strong>Valeurs nutritionnelles :<\/strong><br \/>\n\u00c9nergie 415 kj \/ 99 kcal<br \/>\nMati\u00e8res grasses 3,9 g dont 0,9 g satur\u00e9es<br \/>\nGlucides 9,1 g dont sucres 3,9 g<br \/>\nProt\u00e9ines 6,2 g<br \/>\nSel 1,1 g<br \/>\n<strong>Comment se pr\u00e9parer :<\/strong><br \/>\nPo\u00eale : Mettre le contenu dans une po\u00eale. Chauffer en remuant, sans laisser bouillir.<br \/>\nAu micro-ondes : Chauffer dans un plat couvert pendant 4 \u00e0 5 minutes \u00e0 600 watts ou 4 minutes \u00e0 750 watts.<br \/>\nApr\u00e8s ouverture, le contenu peut \u00eatre conserv\u00e9 au r\u00e9frig\u00e9rateur pendant 1 jour.<\/p>\n<p>Unilever Nederland, Unox, Postbus 160 3000 AD Rotterdam, Nederland<br \/>\nImportateur et distributeur Total Blue Impex SRL<\/p>","protected":false},"excerpt":{"rendered":"<p>Ingrediente: Apa, carne de vita 27%, piper 14% (rosu, verde), faina de GRAU, ceapa uscata 2,2%, ulei de rapita, amidon de porumb modificat, piure de rosii, condimente (praf de boia de ardei, coriandru, piper alb), zahar, arome, sare, aroma naturala, usturoi, praf de ceapa, frunze de dafin, maltodextrina, potentiator de aroma: E621. Informatii despre alergii [&#8230;]\n","protected":false},"featured_media":125109,"comment_status":"open","ping_status":"closed","template":"","meta":{"_acf_changed":false,"_seopress_robots_primary_cat":"none","_seopress_titles_title":"","_seopress_titles_desc":"","_seopress_robots_index":""},"product_brand":[1925],"product_cat":[1555,1683,3272,1767],"giftcard-category":[],"class_list":{"0":"post-125104","1":"product","2":"type-product","3":"status-publish","4":"has-post-thumbnail","6":"product_brand-unox","7":"product_cat-bacanie","8":"product_cat-conserve-mancare-gatita","9":"product_cat-conserve","10":"product_cat-produse-olanda","12":"first","13":"instock","14":"taxable","15":"shipping-taxable","16":"purchasable","17":"product-type-simple"},"acf":[],"_links":{"self":[{"href":"https:\/\/totalblue.ro\/fr\/wp-json\/wp\/v2\/product\/125104","targetHints":{"allow":["GET"]}}],"collection":[{"href":"https:\/\/totalblue.ro\/fr\/wp-json\/wp\/v2\/product"}],"about":[{"href":"https:\/\/totalblue.ro\/fr\/wp-json\/wp\/v2\/types\/product"}],"replies":[{"embeddable":true,"href":"https:\/\/totalblue.ro\/fr\/wp-json\/wp\/v2\/comments?post=125104"}],"wp:featuredmedia":[{"embeddable":true,"href":"https:\/\/totalblue.ro\/fr\/wp-json\/wp\/v2\/media\/125109"}],"wp:attachment":[{"href":"https:\/\/totalblue.ro\/fr\/wp-json\/wp\/v2\/media?parent=125104"}],"wp:term":[{"taxonomy":"product_brand","embeddable":true,"href":"https:\/\/totalblue.ro\/fr\/wp-json\/wp\/v2\/product_brand?post=125104"},{"taxonomy":"product_cat","embeddable":true,"href":"https:\/\/totalblue.ro\/fr\/wp-json\/wp\/v2\/product_cat?post=125104"},{"taxonomy":"giftcard-category","embeddable":true,"href":"https:\/\/totalblue.ro\/fr\/wp-json\/wp\/v2\/giftcard-category?post=125104"}],"curies":[{"name":"wp","href":"https:\/\/api.w.org\/{rel}","templated":true}]}}