{"id":125907,"date":"2024-02-16T15:46:34","date_gmt":"2024-02-16T13:46:34","guid":{"rendered":"https:\/\/totalblue.ro\/?post_type=product&#038;p=125907"},"modified":"2025-08-05T10:24:54","modified_gmt":"2025-08-05T07:24:54","slug":"vinaigre-de-vin-rouge-kuhne-6-500-ml","status":"publish","type":"product","link":"https:\/\/totalblue.ro\/fr\/produs\/kuhne-otet-de-vin-rosu-6-500-ml\/","title":{"rendered":"Kuhne Vinaigre de vin rouge 6%, 500 ml"},"content":{"rendered":"<p>Notre sp\u00e9cialit\u00e9, le vinaigre de vin rouge fin, est id\u00e9al pour pr\u00e9parer des salades, des sauces et pour affiner les viandes. Le vin rouge italien original du Pi\u00e9mont et un vieillissement d'au moins six mois garantissent une saveur forte. Acide 6%, issu de l'agriculture biologique.<br \/>\nIngr\u00e9dients : vinaigre de vin rouge, m\u00e9tabisulfite de potassium antioxydant.<br \/>\nIngr\u00e9dients contenant des allerg\u00e8nes<br \/>\nM\u00e9tabisulfite de potassium antioxydant<br \/>\nValeurs nutritionnelles pour 100 ml<br \/>\n\u00c9nergie 110 kJ \/ 26 kcal<br \/>\nMati\u00e8res grasses totales 0 g dont acides gras satur\u00e9s 0 g<br \/>\nGlucides 1,2 g dont sucre 0,0 g<br \/>\nFibre 0,0 g<br \/>\nProt\u00e9ines 0,0 g<br \/>\nSel 0,0 g<\/p>","protected":false},"excerpt":{"rendered":"<p>Specialitatea noastra in otet fin de vin rosu este ideala pentru prepararea de salate, sosuri si pentru rafinarea carnii. Vinul rosu italian original din Piemont si cel putin sase luni de invechire asigura o aroma puternica. 6% acid, derivat organic. Ingrediente: Otet de vin rosu, metabisulfit de potasiu antioxidant Ingrediente care contin alergeni Metabisulfit de [&#8230;]\n","protected":false},"featured_media":125914,"comment_status":"open","ping_status":"closed","template":"","meta":{"_acf_changed":false,"_seopress_robots_primary_cat":"none","_seopress_titles_title":"","_seopress_titles_desc":"","_seopress_robots_index":""},"product_brand":[2002],"product_cat":[1555,22076,22088,3428,3328,21826,1362,1950,1767,21880,22064],"giftcard-category":[],"class_list":{"0":"post-125907","1":"product","2":"type-product","3":"status-publish","4":"has-post-thumbnail","6":"product_brand-kuhne","7":"product_cat-bacanie","8":"product_cat-fara-gluten","9":"product_cat-fara-lactoza","10":"product_cat-paste-orez-ulei-otet-produse-germania","11":"product_cat-paste-orez-ulei-otet","12":"product_cat-produse-bio-dietetice","13":"product_cat-ulei-orez-faina-zahar","14":"product_cat-produse-germania","15":"product_cat-produse-olanda","16":"product_cat-vegan","17":"product_cat-vegetarian","19":"first","20":"outofstock","21":"taxable","22":"shipping-taxable","23":"purchasable","24":"product-type-simple"},"acf":[],"_links":{"self":[{"href":"https:\/\/totalblue.ro\/fr\/wp-json\/wp\/v2\/product\/125907","targetHints":{"allow":["GET"]}}],"collection":[{"href":"https:\/\/totalblue.ro\/fr\/wp-json\/wp\/v2\/product"}],"about":[{"href":"https:\/\/totalblue.ro\/fr\/wp-json\/wp\/v2\/types\/product"}],"replies":[{"embeddable":true,"href":"https:\/\/totalblue.ro\/fr\/wp-json\/wp\/v2\/comments?post=125907"}],"wp:featuredmedia":[{"embeddable":true,"href":"https:\/\/totalblue.ro\/fr\/wp-json\/wp\/v2\/media\/125914"}],"wp:attachment":[{"href":"https:\/\/totalblue.ro\/fr\/wp-json\/wp\/v2\/media?parent=125907"}],"wp:term":[{"taxonomy":"product_brand","embeddable":true,"href":"https:\/\/totalblue.ro\/fr\/wp-json\/wp\/v2\/product_brand?post=125907"},{"taxonomy":"product_cat","embeddable":true,"href":"https:\/\/totalblue.ro\/fr\/wp-json\/wp\/v2\/product_cat?post=125907"},{"taxonomy":"giftcard-category","embeddable":true,"href":"https:\/\/totalblue.ro\/fr\/wp-json\/wp\/v2\/giftcard-category?post=125907"}],"curies":[{"name":"wp","href":"https:\/\/api.w.org\/{rel}","templated":true}]}}