{"id":126006,"date":"2024-02-16T16:13:33","date_gmt":"2024-02-16T14:13:33","guid":{"rendered":"https:\/\/totalblue.ro\/?post_type=product&#038;p=126006"},"modified":"2025-02-01T18:39:49","modified_gmt":"2025-02-01T16:39:49","slug":"hela-ketchup-curry-usor-picant-800-ml","status":"publish","type":"product","link":"https:\/\/totalblue.ro\/fr\/produs\/hela-ketchup-curry-usor-picant-800-ml\/","title":{"rendered":"Hela Ketchup Curry Usor Spicy 800 ml"},"content":{"rendered":"<p><strong>Recommandations : <\/strong>Id\u00e9al pour les frites, les chips et les snacks, les sandwichs chauds ou normaux.<br \/>\nIl peut \u00eatre utilis\u00e9 comme sauce pour diff\u00e9rentes viandes, diff\u00e9rents plats.<strong><br \/>\nIngredinte :<\/strong> suc de rosii(apa de baut, pasta de rosii, otet de rachiu), zahar, dextroza, curry (contine MUSTAR), sare de masa, amidon modificat, agent de ingrosare (guma guar), potentiator de aroma (glutamat monosodic), sirop de zahar caramelizat, acidulant ( acid citric), ierburi. Poate contine urme de telina.<br \/>\nAlergeni: mustar si produse realizate din acesta<br \/>\nAditivi cu potentiatori de aroma<\/p>\n<p>Valeurs nutritionnelles\/100g :<br \/>\nEnergia 573 kj \/ 135 kcal<br \/>\nGrasimi 0,3 g din care acizi grasi saturati 0 g<br \/>\nCarbohidrati 31.5 din care zahar 29 g<br \/>\nProt\u00e9ines 0,8 g<br \/>\nSel 2 g<\/p>\n<p><strong>Conditions de stockage :<\/strong> Apr\u00e8s ouverture, conserver au r\u00e9frig\u00e9rateur (&lt;7\u00b0C). Prot\u00e9ger de la lumi\u00e8re directe du soleil.<\/p>\n<p><strong>\u00a0<\/strong><\/p>\n<div id=\"simple-translate\" class=\"simple-translate-light-theme\">\n<div>\n<div class=\"simple-translate-button isShow\" style=\"height: 22px;width: 22px;top: 38px;left: 17px\"><\/div>\n<div class=\"simple-translate-panel\" style=\"width: 300px;height: 200px;top: 0px;left: 0px;font-size: 13px\">\n<div class=\"simple-translate-result-wrapper\" style=\"overflow: hidden\">\n<div class=\"simple-translate-move\"><\/div>\n<div class=\"simple-translate-result-contents\">\n<p class=\"simple-translate-candidate\" dir=\"auto\">\n<\/div>\n<\/div>\n<\/div>\n<\/div>\n<\/div>","protected":false},"excerpt":{"rendered":"<p>&nbsp;<\/p>\n<div id=\"simple-translate\" class=\"simple-translate-light-theme\">\n<div>\n<div class=\"simple-translate-button isShow\" style=\"height: 22px;width: 22px;top: 98px;left: 307px\"><\/div>\n<div class=\"simple-translate-panel\" style=\"width: 300px;height: 200px;top: 0px;left: 0px;font-size: 13px\">\n<div class=\"simple-translate-result-wrapper\" style=\"overflow: hidden\">\n<div class=\"simple-translate-move\"><\/div>\n<div class=\"simple-translate-result-contents\">\n<p class=\"simple-translate-candidate\" dir=\"auto\">\n<\/div>\n<\/div>\n<\/div>\n<\/div>\n<\/div>","protected":false},"featured_media":126007,"comment_status":"open","ping_status":"closed","template":"","meta":{"_acf_changed":false,"_seopress_robots_primary_cat":"none","_seopress_titles_title":"Ketchup Curry Iute Hela 800 ml, condimente iuti, Ketchup Hela","_seopress_titles_desc":"Comanda online Ketchup Curry Iute Hela 800 ml. Magazin online cu produse ieftine Olanda & Germania: Hela Curry Gew\u00fcrz- Ketchup scharf 800 ml","_seopress_robots_index":""},"product_brand":[2003],"product_cat":[1555,3280,3380,1950,1767],"giftcard-category":[],"class_list":{"0":"post-126006","1":"product","2":"type-product","3":"status-publish","4":"has-post-thumbnail","6":"product_brand-hela","7":"product_cat-bacanie","8":"product_cat-condimente-sosuri","9":"product_cat-condimente-sosuri-produse-germania","10":"product_cat-produse-germania","11":"product_cat-produse-olanda","13":"first","14":"outofstock","15":"taxable","16":"shipping-taxable","17":"purchasable","18":"product-type-simple"},"acf":[],"_links":{"self":[{"href":"https:\/\/totalblue.ro\/fr\/wp-json\/wp\/v2\/product\/126006","targetHints":{"allow":["GET"]}}],"collection":[{"href":"https:\/\/totalblue.ro\/fr\/wp-json\/wp\/v2\/product"}],"about":[{"href":"https:\/\/totalblue.ro\/fr\/wp-json\/wp\/v2\/types\/product"}],"replies":[{"embeddable":true,"href":"https:\/\/totalblue.ro\/fr\/wp-json\/wp\/v2\/comments?post=126006"}],"wp:featuredmedia":[{"embeddable":true,"href":"https:\/\/totalblue.ro\/fr\/wp-json\/wp\/v2\/media\/126007"}],"wp:attachment":[{"href":"https:\/\/totalblue.ro\/fr\/wp-json\/wp\/v2\/media?parent=126006"}],"wp:term":[{"taxonomy":"product_brand","embeddable":true,"href":"https:\/\/totalblue.ro\/fr\/wp-json\/wp\/v2\/product_brand?post=126006"},{"taxonomy":"product_cat","embeddable":true,"href":"https:\/\/totalblue.ro\/fr\/wp-json\/wp\/v2\/product_cat?post=126006"},{"taxonomy":"giftcard-category","embeddable":true,"href":"https:\/\/totalblue.ro\/fr\/wp-json\/wp\/v2\/giftcard-category?post=126006"}],"curies":[{"name":"wp","href":"https:\/\/api.w.org\/{rel}","templated":true}]}}