{"id":128549,"date":"2024-02-19T16:30:54","date_gmt":"2024-02-19T14:30:54","guid":{"rendered":"https:\/\/totalblue.ro\/?post_type=product&#038;p=128549"},"modified":"2026-03-16T10:28:40","modified_gmt":"2026-03-16T08:28:40","slug":"maggi-5-minute-piure-de-cartofi-cu-mazare-si-morcovi-43g-import-germania","status":"publish","type":"product","link":"https:\/\/totalblue.ro\/fr\/produs\/maggi-5-minute-piure-de-cartofi-cu-mazare-si-morcovi-43g-import-germania\/","title":{"rendered":"MAGGI Pur\u00e9e de pommes de terre 5 minutes avec petits pois et carottes 43g, import\u00e9 d'Allemagne"},"content":{"rendered":"<p>Ingrediente :\u00a057,3% cartofi, ulei de floarea soarelui, amidon, 3,5% morcovi, 3,5% maz\u0103re, LACTOZ\u0102, extract de drojdie, condimente (ceap\u0103, usturoi, turmeric), sare iodat\u0103 (sare, iodat de potasiu), chives, PROTEINE DIN LAPTE, arome, sare, acidifiant acid citric.<br \/>\nValeurs nutritionnelles \/ 100 g :<br \/>\nEnergie 330 kJ \/ 178 kcal<br \/>\nGr\u0103simi 3 g din care acizi gra\u0219i satura\u021bi 0.3 g<br \/>\nGlucide 10.3 g din care zaharuri 1.2 g<br \/>\nFibre 1.3 g<br \/>\nAlbus de ou 1.7 g<br \/>\nSare 0.73 g<br \/>\nPentru a pregati piureul de cartofi, pur si simplu adaugati apa clocotita in cana pana la linia de umplere.<br \/>\nAmestecati totul bine imediat, apoi lasati piureul de cartofi sa stea timp de 5 minute.<br \/>\nSe amesteca din cand in cand. Gustarea delicioasa din cartofi este gata. Bucura-te de masa ta!<\/p>\n<p>&nbsp;<\/p>","protected":false},"excerpt":{"rendered":"<p>Ingrediente :\u00a057,3% cartofi, ulei de floarea soarelui, amidon, 3,5% morcovi, 3,5% maz\u0103re, LACTOZ\u0102, extract de drojdie, condimente (ceap\u0103, usturoi, turmeric), sare iodat\u0103 (sare, iodat de potasiu), chives, PROTEINE DIN LAPTE, arome, sare, acidifiant acid citric. Valori nutritionale \/ 100 g: Energie 330 kJ \/ 178 kcal Gr\u0103simi 3 g din care acizi gra\u0219i satura\u021bi 0.3 [&#8230;]\n","protected":false},"featured_media":128559,"comment_status":"open","ping_status":"closed","template":"","meta":{"_acf_changed":false,"_seopress_robots_primary_cat":"1950","_seopress_titles_title":"","_seopress_titles_desc":"Comanda acum cu livrare rapida pana la usa ta Knorr Kartoffel Snack mit Speck und Zwiebeln -Knorr Snack de cartofi, bacon si ceapa 58 g","_seopress_robots_index":""},"product_brand":[1869],"product_cat":[1555,1683,3372,17494,21594,3428,21826,1950,1954,22064],"giftcard-category":[],"class_list":{"0":"post-128549","1":"product","2":"type-product","3":"status-publish","4":"has-post-thumbnail","6":"product_brand-maggi","7":"product_cat-bacanie","8":"product_cat-conserve-mancare-gatita","9":"product_cat-conserve-produse-germania","10":"product_cat-influente-asiatice","11":"product_cat-noodles-supe-instant","12":"product_cat-paste-orez-ulei-otet-produse-germania","13":"product_cat-produse-bio-dietetice","14":"product_cat-produse-germania","15":"product_cat-semipreparate","16":"product_cat-vegetarian","18":"first","19":"outofstock","20":"taxable","21":"shipping-taxable","22":"purchasable","23":"product-type-simple"},"acf":[],"_links":{"self":[{"href":"https:\/\/totalblue.ro\/fr\/wp-json\/wp\/v2\/product\/128549","targetHints":{"allow":["GET"]}}],"collection":[{"href":"https:\/\/totalblue.ro\/fr\/wp-json\/wp\/v2\/product"}],"about":[{"href":"https:\/\/totalblue.ro\/fr\/wp-json\/wp\/v2\/types\/product"}],"replies":[{"embeddable":true,"href":"https:\/\/totalblue.ro\/fr\/wp-json\/wp\/v2\/comments?post=128549"}],"wp:featuredmedia":[{"embeddable":true,"href":"https:\/\/totalblue.ro\/fr\/wp-json\/wp\/v2\/media\/128559"}],"wp:attachment":[{"href":"https:\/\/totalblue.ro\/fr\/wp-json\/wp\/v2\/media?parent=128549"}],"wp:term":[{"taxonomy":"product_brand","embeddable":true,"href":"https:\/\/totalblue.ro\/fr\/wp-json\/wp\/v2\/product_brand?post=128549"},{"taxonomy":"product_cat","embeddable":true,"href":"https:\/\/totalblue.ro\/fr\/wp-json\/wp\/v2\/product_cat?post=128549"},{"taxonomy":"giftcard-category","embeddable":true,"href":"https:\/\/totalblue.ro\/fr\/wp-json\/wp\/v2\/giftcard-category?post=128549"}],"curies":[{"name":"wp","href":"https:\/\/api.w.org\/{rel}","templated":true}]}}