{"id":129192,"date":"2024-02-20T14:00:58","date_gmt":"2024-02-20T12:00:58","guid":{"rendered":"https:\/\/totalblue.ro\/?post_type=product&#038;p=129192"},"modified":"2025-11-23T19:26:09","modified_gmt":"2025-11-23T17:26:09","slug":"maggi-sos-pentru-friptura-3x250ml-import-germania","status":"publish","type":"product","link":"https:\/\/totalblue.ro\/fr\/produs\/maggi-sos-pentru-friptura-3x250ml-import-germania\/","title":{"rendered":"Maggi Steak sauce 3x250ml, import\u00e9 d'Allemagne"},"content":{"rendered":"<p><strong>Pr\u00e9paration :<\/strong> Pour le pr\u00e9parer, il suffit de m\u00e9langer le contenu d'un sachet dans 250 ml d'eau bouillante (non bouillante) \u00e0 l'aide d'un chiffon. Porter la sauce \u00e0 \u00e9bullition et laisser mijoter pendant 1 minute. Remuer de temps en temps. Affinez comme vous le souhaitez.<\/p>\n<p>Ingrediente: FAINA DE GRAU, maltodextrina, sare iodata (sare, iodat de potasiu), grasime de palmier, zahar, extract de drojdie, arome (cu GRAU, ORZ), zahar caramel, guma de guar, amidon, faina de orez, condimente, acidifiant citric acid. Poate contine telina, oua, lapte, mustar si soia.<br \/>\nINFORMATII ALERGENI: Gluten, Grau.<br \/>\nValeurs nutritionnelles\/100g :<br \/>\n\u00c9nergie 107 kJ \/ 25 kcal<br \/>\nGrasime 0.1 g din care acizi grasi saturati 0,1 g<br \/>\nCarbohidrati 5,3 g din care zahar 0.7 g<br \/>\nFibre &lt; 0.5 g<br \/>\nProt\u00e9ines 0,6 g<br \/>\nSel 1,3 g<\/p>","protected":false},"excerpt":{"rendered":"<p>Mod de preparare: Pentru a-l pregati, amestecati pur \u0219i simplu continutul unui singur pachet in 250 ml apa fierbinte ( fara fierbere ) cu un tel. Aduce\u021bi sosul la fiert si fierbeti 1 minut. Amestecati din cand in cand. Rafinati dupa cum dori\u021bi. Ingrediente: FAINA DE GRAU, maltodextrina, sare iodata (sare, iodat de potasiu), grasime [&#8230;]\n","protected":false},"featured_media":129198,"comment_status":"open","ping_status":"closed","template":"","meta":{"_acf_changed":false,"_seopress_robots_primary_cat":"none","_seopress_titles_title":"","_seopress_titles_desc":"","_seopress_robots_index":""},"product_brand":[1869],"product_cat":[1555,1451,3380,1950],"giftcard-category":[],"class_list":{"0":"post-129192","1":"product","2":"type-product","3":"status-publish","4":"has-post-thumbnail","6":"product_brand-maggi","7":"product_cat-bacanie","8":"product_cat-condimente-produse-instant","9":"product_cat-condimente-sosuri-produse-germania","10":"product_cat-produse-germania","12":"first","13":"outofstock","14":"taxable","15":"shipping-taxable","16":"purchasable","17":"product-type-simple"},"acf":[],"_links":{"self":[{"href":"https:\/\/totalblue.ro\/fr\/wp-json\/wp\/v2\/product\/129192","targetHints":{"allow":["GET"]}}],"collection":[{"href":"https:\/\/totalblue.ro\/fr\/wp-json\/wp\/v2\/product"}],"about":[{"href":"https:\/\/totalblue.ro\/fr\/wp-json\/wp\/v2\/types\/product"}],"replies":[{"embeddable":true,"href":"https:\/\/totalblue.ro\/fr\/wp-json\/wp\/v2\/comments?post=129192"}],"wp:featuredmedia":[{"embeddable":true,"href":"https:\/\/totalblue.ro\/fr\/wp-json\/wp\/v2\/media\/129198"}],"wp:attachment":[{"href":"https:\/\/totalblue.ro\/fr\/wp-json\/wp\/v2\/media?parent=129192"}],"wp:term":[{"taxonomy":"product_brand","embeddable":true,"href":"https:\/\/totalblue.ro\/fr\/wp-json\/wp\/v2\/product_brand?post=129192"},{"taxonomy":"product_cat","embeddable":true,"href":"https:\/\/totalblue.ro\/fr\/wp-json\/wp\/v2\/product_cat?post=129192"},{"taxonomy":"giftcard-category","embeddable":true,"href":"https:\/\/totalblue.ro\/fr\/wp-json\/wp\/v2\/giftcard-category?post=129192"}],"curies":[{"name":"wp","href":"https:\/\/api.w.org\/{rel}","templated":true}]}}