{"id":129205,"date":"2024-02-20T14:08:41","date_gmt":"2024-02-20T12:08:41","guid":{"rendered":"https:\/\/totalblue.ro\/?post_type=product&#038;p=129205"},"modified":"2025-10-22T18:46:22","modified_gmt":"2025-10-22T15:46:22","slug":"maggi-sauce-delicate-pour-steak-3x250ml-import-allemagne","status":"publish","type":"product","link":"https:\/\/totalblue.ro\/fr\/produs\/maggi-sos-delicat-pentru-friptura-3x250ml-import-germania\/","title":{"rendered":"Maggi Delicate steak sauce 3x250ml, import\u00e9 d'Allemagne"},"content":{"rendered":"<p><strong>Pr\u00e9paration :<\/strong> Pour le pr\u00e9parer, il suffit de m\u00e9langer le contenu d'un sachet dans 250 ml d'eau bouillante (non bouillante) \u00e0 l'aide d'un chiffon. Porter la sauce \u00e0 \u00e9bullition et laisser mijoter pendant 1 minute. Remuer de temps en temps. Affinez comme vous le souhaitez.<\/p>\n<p>Ingr\u00e9dients : sel iod\u00e9 (sel, iodate de potassium), farine de riz, amidon, graisse de palme, ar\u00f4mes (avec ORZ), farine de bl\u00e9, extrait de levure, sucre de caramel, sucre, poudre de tomate 3,5%, \u00e9paississant \u00e0 base de gomme de guar, \u00e9pices, oignon 2,4 %, maltodextrine, acide citrique, acide citrique Peut contenir du c\u00e9leri, des \u0153ufs, du lait, de la moutarde et du soja.<br \/>\nINFORMATIONS RELATIVES AUX ALLERG\u00c8NES : Gluten, bl\u00e9<br \/>\nValeurs nutritionnelles\/100g :<br \/>\n\u00c9nergie 107 kJ \/ 25 kcal<br \/>\nMati\u00e8res grasses 0,2 g dont acides gras satur\u00e9s 0,1 g<br \/>\nGlucides 5,1 g dont sucre 1,1 g<br \/>\nFibres 0,5 g<br \/>\nProt\u00e9ines 0,8 g<br \/>\nSel 1,3 g<\/p>","protected":false},"excerpt":{"rendered":"<p>Mod de preparare: Pentru a-l pregati, amestecati pur \u0219i simplu continutul unui singur pachet in 250 ml apa fierbinte ( fara fierbere ) cu un tel. Aduce\u021bi sosul la fiert si fierbeti 1 minut. Amestecati din cand in cand. Rafinati dupa cum dori\u021bi. Ingrediente: sare iodata (sare, iodat de potasiu), faina de orez, amidon, grasime [&#8230;]\n","protected":false},"featured_media":129211,"comment_status":"open","ping_status":"closed","template":"","meta":{"_acf_changed":false,"_seopress_robots_primary_cat":"none","_seopress_titles_title":"","_seopress_titles_desc":"","_seopress_robots_index":""},"product_brand":[1869],"product_cat":[1555,3380,1451,1950],"giftcard-category":[],"class_list":{"0":"post-129205","1":"product","2":"type-product","3":"status-publish","4":"has-post-thumbnail","6":"product_brand-maggi","7":"product_cat-bacanie","8":"product_cat-condimente-sosuri-produse-germania","9":"product_cat-condimente-produse-instant","10":"product_cat-produse-germania","12":"first","13":"outofstock","14":"taxable","15":"shipping-taxable","16":"purchasable","17":"product-type-simple"},"acf":[],"_links":{"self":[{"href":"https:\/\/totalblue.ro\/fr\/wp-json\/wp\/v2\/product\/129205","targetHints":{"allow":["GET"]}}],"collection":[{"href":"https:\/\/totalblue.ro\/fr\/wp-json\/wp\/v2\/product"}],"about":[{"href":"https:\/\/totalblue.ro\/fr\/wp-json\/wp\/v2\/types\/product"}],"replies":[{"embeddable":true,"href":"https:\/\/totalblue.ro\/fr\/wp-json\/wp\/v2\/comments?post=129205"}],"wp:featuredmedia":[{"embeddable":true,"href":"https:\/\/totalblue.ro\/fr\/wp-json\/wp\/v2\/media\/129211"}],"wp:attachment":[{"href":"https:\/\/totalblue.ro\/fr\/wp-json\/wp\/v2\/media?parent=129205"}],"wp:term":[{"taxonomy":"product_brand","embeddable":true,"href":"https:\/\/totalblue.ro\/fr\/wp-json\/wp\/v2\/product_brand?post=129205"},{"taxonomy":"product_cat","embeddable":true,"href":"https:\/\/totalblue.ro\/fr\/wp-json\/wp\/v2\/product_cat?post=129205"},{"taxonomy":"giftcard-category","embeddable":true,"href":"https:\/\/totalblue.ro\/fr\/wp-json\/wp\/v2\/giftcard-category?post=129205"}],"curies":[{"name":"wp","href":"https:\/\/api.w.org\/{rel}","templated":true}]}}