{"id":129234,"date":"2024-02-20T14:29:51","date_gmt":"2024-02-20T12:29:51","guid":{"rendered":"https:\/\/totalblue.ro\/?post_type=product&#038;p=129234"},"modified":"2025-08-12T10:59:50","modified_gmt":"2025-08-12T07:59:50","slug":"yum-yum-noodles-aroma-pui-70g-import-germania","status":"publish","type":"product","link":"https:\/\/totalblue.ro\/fr\/produs\/yum-yum-noodles-aroma-pui-70g-import-germania\/","title":{"rendered":"Yum Yum Noodles aroma pui 70g, import Germania"},"content":{"rendered":"<p>Ingr\u00e9dient : <span class=\"HwtZe\" lang=\"ro\"><span class=\"jCAhz ChMk0b\"><span class=\"ryNqvb\">F\u0103in\u0103 de gr\u00e2u, Ulei de palmier (con\u021bine, Antioxidant: Tocoferol E306), Sare, Morcovi, 3,6%, Amidon de tapioca, Usturoi, 1,4%, Porumb, 0,7%, Arom\u0103, Ceap\u0103 prim\u0103var\u0103, 0,5%, Potentiator de arom\u0103: Glutamat monosodic E621, Arom\u0103<\/span><\/span> <span class=\"jCAhz ChMk0b\"><span class=\"ryNqvb\">amplificator: 5&#8242;-ribonucleotida disodica E635, ardei iute, 0,4%, zahar, piper, 0,1%, amidon de porumb, agent de ingrosare: carboximetilceluloza de sodiu E466, extract de drojdie, regulator de aciditate: acid malic E296, colorant: amoniac, extract de drojdie caramel E150<\/span><\/span><\/span><\/p>\n<p>Mod de preparare \/ Mod de utilizare: Adauga apa fierbinte si dupa 3 minute te poti bucura de aceasta supa delicioasa cu taitei.<br \/>\nPuiul Yum Yum este o supa thailandeza gustoasa cu taitei instant cu aroma de pui, care trebuie imbogatita dupa gust cu piper, condimente si ulei.<br \/>\nInformatiile nutritionale pe 100 ml contin<br \/>\nEnergie 403 kJ (96 kcal)<br \/>\nGrasimi 3.9 g din care saturate 1.7 g<br \/>\nCarbohidrati 13 g din care zaharuri 0.7 g<br \/>\nProt\u00e9ines 1,8 g<br \/>\nSel 1,1 g<br \/>\nA se pastra intr-un loc racoros \u0219i uscat.<\/p>\n<p>Importateur : Total Blue Impex SRL<\/p>","protected":false},"excerpt":{"rendered":"<p>Ingrediente : F\u0103in\u0103 de gr\u00e2u, Ulei de palmier (con\u021bine, Antioxidant: Tocoferol E306), Sare, Morcovi, 3,6%, Amidon de tapioca, Usturoi, 1,4%, Porumb, 0,7%, Arom\u0103, Ceap\u0103 prim\u0103var\u0103, 0,5%, Potentiator de arom\u0103: Glutamat monosodic E621, Arom\u0103 amplificator: 5&#8242;-ribonucleotida disodica E635, ardei iute, 0,4%, zahar, piper, 0,1%, amidon de porumb, agent de ingrosare: carboximetilceluloza de sodiu E466, extract de [&#8230;]\n","protected":false},"featured_media":129240,"comment_status":"open","ping_status":"closed","template":"","meta":{"_acf_changed":false,"_seopress_robots_primary_cat":"1950","_seopress_titles_title":"","_seopress_titles_desc":"","_seopress_robots_index":""},"product_brand":[22881],"product_cat":[1555,1683,3372,17494,21594,3428,1950,1954],"giftcard-category":[],"class_list":{"0":"post-129234","1":"product","2":"type-product","3":"status-publish","4":"has-post-thumbnail","6":"product_brand-yum-yum","7":"product_cat-bacanie","8":"product_cat-conserve-mancare-gatita","9":"product_cat-conserve-produse-germania","10":"product_cat-influente-asiatice","11":"product_cat-noodles-supe-instant","12":"product_cat-paste-orez-ulei-otet-produse-germania","13":"product_cat-produse-germania","14":"product_cat-semipreparate","16":"first","17":"outofstock","18":"taxable","19":"shipping-taxable","20":"purchasable","21":"product-type-simple"},"acf":[],"_links":{"self":[{"href":"https:\/\/totalblue.ro\/fr\/wp-json\/wp\/v2\/product\/129234","targetHints":{"allow":["GET"]}}],"collection":[{"href":"https:\/\/totalblue.ro\/fr\/wp-json\/wp\/v2\/product"}],"about":[{"href":"https:\/\/totalblue.ro\/fr\/wp-json\/wp\/v2\/types\/product"}],"replies":[{"embeddable":true,"href":"https:\/\/totalblue.ro\/fr\/wp-json\/wp\/v2\/comments?post=129234"}],"wp:featuredmedia":[{"embeddable":true,"href":"https:\/\/totalblue.ro\/fr\/wp-json\/wp\/v2\/media\/129240"}],"wp:attachment":[{"href":"https:\/\/totalblue.ro\/fr\/wp-json\/wp\/v2\/media?parent=129234"}],"wp:term":[{"taxonomy":"product_brand","embeddable":true,"href":"https:\/\/totalblue.ro\/fr\/wp-json\/wp\/v2\/product_brand?post=129234"},{"taxonomy":"product_cat","embeddable":true,"href":"https:\/\/totalblue.ro\/fr\/wp-json\/wp\/v2\/product_cat?post=129234"},{"taxonomy":"giftcard-category","embeddable":true,"href":"https:\/\/totalblue.ro\/fr\/wp-json\/wp\/v2\/giftcard-category?post=129234"}],"curies":[{"name":"wp","href":"https:\/\/api.w.org\/{rel}","templated":true}]}}