{"id":129812,"date":"2024-02-21T11:04:51","date_gmt":"2024-02-21T09:04:51","guid":{"rendered":"https:\/\/totalblue.ro\/?post_type=product&#038;p=129812"},"modified":"2025-08-04T12:55:18","modified_gmt":"2025-08-04T09:55:18","slug":"gwoon-supa-instant-de-pui-3-x-12-g-2","status":"publish","type":"product","link":"https:\/\/totalblue.ro\/fr\/produs\/gwoon-supa-instant-de-pui-3-x-12-g-2\/","title":{"rendered":"G'woon Soupe instantan\u00e9e de poulet 3 x 12 g"},"content":{"rendered":"<p>G'woon Soupe instantan\u00e9e de poulet 3 x 12 g<br \/>\n<span class=\"HwtZe\" lang=\"ro\"><span class=\"jCAhz JxVs2d ChMk0b\"><span class=\"ryNqvb\">Ingrediente: 24% t\u0103i\u021bei (f\u0103in\u0103 de GRAU, ap\u0103, sare), maltodextrin\u0103, amidon de cartofi, clorur\u0103 de potasiu, arom\u0103 natural\u0103, sare, buc\u0103\u021bi de morcov, extract de drojdie, zah\u0103r, 2% carne de pui fiart\u0103, 1% gr\u0103sime de pui (gr\u0103sime de pui, antioxidant : E392), praf de ceapa, ulei de floarea soarelui, condimente (turmeric, buzdugan), granule de praz, patrunjel, antiaglomerant: E551.<\/span><\/span> <span class=\"jCAhz JxVs2d ChMk0b\"><span class=\"ryNqvb\">Poate con\u021bine ou\u0103, lapte, \u021belin\u0103 \u0219i mu\u0219tar.<\/span><\/span><\/span><br \/>\nValeurs nutritionnelles \/ 100 g :<br \/>\nEnergie 1305 kJ (308 kcal)<br \/>\nGrasimi 2.6 g din care grasimi saturate 0.6 g<br \/>\nGlucide 62.3 g din care zaharuri 7.5 g<br \/>\nFibre alimentare 2.6 g<br \/>\nProteine \u200b\u200b7.6 g<br \/>\nSare 9.69 g<\/p>\n<p>Pr\u00e9paration :<br \/>\n1. Turnati continutul unui plic de supa instant intr-o cana.<br \/>\n2. Ajouter 175 ml d'eau bouillie \u00e0 100\u00b0C et laisser reposer pendant 1 minute.<br \/>\n3) Pr\u00eat \u00e0 boire !<\/p>\n<p>Remarque : la tasse peut \u00eatre chaude ! La soupe peut \u00eatre chaude !<\/p>\n<p>&nbsp;<\/p>\n<p>&nbsp;<\/p>","protected":false},"excerpt":{"rendered":"<p>G&#8217;woon Supa instant de pui 3 x 12 g Ingrediente: 24% t\u0103i\u021bei (f\u0103in\u0103 de GRAU, ap\u0103, sare), maltodextrin\u0103, amidon de cartofi, clorur\u0103 de potasiu, arom\u0103 natural\u0103, sare, buc\u0103\u021bi de morcov, extract de drojdie, zah\u0103r, 2% carne de pui fiart\u0103, 1% gr\u0103sime de pui (gr\u0103sime de pui, antioxidant : E392), praf de ceapa, ulei de floarea [&#8230;]\n","protected":false},"featured_media":129818,"comment_status":"open","ping_status":"closed","template":"","meta":{"_acf_changed":false,"_seopress_robots_primary_cat":"none","_seopress_titles_title":"G'woon Supa instant de pui 3 x 12 g","_seopress_titles_desc":"Cumpara online supa de legume, supe legume, ciorbe legume, supe olandeze legume. Magazin online supe si produse olandeze cu livrare rapida.","_seopress_robots_index":""},"product_brand":[1971],"product_cat":[1555,1683,3272,17494,21594,1362,1767],"giftcard-category":[],"class_list":{"0":"post-129812","1":"product","2":"type-product","3":"status-publish","4":"has-post-thumbnail","6":"product_brand-gwoon","7":"product_cat-bacanie","8":"product_cat-conserve-mancare-gatita","9":"product_cat-conserve","10":"product_cat-influente-asiatice","11":"product_cat-noodles-supe-instant","12":"product_cat-ulei-orez-faina-zahar","13":"product_cat-produse-olanda","15":"first","16":"outofstock","17":"taxable","18":"shipping-taxable","19":"purchasable","20":"product-type-simple"},"acf":[],"_links":{"self":[{"href":"https:\/\/totalblue.ro\/fr\/wp-json\/wp\/v2\/product\/129812","targetHints":{"allow":["GET"]}}],"collection":[{"href":"https:\/\/totalblue.ro\/fr\/wp-json\/wp\/v2\/product"}],"about":[{"href":"https:\/\/totalblue.ro\/fr\/wp-json\/wp\/v2\/types\/product"}],"replies":[{"embeddable":true,"href":"https:\/\/totalblue.ro\/fr\/wp-json\/wp\/v2\/comments?post=129812"}],"wp:featuredmedia":[{"embeddable":true,"href":"https:\/\/totalblue.ro\/fr\/wp-json\/wp\/v2\/media\/129818"}],"wp:attachment":[{"href":"https:\/\/totalblue.ro\/fr\/wp-json\/wp\/v2\/media?parent=129812"}],"wp:term":[{"taxonomy":"product_brand","embeddable":true,"href":"https:\/\/totalblue.ro\/fr\/wp-json\/wp\/v2\/product_brand?post=129812"},{"taxonomy":"product_cat","embeddable":true,"href":"https:\/\/totalblue.ro\/fr\/wp-json\/wp\/v2\/product_cat?post=129812"},{"taxonomy":"giftcard-category","embeddable":true,"href":"https:\/\/totalblue.ro\/fr\/wp-json\/wp\/v2\/giftcard-category?post=129812"}],"curies":[{"name":"wp","href":"https:\/\/api.w.org\/{rel}","templated":true}]}}