{"id":129939,"date":"2024-02-21T11:20:57","date_gmt":"2024-02-21T09:20:57","guid":{"rendered":"https:\/\/totalblue.ro\/?post_type=product&#038;p=129939"},"modified":"2025-08-04T12:55:08","modified_gmt":"2025-08-04T09:55:08","slug":"gwoon-supa-instant-de-legume-3-x-16-g","status":"publish","type":"product","link":"https:\/\/totalblue.ro\/fr\/produs\/gwoon-supa-instant-de-legume-3-x-16-g\/","title":{"rendered":"G'woon Soupe instantan\u00e9e de l\u00e9gumes 3 x 16 g"},"content":{"rendered":"<p><span class=\"HwtZe\" lang=\"ro\"><span class=\"jCAhz JxVs2d ChMk0b\"><span class=\"ryNqvb\">Ingrediente: sirop de glucoza uscat, 17% taitei (faina de GRAU, apa, sare), 11% crutoane (faina de GRAU, ulei de palmier, sare, drojdie, antioxidant: E392), amidon de cartofi, zahar, proteine \u200b\u200bvegetale hidrolizate (proteine \u200b\u200bvegetale hidrolizate ( floarea soarelui, porumb, rapi\u021b\u0103), sare), sare, 5% morcov (buc\u0103\u021bi de morcov, morcov pudr\u0103), 4% praz (praz praz, granule de praz), 4% ceap\u0103 pudr\u0103, PROTEIN\u0102 DE SOIA hidrolizat\u0103, 0,8% maz\u0103re, 0,8 PUDR\u0102 DE \u021aELIN\u0102, ulei de floarea soarelui, p\u0103trunjel, turmeric, antiaglomerant: E551, arom\u0103 natural\u0103 de ceap\u0103, acid alimentar: E330, spanac 0,1% pudr\u0103.<\/span><\/span> <span class=\"jCAhz JxVs2d ChMk0b\"><span class=\"ryNqvb\">Poate contine OU, LAPTE si MUSTAR.<br \/>\nValeurs nutritionnelles \/ 100 g :<br \/>\nEnergie 1498 kJ (355 kcal)<br \/>\nGrasimi 6.2 g din care grasimi saturate 2.5 g<br \/>\nGlucide 64.2 g din care zaharuri 16.1 g<br \/>\nFibre alimentare 4.3 g<br \/>\nProteine \u200b\u200b8.4 g<br \/>\nSare 10.33 g<\/span><\/span><\/span><\/p>\n<p>Pr\u00e9paration :<br \/>\n1. Turnati continutul unui plic de supa intr-o cana.<br \/>\n2. Ajouter 175 ml d'eau bouillie \u00e0 100\u00b0C et laisser reposer pendant 1 minute.<br \/>\n3) Pr\u00eat \u00e0 boire !<\/p>\n<p>Remarque : la tasse peut \u00eatre chaude ! La soupe peut \u00eatre chaude !<\/p>\n<p>&nbsp;<\/p>\n<p><a href=\"https:\/\/totalblue.ro\/wp-content\/uploads\/2021\/02\/vegetarian.jpeg\"><img loading=\"lazy\" decoding=\"async\" class=\"alignnone wp-image-27413\" src=\"https:\/\/totalblue.ro\/wp-content\/uploads\/2021\/02\/vegetarian.jpeg\" alt=\"\" width=\"100\" height=\"100\" srcset=\"https:\/\/totalblue.ro\/wp-content\/uploads\/2021\/02\/vegetarian.jpeg 225w, https:\/\/totalblue.ro\/wp-content\/uploads\/2021\/02\/vegetarian-100x100.jpeg 100w\" sizes=\"auto, (max-width: 100px) 100vw, 100px\" \/><\/a><\/p>","protected":false},"excerpt":{"rendered":"<p>Ingrediente: sirop de glucoza uscat, 17% taitei (faina de GRAU, apa, sare), 11% crutoane (faina de GRAU, ulei de palmier, sare, drojdie, antioxidant: E392), amidon de cartofi, zahar, proteine \u200b\u200bvegetale hidrolizate (proteine \u200b\u200bvegetale hidrolizate ( floarea soarelui, porumb, rapi\u021b\u0103), sare), sare, 5% morcov (buc\u0103\u021bi de morcov, morcov pudr\u0103), 4% praz (praz praz, granule de praz), [&#8230;]\n","protected":false},"featured_media":129945,"comment_status":"open","ping_status":"closed","template":"","meta":{"_acf_changed":false,"_seopress_robots_primary_cat":"none","_seopress_titles_title":"","_seopress_titles_desc":"Cumpara online supa de legume, supe legume, ciorbe legume, supe olandeze legume. Magazin online supe si produse olandeze cu livrare rapida.","_seopress_robots_index":""},"product_brand":[1971],"product_cat":[1555,1683,3272,17494,21594,21826,1362,1767,21880,22064],"giftcard-category":[],"class_list":{"0":"post-129939","1":"product","2":"type-product","3":"status-publish","4":"has-post-thumbnail","6":"product_brand-gwoon","7":"product_cat-bacanie","8":"product_cat-conserve-mancare-gatita","9":"product_cat-conserve","10":"product_cat-influente-asiatice","11":"product_cat-noodles-supe-instant","12":"product_cat-produse-bio-dietetice","13":"product_cat-ulei-orez-faina-zahar","14":"product_cat-produse-olanda","15":"product_cat-vegan","16":"product_cat-vegetarian","18":"first","19":"outofstock","20":"taxable","21":"shipping-taxable","22":"purchasable","23":"product-type-simple"},"acf":[],"_links":{"self":[{"href":"https:\/\/totalblue.ro\/fr\/wp-json\/wp\/v2\/product\/129939","targetHints":{"allow":["GET"]}}],"collection":[{"href":"https:\/\/totalblue.ro\/fr\/wp-json\/wp\/v2\/product"}],"about":[{"href":"https:\/\/totalblue.ro\/fr\/wp-json\/wp\/v2\/types\/product"}],"replies":[{"embeddable":true,"href":"https:\/\/totalblue.ro\/fr\/wp-json\/wp\/v2\/comments?post=129939"}],"wp:featuredmedia":[{"embeddable":true,"href":"https:\/\/totalblue.ro\/fr\/wp-json\/wp\/v2\/media\/129945"}],"wp:attachment":[{"href":"https:\/\/totalblue.ro\/fr\/wp-json\/wp\/v2\/media?parent=129939"}],"wp:term":[{"taxonomy":"product_brand","embeddable":true,"href":"https:\/\/totalblue.ro\/fr\/wp-json\/wp\/v2\/product_brand?post=129939"},{"taxonomy":"product_cat","embeddable":true,"href":"https:\/\/totalblue.ro\/fr\/wp-json\/wp\/v2\/product_cat?post=129939"},{"taxonomy":"giftcard-category","embeddable":true,"href":"https:\/\/totalblue.ro\/fr\/wp-json\/wp\/v2\/giftcard-category?post=129939"}],"curies":[{"name":"wp","href":"https:\/\/api.w.org\/{rel}","templated":true}]}}