{"id":130275,"date":"2024-02-21T13:03:28","date_gmt":"2024-02-21T11:03:28","guid":{"rendered":"https:\/\/totalblue.ro\/?post_type=product&#038;p=130275"},"modified":"2025-08-12T10:13:11","modified_gmt":"2025-08-12T07:13:11","slug":"nissin-soba-noodles-pui-yakitori-90g","status":"publish","type":"product","link":"https:\/\/totalblue.ro\/fr\/produs\/nissin-soba-noodles-pui-yakitori-90g\/","title":{"rendered":"Nissin Soba Noodles Pui Yakitori 90g"},"content":{"rendered":"<p><strong>Preparare:<\/strong> Taiteii Nissin se pregatesc rapid, pur si simplu se toarna apa clocotita in cana pana la linia de umplere, se lasa 3 minute la infuzat, se scurge lichidul prin orificiile din capac, se pune sosul &#8211; gata!<\/p>\n<p>Nissin Cup Noodles Soba Yakitori Chicken sunt rafinati de un sos de condimente delicioase, bucati delicioase de carne de pui si ceapa verde la gratar &#8211; o adevarata experienta de gust!<\/p>\n<p><span class=\"vtex-product-specifications-1-x-specificationValue vtex-product-specifications-1-x-specificationValue--first vtex-product-specifications-1-x-specificationValue--last\" data-specification-group=\"Informatii Generale\" data-specification-name=\"Ingrediente\" data-specification-value=\"Taitei 72.3% (faina de GRAU, ulei de palmier, sare, potentiator de aroma: E621, agent de tratare a fainii, E500, E451), antioxidant E306, corector de aciditate: acid citric). Sos de asezonare 19.9% (zahar, apa, ulei de rapita, sos SOIA (apa, pastai de SOIA, sare, GRAU), potentioatori de aroma: E621, E635, colorant: E150c, dextroza, melasa, otet, sare, condimente, proteine vegetale hidrolizate, pudra de rosii, corector de aciditate: acid citric, aroma), varza, pui cuburi.\">Ingrediente: paste 72,2% [faina de GRAU, ulei de palmier, sare, potentiator de aroma E621, agent de tratare a fainii (E500, E451), antioxidant E306, regulator de aciditate: acid citric], sos de condimente 21,3% [sos de soia (apa, soia) sos). Sare, GRAU), ulei de rapita, zahar, dextroza, amplificator de aroma (E621, E635), grasime de pui, praf de ceapa, proteine \u200b\u200bvegetale hidrolizate, arome, coloranti (caramel zahar si extract de boia), amidon modificat], ceapa, carne de pui 1.1 %, ardei rosu, ceapa primavara. Poate contine urme de telina, crustacee, peste, lapte, moluste, mustar si susan.<br \/>\nValori nutritionale la 100g :<br \/>\nEnergie 925 kJ \/ 221 kcal<br \/>\nGrasimi totale 10.8 g din care acizi grasi saturati 4.6 g<br \/>\nCarbohidrati 24.7 g din care zahar 4.3 g<br \/>\nProteine \u200b\u200b4.9 g<br \/>\nSare 1.9 g<br \/>\n<\/span><\/p>\n","protected":false},"excerpt":{"rendered":"<p>Preparare: Taiteii Nissin se pregatesc rapid, pur si simplu se toarna apa clocotita in cana pana la linia de umplere, se lasa 3 minute la infuzat, se scurge lichidul prin orificiile din capac, se pune sosul &#8211; gata! Nissin Cup Noodles Soba Yakitori Chicken sunt rafinati de un sos de condimente delicioase, bucati delicioase de [&#8230;]\n","protected":false},"featured_media":130285,"comment_status":"open","ping_status":"closed","template":"","meta":{"_acf_changed":false,"_seopress_robots_primary_cat":"none","_seopress_titles_title":"","_seopress_titles_desc":"Chio Maxi Mix con\u021bine o combina\u021bie de snacksuri coapte ce ofer\u0103 o experien\u021b\u0103 complet\u0103. Gustarea perfect\u0103 pentru pofta de ron\u021b\u0103it","_seopress_robots_index":""},"product_brand":[22913],"product_cat":[17494,21594,1950,3364],"giftcard-category":[],"class_list":{"0":"post-130275","1":"product","2":"type-product","3":"status-publish","4":"has-post-thumbnail","6":"product_brand-nissin","7":"product_cat-influente-asiatice","8":"product_cat-noodles-supe-instant","9":"product_cat-produse-germania","10":"product_cat-supe-produse-germania","12":"first","13":"outofstock","14":"taxable","15":"shipping-taxable","16":"purchasable","17":"product-type-simple"},"acf":[],"_links":{"self":[{"href":"https:\/\/totalblue.ro\/fr\/wp-json\/wp\/v2\/product\/130275","targetHints":{"allow":["GET"]}}],"collection":[{"href":"https:\/\/totalblue.ro\/fr\/wp-json\/wp\/v2\/product"}],"about":[{"href":"https:\/\/totalblue.ro\/fr\/wp-json\/wp\/v2\/types\/product"}],"replies":[{"embeddable":true,"href":"https:\/\/totalblue.ro\/fr\/wp-json\/wp\/v2\/comments?post=130275"}],"wp:featuredmedia":[{"embeddable":true,"href":"https:\/\/totalblue.ro\/fr\/wp-json\/wp\/v2\/media\/130285"}],"wp:attachment":[{"href":"https:\/\/totalblue.ro\/fr\/wp-json\/wp\/v2\/media?parent=130275"}],"wp:term":[{"taxonomy":"product_brand","embeddable":true,"href":"https:\/\/totalblue.ro\/fr\/wp-json\/wp\/v2\/product_brand?post=130275"},{"taxonomy":"product_cat","embeddable":true,"href":"https:\/\/totalblue.ro\/fr\/wp-json\/wp\/v2\/product_cat?post=130275"},{"taxonomy":"giftcard-category","embeddable":true,"href":"https:\/\/totalblue.ro\/fr\/wp-json\/wp\/v2\/giftcard-category?post=130275"}],"curies":[{"name":"wp","href":"https:\/\/api.w.org\/{rel}","templated":true}]}}