{"id":130376,"date":"2024-02-21T13:34:48","date_gmt":"2024-02-21T11:34:48","guid":{"rendered":"https:\/\/totalblue.ro\/?post_type=product&#038;p=130376"},"modified":"2025-08-12T10:13:05","modified_gmt":"2025-08-12T07:13:05","slug":"nissin-soba-noodles-curry-japonez-90g","status":"publish","type":"product","link":"https:\/\/totalblue.ro\/fr\/produs\/nissin-soba-noodles-curry-japonez-90g\/","title":{"rendered":"Nissin Soba Noodles Curry Japonez 90g"},"content":{"rendered":"<p><strong>Preparare:<\/strong> Taiteii Nissin se pregatesc rapid, pur si simplu se toarna apa clocotita in cana pana la linia de umplere, se lasa 3 minute la infuzat, se scurge lichidul prin orificiile din capac, se pune sosul &#8211; gata!<\/p>\n<p>Pur si simplu irezistibil: taiteii Nissin Cup Soba curry japonez sunt rafinati de un sos de curry japonez dulce-picant si legume delicioase &#8211; o adevarata experienta de gust<\/p>\n<p><span class=\"vtex-product-specifications-1-x-specificationValue vtex-product-specifications-1-x-specificationValue--first vtex-product-specifications-1-x-specificationValue--last\" data-specification-group=\"Informatii Generale\" data-specification-name=\"Ingrediente\" data-specification-value=\"Taitei 72.3% (faina de GRAU, ulei de palmier, sare, potentiator de aroma: E621, agent de tratare a fainii, E500, E451), antioxidant E306, corector de aciditate: acid citric). Sos de asezonare 19.9% (zahar, apa, ulei de rapita, sos SOIA (apa, pastai de SOIA, sare, GRAU), potentioatori de aroma: E621, E635, colorant: E150c, dextroza, melasa, otet, sare, condimente, proteine vegetale hidrolizate, pudra de rosii, corector de aciditate: acid citric, aroma), varza, pui cuburi.\">Ingrediente: paste 72,3% [faina de GRAU, ulei de palmier, sare de masa, potentiator de aroma (E621), agent de tratare a fainii (E500, E451), antioxidant (E306), regulator de aciditate (acid citric)], sos de condimente 22,1% [zahar, sos de soia (apa, sos de soia). OHNEN, Zen, sare de masa), apa, dextroza, proteina hidrolizata din porumb, arome (contine grau, soia, lapte), potentiator de aroma (E621, E627, E631), ulei de rapita, pudra de curry (3,6% in sosul de condimente), sare, condimente (ceapa, usturoi, scortisoara, cuisoare), rosii, otet, colorant (E150c)], morcovi, varza, ceapa prajita. Poate contine urme de telina, crustacee, peste, moluste, mustar si susan.<br \/>\n<\/span><\/p>\n<p>Valori nutritive medii la 100 g:<br \/>\nEnergie 874 kJ (208 kcal)<br \/>\nGrasimi 8.2 g din care saturate 3.9 g<br \/>\nGlucide 27.3 g din care zaharuri 5.8 g<br \/>\nProteine \u200b\u200b5.1 g<br \/>\nSare 1.4 g<\/p>\n","protected":false},"excerpt":{"rendered":"<p>Preparare: Taiteii Nissin se pregatesc rapid, pur si simplu se toarna apa clocotita in cana pana la linia de umplere, se lasa 3 minute la infuzat, se scurge lichidul prin orificiile din capac, se pune sosul &#8211; gata! Pur si simplu irezistibil: taiteii Nissin Cup Soba curry japonez sunt rafinati de un sos de curry [&#8230;]\n","protected":false},"featured_media":130386,"comment_status":"open","ping_status":"closed","template":"","meta":{"_acf_changed":false,"_seopress_robots_primary_cat":"none","_seopress_titles_title":"","_seopress_titles_desc":"Chio Maxi Mix con\u021bine o combina\u021bie de snacksuri coapte ce ofer\u0103 o experien\u021b\u0103 complet\u0103. Gustarea perfect\u0103 pentru pofta de ron\u021b\u0103it","_seopress_robots_index":""},"product_brand":[22913],"product_cat":[17494,21594,1950,3364],"giftcard-category":[],"class_list":{"0":"post-130376","1":"product","2":"type-product","3":"status-publish","4":"has-post-thumbnail","6":"product_brand-nissin","7":"product_cat-influente-asiatice","8":"product_cat-noodles-supe-instant","9":"product_cat-produse-germania","10":"product_cat-supe-produse-germania","12":"first","13":"outofstock","14":"taxable","15":"shipping-taxable","16":"purchasable","17":"product-type-simple"},"acf":[],"_links":{"self":[{"href":"https:\/\/totalblue.ro\/fr\/wp-json\/wp\/v2\/product\/130376","targetHints":{"allow":["GET"]}}],"collection":[{"href":"https:\/\/totalblue.ro\/fr\/wp-json\/wp\/v2\/product"}],"about":[{"href":"https:\/\/totalblue.ro\/fr\/wp-json\/wp\/v2\/types\/product"}],"replies":[{"embeddable":true,"href":"https:\/\/totalblue.ro\/fr\/wp-json\/wp\/v2\/comments?post=130376"}],"wp:featuredmedia":[{"embeddable":true,"href":"https:\/\/totalblue.ro\/fr\/wp-json\/wp\/v2\/media\/130386"}],"wp:attachment":[{"href":"https:\/\/totalblue.ro\/fr\/wp-json\/wp\/v2\/media?parent=130376"}],"wp:term":[{"taxonomy":"product_brand","embeddable":true,"href":"https:\/\/totalblue.ro\/fr\/wp-json\/wp\/v2\/product_brand?post=130376"},{"taxonomy":"product_cat","embeddable":true,"href":"https:\/\/totalblue.ro\/fr\/wp-json\/wp\/v2\/product_cat?post=130376"},{"taxonomy":"giftcard-category","embeddable":true,"href":"https:\/\/totalblue.ro\/fr\/wp-json\/wp\/v2\/giftcard-category?post=130376"}],"curies":[{"name":"wp","href":"https:\/\/api.w.org\/{rel}","templated":true}]}}