{"id":130595,"date":"2024-02-21T14:55:11","date_gmt":"2024-02-21T12:55:11","guid":{"rendered":"https:\/\/totalblue.ro\/?post_type=product&#038;p=130595"},"modified":"2025-08-12T10:16:39","modified_gmt":"2025-08-12T07:16:39","slug":"oyakata-supa-instant-ramen-cu-sos-soia-63g","status":"publish","type":"product","link":"https:\/\/totalblue.ro\/fr\/produs\/oyakata-supa-instant-ramen-cu-sos-soia-63g\/","title":{"rendered":"OYAKATA Supa instant Ramen cu sos soia 63g"},"content":{"rendered":"<p><span class=\"HwtZe\" lang=\"ro\"><span class=\"jCAhz ChMk0b\"><span class=\"ryNqvb\">Ingrediente : Fidea instant (86%): f\u0103in\u0103 de gr\u00e2u, ulei de palmier, amidon modificat, sare, agen\u021bi de cre\u0219tere (carbonat de sodiu, carbonat de potasiu).<\/span><\/span> <span class=\"jCAhz ChMk0b\"><span class=\"ryNqvb\">Amestecul de condimente (9,2%): pudr\u0103 de sos de soia (24%) (soia, gr\u00e2u, maltodextrin\u0103, sare), sare, poten\u021biatori de arom\u0103: E621, E635;<\/span><\/span> <span class=\"jCAhz ChMk0b\"><span class=\"ryNqvb\">Zah\u0103r, pudr\u0103 de extract de carne de pui (extract de carne de pui, maltodextrin\u0103, sare), zah\u0103r caramelizat, arome (con\u021bin gr\u00e2u), usturoi m\u0103cinat, ceap\u0103 m\u0103cinat\u0103, gr\u0103sime de pui, maltodextrin\u0103, arpagic uscat, piper negru, protein\u0103 hidrolizat\u0103 din porumb (proteina hidrolizat\u0103 din porumb, sare), regulator de aciditate: acid lactic.<\/span><\/span> <span class=\"jCAhz ChMk0b\"><span class=\"ryNqvb\">Garnitura (4,8%): Porumb, morcov, praz Produsul poate contine urme de: crustacee, moluste, dioxid de sulf si sulfiti, ou, peste, telina, mustar, lapte, susan.<br \/>\nValeurs nutritionnelles \/ 100 g :<br \/>\nEnergie 375 kj \/ 90 kcal<br \/>\nGrasimi 3.8 g din care acizi grasi saturati 1.9 g<br \/>\nCarbohidrati 12 g din care zahar 0.9 g<br \/>\nProt\u00e9ines 2 g<br \/>\nSare 0.80 g<br \/>\n<\/span><\/span><\/span><\/p>\n<p>Stockage : Conserver dans un endroit sec et frais.<br \/>\nMod de preparare: Puneti taiteii intr-un bol cu amestecul de condimente. Se toarna peste 450 ml, se acopera si se lasa la infuzat timp de 3 minute. Se amesteca si se savureaza.<\/p>\n<p>Bucurati-va de aroma intensa a sosului de soia japonez in ramenul aromat &#8211; OYAKATA SOY SAUCE RAMEN! Aceasta supa clasica japoneza este alegerea perfecta pentru iubitorii de preparate aromate si aromate. Intregul fel de mancare este completat de legume: arpagic, porumb, morcovi si praz.<\/p>\n<p>Importateur : Total Blue Impex SRL<\/p>","protected":false},"excerpt":{"rendered":"<p>Ingrediente : Fidea instant (86%): f\u0103in\u0103 de gr\u00e2u, ulei de palmier, amidon modificat, sare, agen\u021bi de cre\u0219tere (carbonat de sodiu, carbonat de potasiu). Amestecul de condimente (9,2%): pudr\u0103 de sos de soia (24%) (soia, gr\u00e2u, maltodextrin\u0103, sare), sare, poten\u021biatori de arom\u0103: E621, E635; Zah\u0103r, pudr\u0103 de extract de carne de pui (extract de carne de [&#8230;]\n","protected":false},"featured_media":130607,"comment_status":"open","ping_status":"closed","template":"","meta":{"_acf_changed":false,"_seopress_robots_primary_cat":"1950","_seopress_titles_title":"","_seopress_titles_desc":"","_seopress_robots_index":""},"product_brand":[23047],"product_cat":[1555,1683,3372,17494,21594,3428,1950,1954],"giftcard-category":[],"class_list":{"0":"post-130595","1":"product","2":"type-product","3":"status-publish","4":"has-post-thumbnail","6":"product_brand-oyakata","7":"product_cat-bacanie","8":"product_cat-conserve-mancare-gatita","9":"product_cat-conserve-produse-germania","10":"product_cat-influente-asiatice","11":"product_cat-noodles-supe-instant","12":"product_cat-paste-orez-ulei-otet-produse-germania","13":"product_cat-produse-germania","14":"product_cat-semipreparate","16":"first","17":"outofstock","18":"taxable","19":"shipping-taxable","20":"purchasable","21":"product-type-simple"},"acf":[],"_links":{"self":[{"href":"https:\/\/totalblue.ro\/fr\/wp-json\/wp\/v2\/product\/130595","targetHints":{"allow":["GET"]}}],"collection":[{"href":"https:\/\/totalblue.ro\/fr\/wp-json\/wp\/v2\/product"}],"about":[{"href":"https:\/\/totalblue.ro\/fr\/wp-json\/wp\/v2\/types\/product"}],"replies":[{"embeddable":true,"href":"https:\/\/totalblue.ro\/fr\/wp-json\/wp\/v2\/comments?post=130595"}],"wp:featuredmedia":[{"embeddable":true,"href":"https:\/\/totalblue.ro\/fr\/wp-json\/wp\/v2\/media\/130607"}],"wp:attachment":[{"href":"https:\/\/totalblue.ro\/fr\/wp-json\/wp\/v2\/media?parent=130595"}],"wp:term":[{"taxonomy":"product_brand","embeddable":true,"href":"https:\/\/totalblue.ro\/fr\/wp-json\/wp\/v2\/product_brand?post=130595"},{"taxonomy":"product_cat","embeddable":true,"href":"https:\/\/totalblue.ro\/fr\/wp-json\/wp\/v2\/product_cat?post=130595"},{"taxonomy":"giftcard-category","embeddable":true,"href":"https:\/\/totalblue.ro\/fr\/wp-json\/wp\/v2\/giftcard-category?post=130595"}],"curies":[{"name":"wp","href":"https:\/\/api.w.org\/{rel}","templated":true}]}}