{"id":130885,"date":"2024-02-21T16:13:12","date_gmt":"2024-02-21T14:13:12","guid":{"rendered":"https:\/\/totalblue.ro\/?post_type=product&#038;p=130885"},"modified":"2026-05-08T13:18:51","modified_gmt":"2026-05-08T10:18:51","slug":"nissin-instant-miso-soup-100g-import-allemagne","status":"publish","type":"product","link":"https:\/\/totalblue.ro\/fr\/produs\/nissin-supa-instant-miso-100g-import-germania\/","title":{"rendered":"Nissin Instant Miso Soup 100g, import\u00e9 d'Allemagne"},"content":{"rendered":"<p>Nissin Demae Ramen Miso (100g), este o alta varianta excelenta din gama Nissin care detine certificarea VEGAN.<\/p>\n<p>Aceasta se bazeaza pe aroma de miso (pasta de soia fermentata), oferind o supa mai densa, tulbure si cu un gust intens &#8222;umami&#8221;.<\/p>\n<p>De ce este special Ramenul Miso?<\/p>\n<p>Spre deosebire de variantele &#8222;Soy Sauce&#8221; (limpede) sau &#8222;Spicy&#8221; (iute), varianta Miso are o textura usor mai cremoasa si o aroma bogata, sarat-dulceaga.<br \/>\nEste considerat &#8222;comfort food&#8221;-ul suprem in Japonia, mai ales in regiunea Hokkaido.<\/p>\n<p>Idei de upgrade pentru Nissin Miso (Pastrand reteta Vegana):<\/p>\n<p>Deoarece supa Miso este foarte robusta, suporta topping-uri cu arome puternice:<\/p>\n<p>Porumb si Unt (Vegan): Ramenul miso cu porumb dulce este o combinatie clasica.<br \/>\nAdauga o lingura de porumb din conserva si un cubulet de unt vegetal deasupra supei fierbinti.<\/p>\n<p>Tofu Afumat:<br \/>\nTaie cateva felii de tofu afumat si rumeneste-le putin in tigaie inainte de a le pune in bol.<br \/>\nAroma de fum completeaza perfect pasta de soia fermentata.<\/p>\n<p>Ulei de Chili (Rayu):<br \/>\nDaca vrei un contrast iute, adauga cateva picaturi de ulei de chili cu usturoi.<\/p>\n<p>Legume verzi:<br \/>\nVarza kale, bok choy sau chiar spanacul merg excelent gatite direct in supa fierbinte timp de 1 minut.<\/p>\n<p>Sfat de preparare:Daca vrei o supa si mai densa, poti adauga o lingurita de pasta Miso reala (daca ai in frigider) in apa in care fierbi taiteii, pe langa pliculetul de condimente din pachet.<\/p>\n<p>Pentru ca Nissin Demae Ramen Miso are acea baza bogata si \u201epamantie\u201d de pasta de soia fermentata, retetele care functioneaza cel mai bine sunt cele care adauga textura si arome contrastante (dulce, afumat sau proaspat).<\/p>\n<p>Iata trei moduri inedite de a pregati varianta Miso, pastrand profilul vegan:<\/p>\n<p>1. Ramen Miso cu Ciuperci si Usturoi (Aroma Intensa)Ciupercile si miso-ul sunt o pereche clasica, ambele fiind bogate in \u201eumami\u201d.<br \/>\nIngrediente extra: 3-4 ciuperci (champignon, shiitake sau urechi de lemn), 1 catel de usturoi zdrobit, putin ulei de susan.<br \/>\nMod de preparare: In timp ce fierbi apa pentru taitei, caleste ciupercile feliate cu usturoiul in putin ulei pana devin aurii. Prepara ramenul normal, pune-l in bol, iar deasupra adauga ciupercile rumenite.<br \/>\nDe ce functioneaza: Usturoiul prajit \u201etrezeste\u201d aromele din praful de miso din pachet.<\/p>\n<p>2. &#8222;Creamy Miso&#8221; cu Lapte de Caju sau Soia<br \/>\nAceasta metoda transforma supa limpede intr-una densa si catifelata, asemanatoare cu ramenul scump din restaurante.<br \/>\nIngrediente extra: 100ml lapte vegetal neindulcit (soia sau caju sunt cele mai bune pentru textura).<br \/>\nMod de preparare:<br \/>\nFierbe taiteii in 400ml de apa (in loc de 500ml).<br \/>\nCand sunt aproape gata, adauga cei 100ml de lapte vegetal si plicul de condimente.<br \/>\nMai lasa sa dea un singur clocot mic.<br \/>\nSfat: Serveste cu multa ceapa verde tocata deasupra pentru a taia din densitatea supei.<\/p>\n<p>3. Miso Ramen Stir-Fry cu Tofu si SusanDaca vrei o mancare \u201euscata\u201d, varianta miso este mult mai aromata decat cea cu sos de soia.<br \/>\nIngrediente extra: 100g tofu ferm, seminte de susan prajite, putin sos sriracha (daca vrei iute).<br \/>\nMod de preparare: Fierbe taiteii doar 2 minute si scurge-i complet. Intr-o tigaie, prajeste cubuletele de tofu pana devin crocante.<br \/>\nAdauga taiteii peste tofu, pune plicul de condimente si doar 2 linguri din apa in care au fiert.<br \/>\nAmesteca bine la foc mare pana cand pudra de miso devine un sos lipicios care imbraca totul.<br \/>\nFinalizare: Presara din abundenta seminte de susan la final.<\/p>\n<p>Ingrediente : T\u0103i\u021bei 90,8% [f\u0103in\u0103 de gr\u00e2u, ulei de palmier, sare, amelioratori de faina (E500, E451), E501 stabilizator, E412 agent de \u00eengro\u0219are, E306 antioxidant], pudra de condimente 9,2% [sare, zahar, poten\u021biator de arom\u0103 (E621, E631, E627), sirop de glucoz\u0103, pudra miso(soia, orez, sare) 7.6% din pudra de condimente, condimente, agent de ingrosare E412, pudra de ceapa, arome(contine gr\u00e2u, soia, susan), colorant(E150c extract de ardei), pudra de sos de soia(soia, grau, sare, maltodextrina), agent antiaglomerant E551, extract de drojdie, proteina de porumb hidrolizata, regulator de aciditate(acid succinic).<br \/>\nValori nutritionale \/ 100 g:<br \/>\nEnergie 378 kJ \/ 90 kcal<br \/>\nGrasimi 3.7 g din care acizi saturati 2 g<br \/>\nCarbohidrati 11.6 g din care zaharuri 0.8 g<br \/>\nProteine 2 g<br \/>\nSare 0.97 g<br \/>\nMod de preparare:<br \/>\nPuneti continutul plicului intr-o farfurie sau bol.<br \/>\nTurnati peste ingrediente 500 ml de apa fierbinte.<br \/>\nAcoperiti cu un capac timp de 3 minute.<br \/>\nSe serveste calda.<\/p>\n<p>Mod de pastrare: A se pastra la loc uscat si racoros.<\/p>\n<p>Importator : Total Blue Impex SRL<\/p>\n","protected":false},"excerpt":{"rendered":"<p>Nissin Demae Ramen Miso (100g), este o alta varianta excelenta din gama Nissin care detine certificarea VEGAN. Aceasta se bazeaza pe aroma de miso (pasta de soia fermentata), oferind o supa mai densa, tulbure si cu un gust intens &#8222;umami&#8221;. De ce este special Ramenul Miso? Spre deosebire de variantele &#8222;Soy Sauce&#8221; (limpede) sau &#8222;Spicy&#8221; [&#8230;]\n","protected":false},"featured_media":305666,"comment_status":"open","ping_status":"closed","template":"","meta":{"_acf_changed":false,"_seopress_robots_primary_cat":"1950","_seopress_titles_title":"","_seopress_titles_desc":"","_seopress_robots_index":""},"product_brand":[22913],"product_cat":[1555,1683,3372,17494,21594,3428,21826,1950,1954,22064],"giftcard-category":[],"class_list":{"0":"post-130885","1":"product","2":"type-product","3":"status-publish","4":"has-post-thumbnail","6":"product_brand-nissin","7":"product_cat-bacanie","8":"product_cat-conserve-mancare-gatita","9":"product_cat-conserve-produse-germania","10":"product_cat-influente-asiatice","11":"product_cat-noodles-supe-instant","12":"product_cat-paste-orez-ulei-otet-produse-germania","13":"product_cat-produse-bio-dietetice","14":"product_cat-produse-germania","15":"product_cat-semipreparate","16":"product_cat-vegetarian","18":"first","19":"instock","20":"taxable","21":"shipping-taxable","22":"purchasable","23":"product-type-simple"},"acf":[],"_links":{"self":[{"href":"https:\/\/totalblue.ro\/fr\/wp-json\/wp\/v2\/product\/130885","targetHints":{"allow":["GET"]}}],"collection":[{"href":"https:\/\/totalblue.ro\/fr\/wp-json\/wp\/v2\/product"}],"about":[{"href":"https:\/\/totalblue.ro\/fr\/wp-json\/wp\/v2\/types\/product"}],"replies":[{"embeddable":true,"href":"https:\/\/totalblue.ro\/fr\/wp-json\/wp\/v2\/comments?post=130885"}],"wp:featuredmedia":[{"embeddable":true,"href":"https:\/\/totalblue.ro\/fr\/wp-json\/wp\/v2\/media\/305666"}],"wp:attachment":[{"href":"https:\/\/totalblue.ro\/fr\/wp-json\/wp\/v2\/media?parent=130885"}],"wp:term":[{"taxonomy":"product_brand","embeddable":true,"href":"https:\/\/totalblue.ro\/fr\/wp-json\/wp\/v2\/product_brand?post=130885"},{"taxonomy":"product_cat","embeddable":true,"href":"https:\/\/totalblue.ro\/fr\/wp-json\/wp\/v2\/product_cat?post=130885"},{"taxonomy":"giftcard-category","embeddable":true,"href":"https:\/\/totalblue.ro\/fr\/wp-json\/wp\/v2\/giftcard-category?post=130885"}],"curies":[{"name":"wp","href":"https:\/\/api.w.org\/{rel}","templated":true}]}}