{"id":132294,"date":"2024-02-23T10:18:09","date_gmt":"2024-02-23T08:18:09","guid":{"rendered":"https:\/\/totalblue.ro\/?post_type=product&#038;p=132294"},"modified":"2025-08-06T16:31:19","modified_gmt":"2025-08-06T13:31:19","slug":"meica-crenvursti-pui-american-style-540-g","status":"publish","type":"product","link":"https:\/\/totalblue.ro\/fr\/produs\/meica-crenvursti-pui-american-style-540-g\/","title":{"rendered":"Meica Crenvursti Poulet \u00e0 l'am\u00e9ricaine 540 g"},"content":{"rendered":"<p><strong>Pr\u00e9paration :<\/strong> Faire chauffer de l'eau et laisser dans l'eau bouillante pendant 5 minutes. Ne pas faire bouillir !<\/p>\n<p>Ingrediente: carnati de pui in piele. 80% carne de pasare (curcan, pui), apa de baut, sare de masa, condimente, extracte de condimente, dextroza, antioxidant: acid ascorbic, conservant: nitrit de sodiu, fum. Poate contine urme de PROTEINE DE LAPTE, TELINA, MUSTAR.<br \/>\nInformatii despre produs Informatii per 100 g<br \/>\nValeurs nutritionnelles \/ 100 g :<br \/>\n\u00c9nergie : 617 kJ \/ 148 kcal<br \/>\nGrasimi: 10 g din care acizi grasi saturati: 3.5 g<br \/>\nGlucides 0,5 g ou sucres 0,5 g<br \/>\nProt\u00e9ines : 14 g<br \/>\nSare: 2 g<\/p>\n<div dir=\"auto\">Pays d'origine : Allemagne<br \/>\nFabriqu\u00e9 en Allemagne par Meica, Meicastra\u00dfe 6, 26188 Edewecht, Deutschland<br \/>\nImportateur et distributeur Total Blue Impex SRL<\/div>\n<p>&nbsp;<\/p>","protected":false},"excerpt":{"rendered":"<p>Mod de preparare: incalziti apa si lasati in apa fierbinte 5 minute. NU fierbeti! Ingrediente: carnati de pui in piele. 80% carne de pasare (curcan, pui), apa de baut, sare de masa, condimente, extracte de condimente, dextroza, antioxidant: acid ascorbic, conservant: nitrit de sodiu, fum. Poate contine urme de PROTEINE DE LAPTE, TELINA, MUSTAR. Informatii [&#8230;]\n","protected":false},"featured_media":132300,"comment_status":"open","ping_status":"closed","template":"","meta":{"_acf_changed":false,"_seopress_robots_primary_cat":"1950","_seopress_titles_title":"","_seopress_titles_desc":"","_seopress_robots_index":""},"product_brand":[2000],"product_cat":[1555,3372,3272,1950,1767],"giftcard-category":[],"class_list":{"0":"post-132294","1":"product","2":"type-product","3":"status-publish","4":"has-post-thumbnail","6":"product_brand-meica","7":"product_cat-bacanie","8":"product_cat-conserve-produse-germania","9":"product_cat-conserve","10":"product_cat-produse-germania","11":"product_cat-produse-olanda","13":"first","14":"outofstock","15":"taxable","16":"shipping-taxable","17":"purchasable","18":"product-type-simple"},"acf":[],"_links":{"self":[{"href":"https:\/\/totalblue.ro\/fr\/wp-json\/wp\/v2\/product\/132294","targetHints":{"allow":["GET"]}}],"collection":[{"href":"https:\/\/totalblue.ro\/fr\/wp-json\/wp\/v2\/product"}],"about":[{"href":"https:\/\/totalblue.ro\/fr\/wp-json\/wp\/v2\/types\/product"}],"replies":[{"embeddable":true,"href":"https:\/\/totalblue.ro\/fr\/wp-json\/wp\/v2\/comments?post=132294"}],"wp:featuredmedia":[{"embeddable":true,"href":"https:\/\/totalblue.ro\/fr\/wp-json\/wp\/v2\/media\/132300"}],"wp:attachment":[{"href":"https:\/\/totalblue.ro\/fr\/wp-json\/wp\/v2\/media?parent=132294"}],"wp:term":[{"taxonomy":"product_brand","embeddable":true,"href":"https:\/\/totalblue.ro\/fr\/wp-json\/wp\/v2\/product_brand?post=132294"},{"taxonomy":"product_cat","embeddable":true,"href":"https:\/\/totalblue.ro\/fr\/wp-json\/wp\/v2\/product_cat?post=132294"},{"taxonomy":"giftcard-category","embeddable":true,"href":"https:\/\/totalblue.ro\/fr\/wp-json\/wp\/v2\/giftcard-category?post=132294"}],"curies":[{"name":"wp","href":"https:\/\/api.w.org\/{rel}","templated":true}]}}