{"id":137226,"date":"2024-02-28T14:14:32","date_gmt":"2024-02-28T12:14:32","guid":{"rendered":"https:\/\/totalblue.ro\/?post_type=product&#038;p=137226"},"modified":"2025-12-08T19:55:00","modified_gmt":"2025-12-08T17:55:00","slug":"knorr-sauce-dassaisonnement-fixe-pour-chili-con-carne-2-portions-33g","status":"publish","type":"product","link":"https:\/\/totalblue.ro\/fr\/produs\/sos-knorr-fix-condimente-pentru-chili-con-carne-2-portii-33g\/","title":{"rendered":"Knorr Fix Spices Sauce pour Chili con Carne, 2 portions, 33g"},"content":{"rendered":"<div id=\"content_tab_description\" class=\"tab-content tab-description\">\n<div class=\"tab-content-inner\">\n<div class=\"tab-content-scroll\">\n<p>Ingr\u00e9dients : 35% poudre de tomate\u00b9\u00b2, 13% paprika\u00b9, amidon\u00b9, sel de table iod\u00e9, oignon\u00b9\u00b2, sucre\u00b9, cumin\u00b9, ar\u00f4mes, ail\u00b9\u00b2, huile de germe de ma\u00efs\u00b9\u00b2, poivron\u00b9\u00b2, sel de table, jus de citron en poudre\u00b9\u00b9, feuille de laurier\u00b9\u00b9, cindr\u00b9\u00b9\u00b9, 1% feuille de laurier\u00b9\u00b9\u00b9. feuilles\u00b9\u00b2, poivre\u00b9\u00b9, extrait de levure\u00b9, gingembre\u00b9, ar\u00f4me de fum\u00e9e, racine de persil\u00b9\u00b2. Peut contenir de l'\u0153uf, du lait, du c\u00e9leri, de la moutarde, du soja, des c\u00e9r\u00e9ales contenant du gluten. \u00b9 Les ingr\u00e9dients naturels sont marqu\u00e9s d'un ast\u00e9risque. \u00b2 Produit issu de l'agriculture durable.<br \/>\nAllerg\u00e8nes<br \/>\nPeut contenir du gluten, des \u0153ufs, du soja, du lait, du c\u00e9leri et de la moutarde.<br \/>\nInformations nutritionnelles pr\u00e9par\u00e9es pour 100g<br \/>\nEnergie 392 kJ \/ 94 kcal<br \/>\nMati\u00e8res grasses 2,7 g dont acides gras satur\u00e9s 0,8 g<br \/>\nGlucides 7,5 g dont sucre 1,5 g<br \/>\nFibres 3,5 g<br \/>\nProt\u00e9ines 8,2 g<br \/>\nsel 0,73 g<\/p>\n<p>Fabriqu\u00e9 par Unilever Deutschland, Postfach 570 237, 22771 Hamburg<br \/>\nImportateur et distributeur Total Blue Impex SRL<\/p>\n<\/div>\n<\/div>\n<\/div>","protected":false},"excerpt":{"rendered":"<p>Ingrediente: 35% pudra de rosii\u00b9\u00b2, 13% boia de ardei\u00b9, amidon\u00b9, sare de masa iodata, ceapa\u00b9\u00b2, zahar\u00b9, chimen\u00b9, arome, usturoi\u00b9\u00b2, ulei de germeni de porumb\u00b9, ardei dulce\u00b9\u00b2, sare de masa, suc de lamaie pudra\u00b9\u00b9, dafin\u00b9\u00b9, cindr\u00b9\u00b9, 1% dafin\u00b9\u00b9. frunze\u00b9\u00b2, piper\u00b9, \u200b\u200bextract de drojdie\u00b9, ghimbir\u00b9, aroma de fum, radacina de patrunjel\u00b9\u00b2. Poate contine ou, lapte, telina, mustar, [&#8230;]\n","protected":false},"featured_media":137232,"comment_status":"open","ping_status":"closed","template":"","meta":{"_acf_changed":false,"_seopress_robots_primary_cat":"none","_seopress_titles_title":"","_seopress_titles_desc":"","_seopress_robots_index":""},"product_brand":[1870],"product_cat":[1555,3280,3380,1950,1767,1954],"giftcard-category":[],"class_list":{"0":"post-137226","1":"product","2":"type-product","3":"status-publish","4":"has-post-thumbnail","6":"product_brand-knorr","7":"product_cat-bacanie","8":"product_cat-condimente-sosuri","9":"product_cat-condimente-sosuri-produse-germania","10":"product_cat-produse-germania","11":"product_cat-produse-olanda","12":"product_cat-semipreparate","14":"first","15":"outofstock","16":"taxable","17":"shipping-taxable","18":"purchasable","19":"product-type-simple"},"acf":[],"_links":{"self":[{"href":"https:\/\/totalblue.ro\/fr\/wp-json\/wp\/v2\/product\/137226","targetHints":{"allow":["GET"]}}],"collection":[{"href":"https:\/\/totalblue.ro\/fr\/wp-json\/wp\/v2\/product"}],"about":[{"href":"https:\/\/totalblue.ro\/fr\/wp-json\/wp\/v2\/types\/product"}],"replies":[{"embeddable":true,"href":"https:\/\/totalblue.ro\/fr\/wp-json\/wp\/v2\/comments?post=137226"}],"wp:featuredmedia":[{"embeddable":true,"href":"https:\/\/totalblue.ro\/fr\/wp-json\/wp\/v2\/media\/137232"}],"wp:attachment":[{"href":"https:\/\/totalblue.ro\/fr\/wp-json\/wp\/v2\/media?parent=137226"}],"wp:term":[{"taxonomy":"product_brand","embeddable":true,"href":"https:\/\/totalblue.ro\/fr\/wp-json\/wp\/v2\/product_brand?post=137226"},{"taxonomy":"product_cat","embeddable":true,"href":"https:\/\/totalblue.ro\/fr\/wp-json\/wp\/v2\/product_cat?post=137226"},{"taxonomy":"giftcard-category","embeddable":true,"href":"https:\/\/totalblue.ro\/fr\/wp-json\/wp\/v2\/giftcard-category?post=137226"}],"curies":[{"name":"wp","href":"https:\/\/api.w.org\/{rel}","templated":true}]}}