{"id":137460,"date":"2024-02-28T15:31:55","date_gmt":"2024-02-28T13:31:55","guid":{"rendered":"https:\/\/totalblue.ro\/?post_type=product&#038;p=137460"},"modified":"2025-08-06T13:16:13","modified_gmt":"2025-08-06T10:16:13","slug":"sos-knorr-fix-pentru-carne-tocata-36g","status":"publish","type":"product","link":"https:\/\/totalblue.ro\/fr\/produs\/sos-knorr-fix-pentru-carne-tocata-36g\/","title":{"rendered":"Sos Knorr Fix pentru carne tocata, 36g"},"content":{"rendered":"<div id=\"content_tab_description\" class=\"tab-content tab-description\">\n<div class=\"tab-content-inner\">\n<div class=\"tab-content-scroll\">Ingrediente: Faina (orez, GRAU), amidon, sare de masa iodata, 8,3% ceapa\u00b2, 8,3% ciuperci\u00b2, maltodextrina, pudra de rosii\u00b2, arome, zahar, ulei de palmier, clorura de potasiu\u00b3, sirop de zahar caramelizat, PRODUS din zer, condimente, concentrat de suc de ciuperci , ZAHAR LACT, sare de masa, patrunjel\u00b2. Poate contine ou, telina, mustar, soia, alte cereale care contin gluten. \u00b2din cultivare durabila. \u00b3Inlocuitor salin, obtinut din minerale naturale de potasiu.<br \/>\n<span class=\"HwtZe\" lang=\"ro\"><span class=\"jCAhz ChMk0b\"><span class=\"ryNqvb\">Mod de preparare : Rumeni\u021bi 250 g de carne tocata slaba \u00een 1 lingur\u0103 de ulei, ad\u0103uga\u021bi cele 250 g de ciuperci \u0219i 250 ml ap\u0103 rece.<\/span><\/span> <span class=\"jCAhz ChMk0b\"><span class=\"ryNqvb\">Gatiti 10 minute, amestecand din cand in cand.<\/span><\/span><\/span><br \/>\nAllerg\u00e8nes<br \/>\nContine gluten si lapte. Poate contine ou, soia, telina si mustar.<br \/>\nInformations nutritionnelles pr\u00e9par\u00e9es pour 100g<br \/>\nEnergie 446 kJ \/ 107 kcal<br \/>\nGrasime 5.5 g din care acizi grasi saturati 1.5 g<br \/>\nCarbohidrati 3.7 g din care zahar 1.2 g<br \/>\nFibres 1 g<br \/>\nProteine \u200b\u200b11 g<br \/>\nSare 0.86 g<\/div>\n<\/div>\n<\/div>","protected":false},"excerpt":{"rendered":"<p>Ingrediente: Faina (orez, GRAU), amidon, sare de masa iodata, 8,3% ceapa\u00b2, 8,3% ciuperci\u00b2, maltodextrina, pudra de rosii\u00b2, arome, zahar, ulei de palmier, clorura de potasiu\u00b3, sirop de zahar caramelizat, PRODUS din zer, condimente, concentrat de suc de ciuperci , ZAHAR LACT, sare de masa, patrunjel\u00b2. Poate contine ou, telina, mustar, soia, alte cereale care contin [&#8230;]\n","protected":false},"featured_media":137464,"comment_status":"open","ping_status":"closed","template":"","meta":{"_acf_changed":false,"_seopress_robots_primary_cat":"none","_seopress_titles_title":"","_seopress_titles_desc":"","_seopress_robots_index":""},"product_brand":[1870],"product_cat":[1555,3280,3380,1950,1767,1954],"giftcard-category":[],"class_list":{"0":"post-137460","1":"product","2":"type-product","3":"status-publish","4":"has-post-thumbnail","6":"product_brand-knorr","7":"product_cat-bacanie","8":"product_cat-condimente-sosuri","9":"product_cat-condimente-sosuri-produse-germania","10":"product_cat-produse-germania","11":"product_cat-produse-olanda","12":"product_cat-semipreparate","14":"first","15":"outofstock","16":"taxable","17":"shipping-taxable","18":"purchasable","19":"product-type-simple"},"acf":[],"_links":{"self":[{"href":"https:\/\/totalblue.ro\/fr\/wp-json\/wp\/v2\/product\/137460","targetHints":{"allow":["GET"]}}],"collection":[{"href":"https:\/\/totalblue.ro\/fr\/wp-json\/wp\/v2\/product"}],"about":[{"href":"https:\/\/totalblue.ro\/fr\/wp-json\/wp\/v2\/types\/product"}],"replies":[{"embeddable":true,"href":"https:\/\/totalblue.ro\/fr\/wp-json\/wp\/v2\/comments?post=137460"}],"wp:featuredmedia":[{"embeddable":true,"href":"https:\/\/totalblue.ro\/fr\/wp-json\/wp\/v2\/media\/137464"}],"wp:attachment":[{"href":"https:\/\/totalblue.ro\/fr\/wp-json\/wp\/v2\/media?parent=137460"}],"wp:term":[{"taxonomy":"product_brand","embeddable":true,"href":"https:\/\/totalblue.ro\/fr\/wp-json\/wp\/v2\/product_brand?post=137460"},{"taxonomy":"product_cat","embeddable":true,"href":"https:\/\/totalblue.ro\/fr\/wp-json\/wp\/v2\/product_cat?post=137460"},{"taxonomy":"giftcard-category","embeddable":true,"href":"https:\/\/totalblue.ro\/fr\/wp-json\/wp\/v2\/giftcard-category?post=137460"}],"curies":[{"name":"wp","href":"https:\/\/api.w.org\/{rel}","templated":true}]}}