{"id":138367,"date":"2024-03-01T13:55:42","date_gmt":"2024-03-01T11:55:42","guid":{"rendered":"https:\/\/totalblue.ro\/?post_type=product&#038;p=138367"},"modified":"2025-08-01T10:26:25","modified_gmt":"2025-08-01T07:26:25","slug":"olvarit-mancare-pentru-bebelusi-tocanita-de-curcan-morcov-si-legume-18-luni-250g","status":"publish","type":"product","link":"https:\/\/totalblue.ro\/fr\/produs\/olvarit-mancare-pentru-bebelusi-tocanita-de-curcan-morcov-si-legume-18-luni-250g\/","title":{"rendered":"Olvarit mancare pentru bebelusi tocanita de Curcan, morcov si legume 18+ luni, 250g"},"content":{"rendered":"<p id=\"tw-target-text\" class=\"tw-data-text tw-text-large tw-ta\" dir=\"ltr\" data-placeholder=\"Traducere\">Les aliments pour b\u00e9b\u00e9s ont un go\u00fbt et une texture reconnaissables qui contribuent au d\u00e9veloppement du go\u00fbt.<br \/>\nUn d\u00e9licieux go\u00fbter pour b\u00e9b\u00e9 avec des ingr\u00e9dients purs et naturels.<br \/>\nContenu et poids : 250 grammes.<br \/>\n<strong>Ingr\u00e9dient : <\/strong>37,32% legume (10% morcov, 8,32% piure concentrat de rosii, 6% ciuperci, 5% mazare, 4% praz, 4% ardei rosu), apa, 19% cartofi, 8,5% curcan, 4,2% amidon de grau, rapita ulei, patrunjel, cimbru.<br \/>\n<strong>Allerg\u00e8nes :<\/strong> contine cereale care contin gluten, grau.<br \/>\nEmball\u00e9 dans un bocal en verre avec couvercle \u00e0 cliquer.<br \/>\n<strong>Avant de l'ouvrir, appuyez sur le couvercle. S'il n'y a pas de d\u00e9clic, n'utilisez pas le contenu !<\/strong><br \/>\n<strong>Pr\u00e9paration<\/strong>M\u00e9langer le contenu et d\u00e9poser la quantit\u00e9 souhait\u00e9e sur une assiette. Utilisez une cuill\u00e8re en plastique pour cette op\u00e9ration.<br \/>\nConserver le reste du contenu scell\u00e9 au r\u00e9frig\u00e9rateur et l'utiliser dans les 24 heures.<br \/>\nChauffer au micro-ondes pendant environ 30 secondes \u00e0 600 W.<br \/>\nApr\u00e8s le chauffage, bien remuer \u00e0 nouveau et v\u00e9rifier la temp\u00e9rature.<br \/>\nNe pas r\u00e9utiliser les restes.<br \/>\n<strong>Valeurs nutritionnelles\/100g :<br \/>\n<\/strong>Energie 289 kJ (69 kcal)<br \/>\nGrasimi 2,4 g din care grasimi saturate 0,1 g<br \/>\nGlucide 8,2 g din care zaharuri 1,3 g<br \/>\nFibre alimentare 1,4 g<br \/>\nProt\u00e9ines 2,9 g<br \/>\nSare 0,04 g<br \/>\nFabriqu\u00e9 aux Pays-Bas par Nutricia, Antwoordnummer 10061 2700 VB Zoetermeer<br \/>\nImportateur et distributeur Total Blue Impex SRL<br \/>\n<a href=\"https:\/\/totalblue.ro\/wp-content\/uploads\/2021\/03\/bcorporation.jpg\"><img loading=\"lazy\" decoding=\"async\" class=\"alignnone wp-image-43908\" src=\"https:\/\/totalblue.ro\/wp-content\/uploads\/2021\/03\/bcorporation-269x400.jpg\" alt=\"\" width=\"59\" height=\"88\" srcset=\"https:\/\/totalblue.ro\/wp-content\/uploads\/2021\/03\/bcorporation-269x400.jpg 269w, https:\/\/totalblue.ro\/wp-content\/uploads\/2021\/03\/bcorporation-100x149.jpg 100w, https:\/\/totalblue.ro\/wp-content\/uploads\/2021\/03\/bcorporation.jpg 320w\" sizes=\"auto, (max-width: 59px) 100vw, 59px\" \/><\/a><\/p>","protected":false},"excerpt":{"rendered":"<p>Mancarea pentru copii are un gust si o textura recunoscute care contribuie la dezvoltarea gustului. O gustare delicioasa pentru bebelusi cu ingrediente pure si naturale. Con\u021binut si greutate: 250 grame. Ingrediente: 37,32% legume (10% morcov, 8,32% piure concentrat de rosii, 6% ciuperci, 5% mazare, 4% praz, 4% ardei rosu), apa, 19% cartofi, 8,5% curcan, 4,2% [&#8230;]\n","protected":false},"featured_media":138373,"comment_status":"open","ping_status":"closed","template":"","meta":{"_acf_changed":false,"_seopress_robots_primary_cat":"1767","_seopress_titles_title":"Olvarit mancare pentru bebelusi Curcan, Risotto si Mazare ","_seopress_titles_desc":"Cauti mancare pentru bebelusi la borcanase? Cumpara acum Olvarit mancare bebelusi Curcan, Risotto si Mazare 18+ luni, mancare bebe Olanda","_seopress_robots_index":""},"product_brand":[6175],"product_cat":[1984,1520,5677,1767],"giftcard-category":[],"class_list":{"0":"post-138367","1":"product","2":"type-product","3":"status-publish","4":"has-post-thumbnail","6":"product_brand-olvarit","7":"product_cat-hrana-bebelusi","8":"product_cat-mama-copilul","9":"product_cat-mancare-si-accesorii-bebe","10":"product_cat-produse-olanda","12":"first","13":"outofstock","14":"taxable","15":"shipping-taxable","16":"purchasable","17":"product-type-simple"},"acf":[],"_links":{"self":[{"href":"https:\/\/totalblue.ro\/fr\/wp-json\/wp\/v2\/product\/138367","targetHints":{"allow":["GET"]}}],"collection":[{"href":"https:\/\/totalblue.ro\/fr\/wp-json\/wp\/v2\/product"}],"about":[{"href":"https:\/\/totalblue.ro\/fr\/wp-json\/wp\/v2\/types\/product"}],"replies":[{"embeddable":true,"href":"https:\/\/totalblue.ro\/fr\/wp-json\/wp\/v2\/comments?post=138367"}],"wp:featuredmedia":[{"embeddable":true,"href":"https:\/\/totalblue.ro\/fr\/wp-json\/wp\/v2\/media\/138373"}],"wp:attachment":[{"href":"https:\/\/totalblue.ro\/fr\/wp-json\/wp\/v2\/media?parent=138367"}],"wp:term":[{"taxonomy":"product_brand","embeddable":true,"href":"https:\/\/totalblue.ro\/fr\/wp-json\/wp\/v2\/product_brand?post=138367"},{"taxonomy":"product_cat","embeddable":true,"href":"https:\/\/totalblue.ro\/fr\/wp-json\/wp\/v2\/product_cat?post=138367"},{"taxonomy":"giftcard-category","embeddable":true,"href":"https:\/\/totalblue.ro\/fr\/wp-json\/wp\/v2\/giftcard-category?post=138367"}],"curies":[{"name":"wp","href":"https:\/\/api.w.org\/{rel}","templated":true}]}}