{"id":139413,"date":"2024-03-18T11:38:33","date_gmt":"2024-03-18T09:38:33","guid":{"rendered":"https:\/\/totalblue.ro\/?post_type=product&#038;p=139413"},"modified":"2024-09-14T16:46:48","modified_gmt":"2024-09-14T13:46:48","slug":"sos-wijko-sate-gata-preparat-120-g","status":"publish","type":"product","link":"https:\/\/totalblue.ro\/fr\/produs\/sos-wijko-sate-gata-preparat-120-g\/","title":{"rendered":"Sos Wijko Sat\u00e9 gata preparat 120 g"},"content":{"rendered":"<p>Wijko, sosul sate numarul 1 in Tarile de Jos<br \/>\nDoar incalziti-l timp de 2\/3 minute si este gata de utilizare<br \/>\nDelicios cu gratar, grigarui de pui, cartofi prajiti sau mancaruri orientale<br \/>\nIdeal pentru 2 portii<br \/>\n<strong>Ingr\u00e9dient :<\/strong> Apa, arahide 26%, zahar, sos de soia (apa, fasole din soia, sare, grau, conservant (sorbat de potasiu)), zer praf (lapte), otet, proteina hidrolizata din soia, ulei de rapita, amidon modificat, condimente, sambal (ardei rosu, sare, acid alimentar (acid acetic), conservant (acid benzoic)), sare, acizi alimentari (acid lactic, lactat de sodiu), praf de ceapa, ghimbir, conservant (sorbat de potasiu), emulgator (lecitina din soia), arome , extract de piper, antioxidant (E385)<br \/>\n<strong>Allerg\u00e8nes :<\/strong> Lait, arachides, c\u00e9r\u00e9ales contenant du gluten, soja, bl\u00e9<br \/>\n<strong>Recommandation de pr\u00e9paration :<\/strong> Au micro-ondes : retirer le couvercle et percer quelques trous dans le papier d'aluminium. Faire chauffer la sauce pendant environ 3 minutes \u00e0 650 watts maximum. Retirer d\u00e9licatement le papier d'aluminium et remuer doucement la sauce.<br \/>\nPo\u00eale : mettre la sauce dans la po\u00eale et la faire chauffer \u00e0 feu doux en remuant (ne pas faire bouillir).<br \/>\n<strong>Conditions de stockage :<\/strong> Conserver \u00e0 l'abri de la lumi\u00e8re et \u00e0 temp\u00e9rature ambiante. R\u00e9frig\u00e9rer apr\u00e8s ouverture.<br \/>\n<strong>Valeurs nutritionnelles\/100g :<\/strong><br \/>\nEnergie 1035 kJ (248 kcal)<br \/>\nGrasimi 14 g din care saturate 1,9 g<br \/>\nGlucide 22 g din care zaharuri 16 g<br \/>\nProt\u00e9ines 7,3 g<br \/>\nsare 1,2 g<br \/>\nFabriqu\u00e9 aux Pays-Bas par Wijko , Antwoordnummer 98057 1000 VA Amsterdam<br \/>\nImportateur et distributeur Total Blue Impex SRL<\/p>\n<p>&nbsp;<\/p>","protected":false},"excerpt":{"rendered":"<p>&nbsp;<\/p>\n<div id=\"simple-translate\" class=\"simple-translate-light-theme\">\n<div>\n<div class=\"simple-translate-button isShow\" style=\"height: 22px;width: 22px;top: 22px;left: -1px\"><\/div>\n<div class=\"simple-translate-panel\" style=\"width: 300px;height: 200px;top: 0px;left: 0px;font-size: 13px\">\n<div class=\"simple-translate-result-wrapper\" style=\"overflow: hidden\">\n<div class=\"simple-translate-move\"><\/div>\n<div class=\"simple-translate-result-contents\">\n<p class=\"simple-translate-candidate\" dir=\"auto\">\n<\/div>\n<\/div>\n<\/div>\n<\/div>\n<\/div>","protected":false},"featured_media":139418,"comment_status":"open","ping_status":"closed","template":"","meta":{"_acf_changed":false,"_seopress_robots_primary_cat":"1767","_seopress_titles_title":"Sos de arahide gata preparat, sos alune Wijko gata preparat","_seopress_titles_desc":"Cauti sos de arahide gata preparat ? Cumpara acum online Sos de arahide gata preparat, sos alune Wijko gata preparat, sos arahide gratare, bbq","_seopress_robots_index":""},"product_brand":[],"product_cat":[1555,3280,1451,1767],"giftcard-category":[],"class_list":{"0":"post-139413","1":"product","2":"type-product","3":"status-publish","4":"has-post-thumbnail","6":"product_cat-bacanie","7":"product_cat-condimente-sosuri","8":"product_cat-condimente-produse-instant","9":"product_cat-produse-olanda","11":"first","12":"outofstock","13":"taxable","14":"shipping-taxable","15":"purchasable","16":"product-type-simple"},"acf":[],"_links":{"self":[{"href":"https:\/\/totalblue.ro\/fr\/wp-json\/wp\/v2\/product\/139413","targetHints":{"allow":["GET"]}}],"collection":[{"href":"https:\/\/totalblue.ro\/fr\/wp-json\/wp\/v2\/product"}],"about":[{"href":"https:\/\/totalblue.ro\/fr\/wp-json\/wp\/v2\/types\/product"}],"replies":[{"embeddable":true,"href":"https:\/\/totalblue.ro\/fr\/wp-json\/wp\/v2\/comments?post=139413"}],"wp:featuredmedia":[{"embeddable":true,"href":"https:\/\/totalblue.ro\/fr\/wp-json\/wp\/v2\/media\/139418"}],"wp:attachment":[{"href":"https:\/\/totalblue.ro\/fr\/wp-json\/wp\/v2\/media?parent=139413"}],"wp:term":[{"taxonomy":"product_brand","embeddable":true,"href":"https:\/\/totalblue.ro\/fr\/wp-json\/wp\/v2\/product_brand?post=139413"},{"taxonomy":"product_cat","embeddable":true,"href":"https:\/\/totalblue.ro\/fr\/wp-json\/wp\/v2\/product_cat?post=139413"},{"taxonomy":"giftcard-category","embeddable":true,"href":"https:\/\/totalblue.ro\/fr\/wp-json\/wp\/v2\/giftcard-category?post=139413"}],"curies":[{"name":"wp","href":"https:\/\/api.w.org\/{rel}","templated":true}]}}