{"id":140307,"date":"2024-03-19T16:08:51","date_gmt":"2024-03-19T14:08:51","guid":{"rendered":"https:\/\/totalblue.ro\/?post_type=product&#038;p=140307"},"modified":"2025-08-05T12:39:26","modified_gmt":"2025-08-05T09:39:26","slug":"barilla-emiliane-paste-tortelloni-cu-ou-si-prosciutto-crudo-250g","status":"publish","type":"product","link":"https:\/\/totalblue.ro\/fr\/produs\/barilla-emiliane-paste-tortelloni-cu-ou-si-prosciutto-crudo-250g\/","title":{"rendered":"Barilla Emiliane Paste Tortelloni cu ou si Prosciutto Crudo 250g"},"content":{"rendered":"<p>Barilla Emiliane Paste Tortelloni cu ou si Prosciutto Crudo 250g<\/p>\n<p>Ingrediente: Faina de grau dur, Oua proaspete de categoria A (28,2% la patiserie, 13,9% la umplutura, 23% la produsul finit), Carne de porc inabusita (porc, sare, piper), Paine rasa (tip \u201e0\u201d faina de grau moale, drojdie, sare, apa), ulei de floarea soarelui, fulgi de cartofi, sunca cruda ((pulpe de porc, sare) 6,9% la umplutura, 2,5% la produsul finit)), fibre de grau, Parmigiano Reggiano DOP (lapte), sare, antioxidant: extract de rozmarin.<\/p>\n<p>Poate contine urme de soia.<\/p>\n<p>Alergeni: Contine oua, lapte, grau. Poate contine soia.<\/p>\n<p>Stockage : Conserver dans un endroit sec, \u00e0 l'abri de la lumi\u00e8re et \u00e0 temp\u00e9rature ambiante. Ne pas exposer \u00e0 la lumi\u00e8re directe du soleil.<br \/>\nConsommer avant : voir sur l'emballage.<br \/>\nA nu se lasa la indemana copiilor.<br \/>\nDupa deschidere a se pastra la rece maxim 5 zile. Nu depozitati intr-un recipient deschis.<br \/>\nValeurs nutritionnelles\/100g :<br \/>\nEnergie 1692 kJ (403 kcal)<br \/>\nGrasimi 13 g din care saturate 3 g<br \/>\nCarbohidrati 52.9 g din care zaharuri 1.8 g<br \/>\nProt\u00e9ines 16 g<br \/>\nSel 1 g<br \/>\nFibres 5 g<\/p>","protected":false},"excerpt":{"rendered":"<p>Barilla Emiliane Paste Tortelloni cu ou si Prosciutto Crudo 250g Ingrediente: Faina de grau dur, Oua proaspete de categoria A (28,2% la patiserie, 13,9% la umplutura, 23% la produsul finit), Carne de porc inabusita (porc, sare, piper), Paine rasa (tip \u201e0\u201d faina de grau moale, drojdie, sare, apa), ulei de floarea soarelui, fulgi de cartofi, [&#8230;]\n","protected":false},"featured_media":140313,"comment_status":"open","ping_status":"closed","template":"","meta":{"_acf_changed":false,"_seopress_robots_primary_cat":"none","_seopress_titles_title":"Barilla Emiliane Paste Tortelloni cu ou si Prosciutto Crudo 250g","_seopress_titles_desc":"Cauti Barilla Emiliane Paste Tortelloni oua si Prosciutto Crudo? Cumpara acum Barilla Emiliane Paste Tortelloni  ou Prosciutto Crudo cu livrare rapida.","_seopress_robots_index":""},"product_brand":[1798],"product_cat":[1555,1463,21544,18062],"giftcard-category":[],"class_list":{"0":"post-140307","1":"product","2":"type-product","3":"status-publish","4":"has-post-thumbnail","6":"product_brand-barilla","7":"product_cat-bacanie","8":"product_cat-orez","9":"product_cat-paste-orez-ulei-otet-produse-italia","10":"product_cat-produse-italia","12":"first","13":"outofstock","14":"taxable","15":"shipping-taxable","16":"purchasable","17":"product-type-simple"},"acf":[],"_links":{"self":[{"href":"https:\/\/totalblue.ro\/fr\/wp-json\/wp\/v2\/product\/140307","targetHints":{"allow":["GET"]}}],"collection":[{"href":"https:\/\/totalblue.ro\/fr\/wp-json\/wp\/v2\/product"}],"about":[{"href":"https:\/\/totalblue.ro\/fr\/wp-json\/wp\/v2\/types\/product"}],"replies":[{"embeddable":true,"href":"https:\/\/totalblue.ro\/fr\/wp-json\/wp\/v2\/comments?post=140307"}],"wp:featuredmedia":[{"embeddable":true,"href":"https:\/\/totalblue.ro\/fr\/wp-json\/wp\/v2\/media\/140313"}],"wp:attachment":[{"href":"https:\/\/totalblue.ro\/fr\/wp-json\/wp\/v2\/media?parent=140307"}],"wp:term":[{"taxonomy":"product_brand","embeddable":true,"href":"https:\/\/totalblue.ro\/fr\/wp-json\/wp\/v2\/product_brand?post=140307"},{"taxonomy":"product_cat","embeddable":true,"href":"https:\/\/totalblue.ro\/fr\/wp-json\/wp\/v2\/product_cat?post=140307"},{"taxonomy":"giftcard-category","embeddable":true,"href":"https:\/\/totalblue.ro\/fr\/wp-json\/wp\/v2\/giftcard-category?post=140307"}],"curies":[{"name":"wp","href":"https:\/\/api.w.org\/{rel}","templated":true}]}}