{"id":140806,"date":"2024-03-20T15:56:46","date_gmt":"2024-03-20T13:56:46","guid":{"rendered":"https:\/\/totalblue.ro\/?post_type=product&#038;p=140806"},"modified":"2025-12-26T16:12:08","modified_gmt":"2025-12-26T14:12:08","slug":"tigullio-sos-pesto-cu-ridiche-rosie-si-sunca-185g-import-italia","status":"publish","type":"product","link":"https:\/\/totalblue.ro\/fr\/produs\/tigullio-sos-pesto-cu-ridiche-rosie-si-sunca-185g-import-italia\/","title":{"rendered":"Tigullio Sauce pesto avec radis rouge et jambon, 185g, import d'Italie"},"content":{"rendered":"<p>Cand aroma intensa de speck afumat cu lemn de fag se combina cu delicatetea ridichiei, ia nastere o combinatie invaluitoare. Lasa-te surprins de aceasta combinatie speciala.<br \/>\nIngrediente: ulei de floarea soarelui, ridiche 20%, cartofi, sirop de glucoza, ricotta (zer, smantana, sare, regulator de aciditate: acid citric), branza Grana Padano DOP (cu proteine \u200b\u200bdin ou), speck 4% (carne de porc, sare, dextroza, condimente si extracte de condimente), branza Pecorino Romano DOP, nuci, sare, proteine \u200b\u200bdin lapte, zer praf, fibre vegetale (cartofi si bambus), fulgi de cartofi, usturoi, corector de aciditate: acid lactic; concentrat de morcovi si coacaze negre.<br \/>\nPeut contenir des traces d'autres fruits \u00e0 coque.<br \/>\nSans gluten<br \/>\nPentru a va bucura de toata aroma Tigullio Radicchio si Speck, pur si simplu adaugati putina sare in apa de gatit pastele si folositi o lingura pentru a dilua fiecare portie de pesto inainte de a o amesteca cu pastele.<br \/>\nConserver \u00e0 temp\u00e9rature ambiante. Apr\u00e8s ouverture, conserver au r\u00e9frig\u00e9rateur pendant 5 jours au maximum, en ajoutant de l'huile d'olive.<\/p>\n<p>Valeurs nutritionnelles\/100g :<br \/>\nEnergie 1601 kJ (387 kcal)<br \/>\nGrasimi 33 g din care saturate 4.6 g<br \/>\nCarbohidrati 16 g din care zaharuri 7.1 g<br \/>\nFibres 1,4 g<br \/>\nProteine \u200b\u200b5.7 g<br \/>\nSare 2.9 g<\/p>","protected":false},"excerpt":{"rendered":"<p>Cand aroma intensa de speck afumat cu lemn de fag se combina cu delicatetea ridichiei, ia nastere o combinatie invaluitoare. Lasa-te surprins de aceasta combinatie speciala. Ingrediente: ulei de floarea soarelui, ridiche 20%, cartofi, sirop de glucoza, ricotta (zer, smantana, sare, regulator de aciditate: acid citric), branza Grana Padano DOP (cu proteine \u200b\u200bdin ou), speck [&#8230;]\n","protected":false},"featured_media":140813,"comment_status":"open","ping_status":"closed","template":"","meta":{"_acf_changed":false,"_seopress_robots_primary_cat":"none","_seopress_titles_title":"","_seopress_titles_desc":"","_seopress_robots_index":""},"product_brand":[24444],"product_cat":[1555,1451,21410,22076,21826,18062],"giftcard-category":[],"class_list":{"0":"post-140806","1":"product","2":"type-product","3":"status-publish","4":"has-post-thumbnail","6":"product_brand-tigullio","7":"product_cat-bacanie","8":"product_cat-condimente-produse-instant","9":"product_cat-condimente-sosuri-produse-italia","10":"product_cat-fara-gluten","11":"product_cat-produse-bio-dietetice","12":"product_cat-produse-italia","14":"first","15":"outofstock","16":"taxable","17":"shipping-taxable","18":"purchasable","19":"product-type-simple"},"acf":[],"_links":{"self":[{"href":"https:\/\/totalblue.ro\/fr\/wp-json\/wp\/v2\/product\/140806","targetHints":{"allow":["GET"]}}],"collection":[{"href":"https:\/\/totalblue.ro\/fr\/wp-json\/wp\/v2\/product"}],"about":[{"href":"https:\/\/totalblue.ro\/fr\/wp-json\/wp\/v2\/types\/product"}],"replies":[{"embeddable":true,"href":"https:\/\/totalblue.ro\/fr\/wp-json\/wp\/v2\/comments?post=140806"}],"wp:featuredmedia":[{"embeddable":true,"href":"https:\/\/totalblue.ro\/fr\/wp-json\/wp\/v2\/media\/140813"}],"wp:attachment":[{"href":"https:\/\/totalblue.ro\/fr\/wp-json\/wp\/v2\/media?parent=140806"}],"wp:term":[{"taxonomy":"product_brand","embeddable":true,"href":"https:\/\/totalblue.ro\/fr\/wp-json\/wp\/v2\/product_brand?post=140806"},{"taxonomy":"product_cat","embeddable":true,"href":"https:\/\/totalblue.ro\/fr\/wp-json\/wp\/v2\/product_cat?post=140806"},{"taxonomy":"giftcard-category","embeddable":true,"href":"https:\/\/totalblue.ro\/fr\/wp-json\/wp\/v2\/giftcard-category?post=140806"}],"curies":[{"name":"wp","href":"https:\/\/api.w.org\/{rel}","templated":true}]}}