{"id":140868,"date":"2024-03-20T16:15:26","date_gmt":"2024-03-20T14:15:26","guid":{"rendered":"https:\/\/totalblue.ro\/?post_type=product&#038;p=140868"},"modified":"2025-08-12T10:49:32","modified_gmt":"2025-08-12T07:49:32","slug":"tigullio-sauce-pesto-avec-ricotta-truffe-et-poivre-noir-185g-import-italie","status":"publish","type":"product","link":"https:\/\/totalblue.ro\/fr\/produs\/tigullio-sos-pesto-cu-ricotta-trufe-si-piper-negru-185g-import-italia\/","title":{"rendered":"Tigullio Sauce pesto \u00e0 la ricotta, truffes et poivre noir, 185g, import Italie"},"content":{"rendered":"<p>La d\u00e9licatesse de la ricotta fra\u00eeche rencontre l'intensit\u00e9 de la truffe noire italienne, rehauss\u00e9e par une note \u00e9pic\u00e9e de poivre noir. Fruit de la grande exp\u00e9rience de Tigullio, une v\u00e9ritable sp\u00e9cialit\u00e9 pour rehausser le go\u00fbt de vos plats.<br \/>\nPour profiter pleinement de la saveur de la ricotta Tigullio, de la truffe et du poivre noir, il suffit d'ajouter un peu de sel \u00e0 l'eau de cuisson des p\u00e2tes et de diluer chaque portion d'assaisonnement \u00e0 l'aide d'une cuill\u00e8re avant de l'incorporer aux p\u00e2tes.<br \/>\nSans gluten<br \/>\nConserver \u00e0 temp\u00e9rature ambiante. Apr\u00e8s ouverture, conserver au r\u00e9frig\u00e9rateur pendant 5 jours au maximum, en ajoutant de l'huile d'olive.<br \/>\nIngr\u00e9dients : huile de tournesol, champignons de Paris (Agaricus bisporus), pommes de terre, aubergines, sirop de glucose, ricotta 6% (lactos\u00e9rum, cr\u00e8me fra\u00eeche, sel, r\u00e9gulateur d'acidit\u00e9 : acide citrique), fromage Pecorino Romano AOP, sel, prot\u00e9ines de lait, lactos\u00e9rum en poudre, flocons de pommes de terre, truffe d'\u00e9t\u00e9 noire 0,48% 0,48% (Tuber aestivum) r\u00e9hydrat\u00e9e, ail, r\u00e9gulateur d'acidit\u00e9 : acide lactique ; fibres v\u00e9g\u00e9tales de bambou, ar\u00f4me, poivre noir 0,02% 0,02%.<br \/>\nPeut contenir des traces d'autres fruits \u00e0 coque.<\/p>\n<p>Valeurs nutritionnelles\/100g :<br \/>\n\u00c9nergie 1316 kJ (318 kcal)<br \/>\nGraisses 28 g dont 3,7 g de graisses satur\u00e9es<br \/>\nGlucides 13 g dont sucres 6,1 g<br \/>\nFibres 1 g<br \/>\nProt\u00e9ines 3 g<br \/>\nSel 3 g<\/p>","protected":false},"excerpt":{"rendered":"<p>Delicatetea ricottei proaspete se intalneste cu intensitatea trufei negre italiene, imbunatatita de o nota picanta de piper negru. Din marea experienta a lui Tigullio, doar pentru tine o adevarata specialitate pentru a spori gustul preparatelor tale. Pentru a va bucura de toata aroma Tigullio Ricotta, Trufei si Piperului Negru, pur si simplu adaugati putina sare [&#8230;]\n","protected":false},"featured_media":140876,"comment_status":"open","ping_status":"closed","template":"","meta":{"_acf_changed":false,"_seopress_robots_primary_cat":"none","_seopress_titles_title":"","_seopress_titles_desc":"","_seopress_robots_index":""},"product_brand":[24444],"product_cat":[1555,1451,21410,22076,21826,18062],"giftcard-category":[],"class_list":{"0":"post-140868","1":"product","2":"type-product","3":"status-publish","4":"has-post-thumbnail","6":"product_brand-tigullio","7":"product_cat-bacanie","8":"product_cat-condimente-produse-instant","9":"product_cat-condimente-sosuri-produse-italia","10":"product_cat-fara-gluten","11":"product_cat-produse-bio-dietetice","12":"product_cat-produse-italia","14":"first","15":"outofstock","16":"taxable","17":"shipping-taxable","18":"purchasable","19":"product-type-simple"},"acf":[],"_links":{"self":[{"href":"https:\/\/totalblue.ro\/fr\/wp-json\/wp\/v2\/product\/140868","targetHints":{"allow":["GET"]}}],"collection":[{"href":"https:\/\/totalblue.ro\/fr\/wp-json\/wp\/v2\/product"}],"about":[{"href":"https:\/\/totalblue.ro\/fr\/wp-json\/wp\/v2\/types\/product"}],"replies":[{"embeddable":true,"href":"https:\/\/totalblue.ro\/fr\/wp-json\/wp\/v2\/comments?post=140868"}],"wp:featuredmedia":[{"embeddable":true,"href":"https:\/\/totalblue.ro\/fr\/wp-json\/wp\/v2\/media\/140876"}],"wp:attachment":[{"href":"https:\/\/totalblue.ro\/fr\/wp-json\/wp\/v2\/media?parent=140868"}],"wp:term":[{"taxonomy":"product_brand","embeddable":true,"href":"https:\/\/totalblue.ro\/fr\/wp-json\/wp\/v2\/product_brand?post=140868"},{"taxonomy":"product_cat","embeddable":true,"href":"https:\/\/totalblue.ro\/fr\/wp-json\/wp\/v2\/product_cat?post=140868"},{"taxonomy":"giftcard-category","embeddable":true,"href":"https:\/\/totalblue.ro\/fr\/wp-json\/wp\/v2\/giftcard-category?post=140868"}],"curies":[{"name":"wp","href":"https:\/\/api.w.org\/{rel}","templated":true}]}}