{"id":140888,"date":"2024-03-20T16:25:12","date_gmt":"2024-03-20T14:25:12","guid":{"rendered":"https:\/\/totalblue.ro\/?post_type=product&#038;p=140888"},"modified":"2026-02-17T16:07:11","modified_gmt":"2026-02-17T14:07:11","slug":"tigullio-sauce-pesto-aux-artichauts-et-aux-noix-185g-import-italie","status":"publish","type":"product","link":"https:\/\/totalblue.ro\/fr\/produs\/tigullio-sos-pesto-cu-anghinare-si-nuci-185g-import-italia\/","title":{"rendered":"Tigullio Sauce pesto aux artichauts et aux noix, 185g, import d'Italie"},"content":{"rendered":"<p>Lorsque les c\u0153urs velout\u00e9s et tendres des artichauts s'associent au croquant des noix, on obtient une combinaison d'une consistance unique.<br \/>\nPour profiter pleinement de la saveur des artichauts de Tigullio et des noix, il suffit d'ajouter un peu de sel \u00e0 l'eau de cuisson des p\u00e2tes et de diluer chaque portion de pesto \u00e0 l'aide d'une cuill\u00e8re avant de la m\u00e9langer aux p\u00e2tes.<br \/>\nConserver \u00e0 temp\u00e9rature ambiante. Apr\u00e8s ouverture, conserver au r\u00e9frig\u00e9rateur pendant 5 jours au maximum, en ajoutant de l'huile d'olive.<br \/>\nSans gluten<br \/>\nIngr\u00e9dients : huile de tournesol, coeurs d'artichauts 27%, pommes de terre, sirop de glucose, fromage Grana Padano DOP (avec des prot\u00e9ines d'\u0153uf), sel, noix 2%, lactos\u00e9rum en poudre, prot\u00e9ines de lait, ail, r\u00e9gulateur d'acidit\u00e9 : acide lactique ; concentr\u00e9 de : curcuma, spiruline et pomme.<br \/>\nPeut contenir des traces d'autres fruits \u00e0 coque.<\/p>\n<p>Valeurs nutritionnelles\/100g :<br \/>\n\u00c9nergie 1903 kJ (461 kcal)<br \/>\nGraisses 44 g dont 5,2 g de graisses satur\u00e9es<br \/>\nGlucides 12 g dont sucres 6,7 g<br \/>\nFibres 1,7 g<br \/>\nProt\u00e9ines 3,4 g<br \/>\nSel 2,7 g<\/p>","protected":false},"excerpt":{"rendered":"<p>Cand inimile catifelate si fragede de anghinare se combina cu crocantul nucilor, ia nastere o combinatie cu o consistenta unica. Pentru a va bucura de toata aroma anghinarelor si nucilor Tigullio, pur si simplu adaugati putina sare in apa de gatit pastele si folositi o lingura pentru a dilua fiecare portie de pesto inainte de [&#8230;]\n","protected":false},"featured_media":140895,"comment_status":"open","ping_status":"closed","template":"","meta":{"_acf_changed":false,"_seopress_robots_primary_cat":"none","_seopress_titles_title":"","_seopress_titles_desc":"","_seopress_robots_index":""},"product_brand":[24444],"product_cat":[1555,1451,21410,22076,21826,18062],"giftcard-category":[],"class_list":{"0":"post-140888","1":"product","2":"type-product","3":"status-publish","4":"has-post-thumbnail","6":"product_brand-tigullio","7":"product_cat-bacanie","8":"product_cat-condimente-produse-instant","9":"product_cat-condimente-sosuri-produse-italia","10":"product_cat-fara-gluten","11":"product_cat-produse-bio-dietetice","12":"product_cat-produse-italia","14":"first","15":"outofstock","16":"taxable","17":"shipping-taxable","18":"purchasable","19":"product-type-simple"},"acf":[],"_links":{"self":[{"href":"https:\/\/totalblue.ro\/fr\/wp-json\/wp\/v2\/product\/140888","targetHints":{"allow":["GET"]}}],"collection":[{"href":"https:\/\/totalblue.ro\/fr\/wp-json\/wp\/v2\/product"}],"about":[{"href":"https:\/\/totalblue.ro\/fr\/wp-json\/wp\/v2\/types\/product"}],"replies":[{"embeddable":true,"href":"https:\/\/totalblue.ro\/fr\/wp-json\/wp\/v2\/comments?post=140888"}],"wp:featuredmedia":[{"embeddable":true,"href":"https:\/\/totalblue.ro\/fr\/wp-json\/wp\/v2\/media\/140895"}],"wp:attachment":[{"href":"https:\/\/totalblue.ro\/fr\/wp-json\/wp\/v2\/media?parent=140888"}],"wp:term":[{"taxonomy":"product_brand","embeddable":true,"href":"https:\/\/totalblue.ro\/fr\/wp-json\/wp\/v2\/product_brand?post=140888"},{"taxonomy":"product_cat","embeddable":true,"href":"https:\/\/totalblue.ro\/fr\/wp-json\/wp\/v2\/product_cat?post=140888"},{"taxonomy":"giftcard-category","embeddable":true,"href":"https:\/\/totalblue.ro\/fr\/wp-json\/wp\/v2\/giftcard-category?post=140888"}],"curies":[{"name":"wp","href":"https:\/\/api.w.org\/{rel}","templated":true}]}}