{"id":141510,"date":"2024-03-22T12:56:30","date_gmt":"2024-03-22T10:56:30","guid":{"rendered":"https:\/\/totalblue.ro\/?post_type=product&#038;p=141510"},"modified":"2026-01-30T09:27:26","modified_gmt":"2026-01-30T07:27:26","slug":"ponti-aperitiv-de-legume-280g-import-italia","status":"publish","type":"product","link":"https:\/\/totalblue.ro\/fr\/produs\/ponti-aperitiv-de-legume-280g-import-italia\/","title":{"rendered":"Ap\u00e9ritif aux l\u00e9gumes Ponti 280g, import\u00e9 d'Italie"},"content":{"rendered":"<p>Salata de legume cu ulei si otet de vin.<br \/>\nGreutate neta: 280 g<br \/>\nGreutate uscata: 160 g<br \/>\nIngrediente: Legume in proportii variabile (telina, morcovi, ardei), otet de vin, sare, antioxidant: dioxid de sulf.<br \/>\nValori nutritionale medii la 100 g de produs<br \/>\nValoare energetica 308 KJ \/ 75 Kcal<br \/>\nGrasimi 7.2 g din care acizi grasi saturati 0.9 g<br \/>\nGlucide 0.6 g din care zaharuri 0 g<br \/>\nFibre 2,2 g<br \/>\nProt\u00e9ines 0,8 g<br \/>\nSel 2,5 g<\/p>","protected":false},"excerpt":{"rendered":"<p>Salata de legume cu ulei si otet de vin. Greutate neta: 280 g Greutate uscata: 160 g Ingrediente: Legume in proportii variabile (telina, morcovi, ardei), otet de vin, sare, antioxidant: dioxid de sulf. Valori nutritionale medii la 100 g de produs Valoare energetica 308 KJ \/ 75 Kcal Grasimi 7.2 g din care acizi grasi [&#8230;]\n","protected":false},"featured_media":141516,"comment_status":"open","ping_status":"closed","template":"","meta":{"_acf_changed":false,"_seopress_robots_primary_cat":"none","_seopress_titles_title":"","_seopress_titles_desc":"","_seopress_robots_index":""},"product_brand":[24493],"product_cat":[1555,1683,21428,18062],"giftcard-category":[],"class_list":{"0":"post-141510","1":"product","2":"type-product","3":"status-publish","4":"has-post-thumbnail","6":"product_brand-ponti","7":"product_cat-bacanie","8":"product_cat-conserve-mancare-gatita","9":"product_cat-conserve-muraturi","10":"product_cat-produse-italia","12":"first","13":"outofstock","14":"taxable","15":"shipping-taxable","16":"purchasable","17":"product-type-simple"},"acf":[],"_links":{"self":[{"href":"https:\/\/totalblue.ro\/fr\/wp-json\/wp\/v2\/product\/141510","targetHints":{"allow":["GET"]}}],"collection":[{"href":"https:\/\/totalblue.ro\/fr\/wp-json\/wp\/v2\/product"}],"about":[{"href":"https:\/\/totalblue.ro\/fr\/wp-json\/wp\/v2\/types\/product"}],"replies":[{"embeddable":true,"href":"https:\/\/totalblue.ro\/fr\/wp-json\/wp\/v2\/comments?post=141510"}],"wp:featuredmedia":[{"embeddable":true,"href":"https:\/\/totalblue.ro\/fr\/wp-json\/wp\/v2\/media\/141516"}],"wp:attachment":[{"href":"https:\/\/totalblue.ro\/fr\/wp-json\/wp\/v2\/media?parent=141510"}],"wp:term":[{"taxonomy":"product_brand","embeddable":true,"href":"https:\/\/totalblue.ro\/fr\/wp-json\/wp\/v2\/product_brand?post=141510"},{"taxonomy":"product_cat","embeddable":true,"href":"https:\/\/totalblue.ro\/fr\/wp-json\/wp\/v2\/product_cat?post=141510"},{"taxonomy":"giftcard-category","embeddable":true,"href":"https:\/\/totalblue.ro\/fr\/wp-json\/wp\/v2\/giftcard-category?post=141510"}],"curies":[{"name":"wp","href":"https:\/\/api.w.org\/{rel}","templated":true}]}}