{"id":143254,"date":"2024-03-27T14:41:50","date_gmt":"2024-03-27T12:41:50","guid":{"rendered":"https:\/\/totalblue.ro\/?post_type=product&#038;p=143254"},"modified":"2026-02-06T10:25:57","modified_gmt":"2026-02-06T08:25:57","slug":"tigullio-sos-pesto-cu-ardei-si-nuci-185g-import-italia","status":"publish","type":"product","link":"https:\/\/totalblue.ro\/fr\/produs\/tigullio-sos-pesto-cu-ardei-si-nuci-185g-import-italia\/","title":{"rendered":"Tigullio Sauce pesto aux poivrons et aux noix, 185g, import d'Italie"},"content":{"rendered":"<p>Notele intepatoare si robuste ale ardeiului rosu la gratar se combina cu delicatetea celor mai parfumate nuci. Descopera aceasta combinatie delicioasa pentru a da o nota extraordinara preparatelor tale.<br \/>\nPour profiter pleinement de la saveur des artichauts de Tigullio et des noix, il suffit d'ajouter un peu de sel \u00e0 l'eau de cuisson des p\u00e2tes et de diluer chaque portion de pesto \u00e0 l'aide d'une cuill\u00e8re avant de la m\u00e9langer aux p\u00e2tes.<br \/>\nConserver \u00e0 temp\u00e9rature ambiante. Apr\u00e8s ouverture, conserver au r\u00e9frig\u00e9rateur pendant 5 jours au maximum, en ajoutant de l'huile d'olive.<br \/>\nSans gluten<br \/>\nIngrediente: Ardei rosu si galben (31%), uleiuri vegetale (floarea soarelui, masline, masline virgine, tescovina de masline, rapita), ardei rosu la gratar (20%), branza Grana Padano DOP (cu proteine \u200b\u200bdin ou), fulgi de cartofi, sare, nuci (2,9%), regulator de aciditate: acid lactic, piper negru<br \/>\nPoate contine urme de alte nuci<\/p>\n<p>Valeurs nutritionnelles\/100g :<br \/>\nEnergie 1443kJ\/350 kcal<br \/>\nGrasimi 34 g din care acizi grasi saturati 4,5 g<br \/>\nGlucide 6,4 g din care zaharuri 3,8 g<br \/>\nFibre 1,6 g<br \/>\nProt\u00e9ines 3,7 g<br \/>\nSare 2,6 g<\/p>","protected":false},"excerpt":{"rendered":"<p>Notele intepatoare si robuste ale ardeiului rosu la gratar se combina cu delicatetea celor mai parfumate nuci. Descopera aceasta combinatie delicioasa pentru a da o nota extraordinara preparatelor tale. Pentru a va bucura de toata aroma anghinarelor si nucilor Tigullio, pur si simplu adaugati putina sare in apa de gatit pastele si folositi o lingura [&#8230;]\n","protected":false},"featured_media":143263,"comment_status":"open","ping_status":"closed","template":"","meta":{"_acf_changed":false,"_seopress_robots_primary_cat":"none","_seopress_titles_title":"","_seopress_titles_desc":"","_seopress_robots_index":""},"product_brand":[24444],"product_cat":[1555,1451,21410,22076,21826,18062],"giftcard-category":[],"class_list":{"0":"post-143254","1":"product","2":"type-product","3":"status-publish","4":"has-post-thumbnail","6":"product_brand-tigullio","7":"product_cat-bacanie","8":"product_cat-condimente-produse-instant","9":"product_cat-condimente-sosuri-produse-italia","10":"product_cat-fara-gluten","11":"product_cat-produse-bio-dietetice","12":"product_cat-produse-italia","14":"first","15":"outofstock","16":"taxable","17":"shipping-taxable","18":"purchasable","19":"product-type-simple"},"acf":[],"_links":{"self":[{"href":"https:\/\/totalblue.ro\/fr\/wp-json\/wp\/v2\/product\/143254","targetHints":{"allow":["GET"]}}],"collection":[{"href":"https:\/\/totalblue.ro\/fr\/wp-json\/wp\/v2\/product"}],"about":[{"href":"https:\/\/totalblue.ro\/fr\/wp-json\/wp\/v2\/types\/product"}],"replies":[{"embeddable":true,"href":"https:\/\/totalblue.ro\/fr\/wp-json\/wp\/v2\/comments?post=143254"}],"wp:featuredmedia":[{"embeddable":true,"href":"https:\/\/totalblue.ro\/fr\/wp-json\/wp\/v2\/media\/143263"}],"wp:attachment":[{"href":"https:\/\/totalblue.ro\/fr\/wp-json\/wp\/v2\/media?parent=143254"}],"wp:term":[{"taxonomy":"product_brand","embeddable":true,"href":"https:\/\/totalblue.ro\/fr\/wp-json\/wp\/v2\/product_brand?post=143254"},{"taxonomy":"product_cat","embeddable":true,"href":"https:\/\/totalblue.ro\/fr\/wp-json\/wp\/v2\/product_cat?post=143254"},{"taxonomy":"giftcard-category","embeddable":true,"href":"https:\/\/totalblue.ro\/fr\/wp-json\/wp\/v2\/giftcard-category?post=143254"}],"curies":[{"name":"wp","href":"https:\/\/api.w.org\/{rel}","templated":true}]}}