{"id":148810,"date":"2024-05-02T10:14:51","date_gmt":"2024-05-02T07:14:51","guid":{"rendered":"https:\/\/totalblue.ro\/?post_type=product&#038;p=148810"},"modified":"2025-08-05T15:20:12","modified_gmt":"2025-08-05T12:20:12","slug":"dubbelfrisss-1kcal-framboises-framboises-myrtilles-boisson-rafraichissante-15l-importe-des-pays-bas","status":"publish","type":"product","link":"https:\/\/totalblue.ro\/fr\/produs\/dubbelfrisss-1kcal-zmeura-merisoare-bautura-racoritoare-15l-import-olanda\/","title":{"rendered":"DubbelFrisss 1Kcal Boisson rafra\u00eechissante \u00e0 la framboise et \u00e0 la canneberge 1,5L, import\u00e9 des Pays-Bas"},"content":{"rendered":"<p>Ingr\u00e9dients : eau, jus de fruits \u00e0 base de concentr\u00e9 (framboise 1,5%, cassis 1,5%, cassis 0,1%), jus de carotte \u00e0 base de concentr\u00e9, acide (acide citrique), ar\u00f4me, \u00e9dulcorant (sucralose), dioxyde de carbone (&lt;0,1%).<br \/>\nContenu et poids 1500 ml<br \/>\nValeurs nutritionnelles pour 100g<br \/>\nCes valeurs s'appliquent au produit non pr\u00e9par\u00e9.<br \/>\n\u00c9nergie 4 kJ (1 kcal)<br \/>\nMati\u00e8res grasses 0 g dont satur\u00e9es 0 g<br \/>\nGlucides 0,1 g dont sucres 0,1 g<br \/>\nProt\u00e9ines 0 g<br \/>\nSel 0,003 g<br \/>\nConditions de conservation : conserver dans un endroit sec et frais, \u00e0 l'abri de la lumi\u00e8re directe du soleil.<br \/>\nConsommer avant : voir sur l'emballage.<br \/>\nFabricant : Riedel Consumentenservice, Antwoordnummer 31, 6710 VB Ede, Pays-Bas.<br \/>\nImportateur et distributeur : Total Blue Impex SRL, Bucarest, Roumanie.<\/p>","protected":false},"excerpt":{"rendered":"<p>Ingrediente: Apa, suc de fructe din concentrat (zmeura 1,5%, merisor 1,5%, coacaze negre 0,1%), suc de morcovi din concentrat, acid (acid citric), aroma, indulcitor (sucraloza), dioxid de carbon (&lt;0,1%). Continut si greutate 1500 ml Valori nutritionale per 100g Aceste valori se aplic\u0103 produsului nepreparat. Energie 4 kJ (1 kcal) Grasimi 0 g din care saturate [&#8230;]\n","protected":false},"featured_media":148816,"comment_status":"open","ping_status":"closed","template":"","meta":{"_acf_changed":false,"_seopress_robots_primary_cat":"none","_seopress_titles_title":"","_seopress_titles_desc":"","_seopress_robots_index":""},"product_brand":[11698],"product_cat":[1354,22112,21826,1767,3312],"giftcard-category":[],"class_list":{"0":"post-148810","1":"product","2":"type-product","3":"status-publish","4":"has-post-thumbnail","6":"product_brand-dubbelfrisss","7":"product_cat-apa-plata-apa-minerala-sucuri","8":"product_cat-fara-zahar-adaugat","9":"product_cat-produse-bio-dietetice","10":"product_cat-produse-olanda","11":"product_cat-bauturi-racoritoare-produse-olanda","13":"first","14":"outofstock","15":"taxable","16":"shipping-taxable","17":"purchasable","18":"product-type-simple"},"acf":[],"_links":{"self":[{"href":"https:\/\/totalblue.ro\/fr\/wp-json\/wp\/v2\/product\/148810","targetHints":{"allow":["GET"]}}],"collection":[{"href":"https:\/\/totalblue.ro\/fr\/wp-json\/wp\/v2\/product"}],"about":[{"href":"https:\/\/totalblue.ro\/fr\/wp-json\/wp\/v2\/types\/product"}],"replies":[{"embeddable":true,"href":"https:\/\/totalblue.ro\/fr\/wp-json\/wp\/v2\/comments?post=148810"}],"wp:featuredmedia":[{"embeddable":true,"href":"https:\/\/totalblue.ro\/fr\/wp-json\/wp\/v2\/media\/148816"}],"wp:attachment":[{"href":"https:\/\/totalblue.ro\/fr\/wp-json\/wp\/v2\/media?parent=148810"}],"wp:term":[{"taxonomy":"product_brand","embeddable":true,"href":"https:\/\/totalblue.ro\/fr\/wp-json\/wp\/v2\/product_brand?post=148810"},{"taxonomy":"product_cat","embeddable":true,"href":"https:\/\/totalblue.ro\/fr\/wp-json\/wp\/v2\/product_cat?post=148810"},{"taxonomy":"giftcard-category","embeddable":true,"href":"https:\/\/totalblue.ro\/fr\/wp-json\/wp\/v2\/giftcard-category?post=148810"}],"curies":[{"name":"wp","href":"https:\/\/api.w.org\/{rel}","templated":true}]}}