{"id":148998,"date":"2024-05-02T11:38:03","date_gmt":"2024-05-02T08:38:03","guid":{"rendered":"https:\/\/totalblue.ro\/?post_type=product&#038;p=148998"},"modified":"2026-03-09T12:44:02","modified_gmt":"2026-03-09T10:44:02","slug":"teisseire-le-0-sirop-concentrat-cu-aroma-de-fructe-de-padure-600-ml","status":"publish","type":"product","link":"https:\/\/totalblue.ro\/fr\/produs\/teisseire-le-0-sirop-concentrat-cu-aroma-de-fructe-de-padure-600-ml\/","title":{"rendered":"Teisseire Le 0% Sirop concentr\u00e9 \u00e0 l'ar\u00f4me de baies 600 ml"},"content":{"rendered":"<p>Ingrediente:Apa, sucuri de fructe din concentrat 10% (fructe de vara 9%: mure 5%, capsuni salbatice 1,9%, soc 0,9%, coacaze rosii 0,5%, coacaze negre 0,4%, zmeura 0,3%; lamaie), umplutura: polidextroza, acid alimentar : acid citric, aroma naturala de coacaze negre cu alte arome naturale, agent de ingrosare: guma xantan, indulcitori: sucraloza, glicozide steviol din Stevia, conservant: sorbat de potasiu.<br \/>\nValori nutritive medii la 100 ml:<br \/>\nEnergie 58 kJ \/ 14 kcal<br \/>\nCarbohidrati 3.1 g din care zaharuri 0.7 g<br \/>\nSel 0,03 g<br \/>\nMod de utilizare: Agitati inainte de utilizare.<br \/>\nMod de preparare: La 1 parte sirop de grenadine se adauga 12 parti apa. Puteti folosi si apa minerala.<br \/>\nRecomandari: Inchideti sticla ermetic dupa deschidere, pastrati la loc racoros si intunecat. Perioada de valabilitate limitata dupa deschidere.<br \/>\nAmbalaj si continut: 600 ml ( 60 cl )<br \/>\nProducator : Teisseire CS 70501 \u2013 38926 Crolles cedex, Franta<br \/>\nImportateur et distributeur Total Blue Impex SRL<\/p>","protected":false},"excerpt":{"rendered":"<p>Ingrediente:Apa, sucuri de fructe din concentrat 10% (fructe de vara 9%: mure 5%, capsuni salbatice 1,9%, soc 0,9%, coacaze rosii 0,5%, coacaze negre 0,4%, zmeura 0,3%; lamaie), umplutura: polidextroza, acid alimentar : acid citric, aroma naturala de coacaze negre cu alte arome naturale, agent de ingrosare: guma xantan, indulcitori: sucraloza, glicozide steviol din Stevia, conservant: [&#8230;]\n","protected":false},"featured_media":149004,"comment_status":"open","ping_status":"closed","template":"","meta":{"_acf_changed":false,"_seopress_robots_primary_cat":"none","_seopress_titles_title":"","_seopress_titles_desc":"","_seopress_robots_index":""},"product_brand":[16122],"product_cat":[1354,22112,21826,1767,3312],"giftcard-category":[],"class_list":{"0":"post-148998","1":"product","2":"type-product","3":"status-publish","4":"has-post-thumbnail","6":"product_brand-teisseire","7":"product_cat-apa-plata-apa-minerala-sucuri","8":"product_cat-fara-zahar-adaugat","9":"product_cat-produse-bio-dietetice","10":"product_cat-produse-olanda","11":"product_cat-bauturi-racoritoare-produse-olanda","13":"first","14":"instock","15":"taxable","16":"shipping-taxable","17":"purchasable","18":"product-type-simple"},"acf":[],"_links":{"self":[{"href":"https:\/\/totalblue.ro\/fr\/wp-json\/wp\/v2\/product\/148998","targetHints":{"allow":["GET"]}}],"collection":[{"href":"https:\/\/totalblue.ro\/fr\/wp-json\/wp\/v2\/product"}],"about":[{"href":"https:\/\/totalblue.ro\/fr\/wp-json\/wp\/v2\/types\/product"}],"replies":[{"embeddable":true,"href":"https:\/\/totalblue.ro\/fr\/wp-json\/wp\/v2\/comments?post=148998"}],"wp:featuredmedia":[{"embeddable":true,"href":"https:\/\/totalblue.ro\/fr\/wp-json\/wp\/v2\/media\/149004"}],"wp:attachment":[{"href":"https:\/\/totalblue.ro\/fr\/wp-json\/wp\/v2\/media?parent=148998"}],"wp:term":[{"taxonomy":"product_brand","embeddable":true,"href":"https:\/\/totalblue.ro\/fr\/wp-json\/wp\/v2\/product_brand?post=148998"},{"taxonomy":"product_cat","embeddable":true,"href":"https:\/\/totalblue.ro\/fr\/wp-json\/wp\/v2\/product_cat?post=148998"},{"taxonomy":"giftcard-category","embeddable":true,"href":"https:\/\/totalblue.ro\/fr\/wp-json\/wp\/v2\/giftcard-category?post=148998"}],"curies":[{"name":"wp","href":"https:\/\/api.w.org\/{rel}","templated":true}]}}