{"id":163797,"date":"2024-06-14T15:05:29","date_gmt":"2024-06-14T12:05:29","guid":{"rendered":"https:\/\/totalblue.ro\/?post_type=product&#038;p=163797"},"modified":"2025-09-18T14:17:04","modified_gmt":"2025-09-18T11:17:04","slug":"mogu-mogu-bautura-cu-aroma-de-coacaze-si-jeleu-de-cocos-320-ml-import-olanda","status":"publish","type":"product","link":"https:\/\/totalblue.ro\/fr\/produs\/mogu-mogu-bautura-cu-aroma-de-coacaze-si-jeleu-de-cocos-320-ml-import-olanda\/","title":{"rendered":"Mogu Mogu Mogu Boisson aromatis\u00e9e \u00e0 la gel\u00e9e de noix de coco, 320 ml, import\u00e9 des Pays-Bas"},"content":{"rendered":"<p>Ingrediente: Apa, Jeleu de Cocos Nata de Coco (15%) (apa de cocos), zahar, fructoza, regulator de aciditate (acid citric, lactat de calciu), aroma naturala de fructe ale pasiunii, conservant (benzoat de sodiu), agent de gelifiere (guma Gellan), coloranti artificiali (E110 si E102)<\/p>\n<p>Contine Jeleu de Cocos delicios, pe care il puteti mesteca in timp ce savurati bautura.<br \/>\nValoare nutritionala la 100 g de produs<br \/>\nValori nutritionale per portie 320 ml g:<br \/>\nEnergie: 682 kJ\/160 kcal<br \/>\nGrasimi: 0 g din care acizi grasi saturati: 0 g<br \/>\nCarbohidrati 38 g sau care zaharuri 38 g<br \/>\nProteine: 0 g<br \/>\nSare: 0.35 g<\/p>","protected":false},"excerpt":{"rendered":"<p>Ingrediente: Apa, Jeleu de Cocos Nata de Coco (15%) (apa de cocos), zahar, fructoza, regulator de aciditate (acid citric, lactat de calciu), aroma naturala de fructe ale pasiunii, conservant (benzoat de sodiu), agent de gelifiere (guma Gellan), coloranti artificiali (E110 si E102) Contine Jeleu de Cocos delicios, pe care il puteti mesteca in timp ce [&#8230;]\n","protected":false},"featured_media":163807,"comment_status":"open","ping_status":"closed","template":"","meta":{"_acf_changed":false,"_seopress_robots_primary_cat":"none","_seopress_titles_title":"","_seopress_titles_desc":"","_seopress_robots_index":""},"product_brand":[25824],"product_cat":[1354,1555,1767,3312],"giftcard-category":[],"class_list":{"0":"post-163797","1":"product","2":"type-product","3":"status-publish","4":"has-post-thumbnail","6":"product_brand-mogu-mogu","7":"product_cat-apa-plata-apa-minerala-sucuri","8":"product_cat-bacanie","9":"product_cat-produse-olanda","10":"product_cat-bauturi-racoritoare-produse-olanda","12":"first","13":"outofstock","14":"taxable","15":"shipping-taxable","16":"purchasable","17":"product-type-simple"},"acf":[],"_links":{"self":[{"href":"https:\/\/totalblue.ro\/fr\/wp-json\/wp\/v2\/product\/163797","targetHints":{"allow":["GET"]}}],"collection":[{"href":"https:\/\/totalblue.ro\/fr\/wp-json\/wp\/v2\/product"}],"about":[{"href":"https:\/\/totalblue.ro\/fr\/wp-json\/wp\/v2\/types\/product"}],"replies":[{"embeddable":true,"href":"https:\/\/totalblue.ro\/fr\/wp-json\/wp\/v2\/comments?post=163797"}],"wp:featuredmedia":[{"embeddable":true,"href":"https:\/\/totalblue.ro\/fr\/wp-json\/wp\/v2\/media\/163807"}],"wp:attachment":[{"href":"https:\/\/totalblue.ro\/fr\/wp-json\/wp\/v2\/media?parent=163797"}],"wp:term":[{"taxonomy":"product_brand","embeddable":true,"href":"https:\/\/totalblue.ro\/fr\/wp-json\/wp\/v2\/product_brand?post=163797"},{"taxonomy":"product_cat","embeddable":true,"href":"https:\/\/totalblue.ro\/fr\/wp-json\/wp\/v2\/product_cat?post=163797"},{"taxonomy":"giftcard-category","embeddable":true,"href":"https:\/\/totalblue.ro\/fr\/wp-json\/wp\/v2\/giftcard-category?post=163797"}],"curies":[{"name":"wp","href":"https:\/\/api.w.org\/{rel}","templated":true}]}}