{"id":163849,"date":"2024-06-14T16:28:51","date_gmt":"2024-06-14T13:28:51","guid":{"rendered":"https:\/\/totalblue.ro\/?post_type=product&#038;p=163849"},"modified":"2025-10-06T16:13:00","modified_gmt":"2025-10-06T13:13:00","slug":"mogu-mogu-bautura-cu-aroma-de-mango-si-jeleu-de-cocos-320-ml-import-olanda","status":"publish","type":"product","link":"https:\/\/totalblue.ro\/fr\/produs\/mogu-mogu-bautura-cu-aroma-de-mango-si-jeleu-de-cocos-320-ml-import-olanda\/","title":{"rendered":"Mogu Mogu Boisson aromatis\u00e9e \u00e0 la mangue avec gel\u00e9e de noix de coco, 320 ml, importation des Pays-Bas"},"content":{"rendered":"<p>Ingrediente: apa, suc de mango, nata de coco (apa de cocos fermentata), fructoza, zaharoza, acid citric (ajustarea aciditatii), aroma identica cu cea naturala, benzoat de sodiu (conservant), beta caroten (colorant natural).<\/p>\n<p>Valori nutritionale per portie 320 ml g:<br \/>\nEnergie: 490 kJ\/115 kcal<br \/>\nGrasimi: 0 g din care acizi grasi saturati: 0 g<br \/>\nCarbohidrati 28 g sau care zaharuri 25 g<br \/>\nProteine: 0 g<br \/>\nSare: 0.29 g<\/p>","protected":false},"excerpt":{"rendered":"<p>Ingrediente: apa, suc de mango, nata de coco (apa de cocos fermentata), fructoza, zaharoza, acid citric (ajustarea aciditatii), aroma identica cu cea naturala, benzoat de sodiu (conservant), beta caroten (colorant natural). Valori nutritionale per portie 320 ml g: Energie: 490 kJ\/115 kcal Grasimi: 0 g din care acizi grasi saturati: 0 g Carbohidrati 28 g [&#8230;]\n","protected":false},"featured_media":163855,"comment_status":"open","ping_status":"closed","template":"","meta":{"_acf_changed":false,"_seopress_robots_primary_cat":"none","_seopress_titles_title":"","_seopress_titles_desc":"","_seopress_robots_index":""},"product_brand":[25824],"product_cat":[1354,1555,1767,3312],"giftcard-category":[],"class_list":{"0":"post-163849","1":"product","2":"type-product","3":"status-publish","4":"has-post-thumbnail","6":"product_brand-mogu-mogu","7":"product_cat-apa-plata-apa-minerala-sucuri","8":"product_cat-bacanie","9":"product_cat-produse-olanda","10":"product_cat-bauturi-racoritoare-produse-olanda","12":"first","13":"outofstock","14":"taxable","15":"shipping-taxable","16":"purchasable","17":"product-type-simple"},"acf":[],"_links":{"self":[{"href":"https:\/\/totalblue.ro\/fr\/wp-json\/wp\/v2\/product\/163849","targetHints":{"allow":["GET"]}}],"collection":[{"href":"https:\/\/totalblue.ro\/fr\/wp-json\/wp\/v2\/product"}],"about":[{"href":"https:\/\/totalblue.ro\/fr\/wp-json\/wp\/v2\/types\/product"}],"replies":[{"embeddable":true,"href":"https:\/\/totalblue.ro\/fr\/wp-json\/wp\/v2\/comments?post=163849"}],"wp:featuredmedia":[{"embeddable":true,"href":"https:\/\/totalblue.ro\/fr\/wp-json\/wp\/v2\/media\/163855"}],"wp:attachment":[{"href":"https:\/\/totalblue.ro\/fr\/wp-json\/wp\/v2\/media?parent=163849"}],"wp:term":[{"taxonomy":"product_brand","embeddable":true,"href":"https:\/\/totalblue.ro\/fr\/wp-json\/wp\/v2\/product_brand?post=163849"},{"taxonomy":"product_cat","embeddable":true,"href":"https:\/\/totalblue.ro\/fr\/wp-json\/wp\/v2\/product_cat?post=163849"},{"taxonomy":"giftcard-category","embeddable":true,"href":"https:\/\/totalblue.ro\/fr\/wp-json\/wp\/v2\/giftcard-category?post=163849"}],"curies":[{"name":"wp","href":"https:\/\/api.w.org\/{rel}","templated":true}]}}