{"id":164273,"date":"2024-06-17T12:59:09","date_gmt":"2024-06-17T09:59:09","guid":{"rendered":"https:\/\/totalblue.ro\/?post_type=product&#038;p=164273"},"modified":"2026-02-16T10:26:21","modified_gmt":"2026-02-16T08:26:21","slug":"yildriz-mustar-picant-cu-marar-265ml-import-olanda","status":"publish","type":"product","link":"https:\/\/totalblue.ro\/fr\/produs\/yildriz-mustar-picant-cu-marar-265ml-import-olanda\/","title":{"rendered":"Yildriz moutarde \u00e9pic\u00e9e \u00e0 l'aneth 265ml, import\u00e9 des Pays-Bas"},"content":{"rendered":"<p>Sos de musta cu marar dupa o reteta norvegiana<br \/>\nDelicios cu somon si bauturi<br \/>\nAvec bouchon distributeur pratique<br \/>\nSosurile noastre au cel mai bun gust reci<br \/>\nSos de mustar si marar dupa o reteta norvegiana<br \/>\nYildriz face cele mai gustoase sosuri din lume, pe baza retetelor locale si a ingredientelor din intreaga lume. Sosuri din lume Yildriz: pentru cei cu gust!<\/p>\n<p>Ingrediente: MUSTAR 34% (apa, SEMINTE DE MUSTAR, otet, sare, condimente, aroma naturala din plante), zahar, ulei de floarea soarelui, miere, apa, piure de marar 2,5% (marar, apa, sare, ulei de floarea soarelui), SEMINTE DE MUSTAR 1,3% , sare, agent de ingrosare: guma xantan, conservant: sorbat de potasiu, colorant: caroten natural.<br \/>\nInformations sur les allergies<br \/>\nContine: mustar<br \/>\nValeurs nutritionnelles<br \/>\nCes valeurs s'appliquent au produit non pr\u00e9par\u00e9.<br \/>\nEmbout pour 100 millilitres<br \/>\nEnergie 1595 kJ (380 kcal)<br \/>\nGrasimi 17 g din care saturate 1,8 g<br \/>\nCarbohidrati 52 g din care zaharuri 51 g<br \/>\nProt\u00e9ines 2,9 g<br \/>\nSel 1,7 g<br \/>\nStockage : conserver au frais apr\u00e8s ouverture.<br \/>\nAvec des piments provenant de l'ext\u00e9rieur de l'UE.<br \/>\nFournisseur Yildriz PO Box 362, 3700 AJ AJ Zeist<\/p>","protected":false},"excerpt":{"rendered":"<p>Sos de musta cu marar dupa o reteta norvegiana Delicios cu somon si bauturi Cu capac de dozare la indemana Sosurile noastre au cel mai bun gust reci Sos de mustar si marar dupa o reteta norvegiana Yildriz face cele mai gustoase sosuri din lume, pe baza retetelor locale si a ingredientelor din intreaga lume. [&#8230;]\n","protected":false},"featured_media":164280,"comment_status":"open","ping_status":"closed","template":"","meta":{"_acf_changed":false,"_seopress_robots_primary_cat":"none","_seopress_titles_title":"","_seopress_titles_desc":"","_seopress_robots_index":""},"product_brand":[25865],"product_cat":[1555,1451,3280,21674,17494,1767],"giftcard-category":[],"class_list":{"0":"post-164273","1":"product","2":"type-product","3":"status-publish","4":"has-post-thumbnail","6":"product_brand-yildriz","7":"product_cat-bacanie","8":"product_cat-condimente-produse-instant","9":"product_cat-condimente-sosuri","10":"product_cat-condimente-sosuri-influente-asiatice","11":"product_cat-influente-asiatice","12":"product_cat-produse-olanda","14":"first","15":"instock","16":"taxable","17":"shipping-taxable","18":"purchasable","19":"product-type-simple"},"acf":[],"_links":{"self":[{"href":"https:\/\/totalblue.ro\/fr\/wp-json\/wp\/v2\/product\/164273","targetHints":{"allow":["GET"]}}],"collection":[{"href":"https:\/\/totalblue.ro\/fr\/wp-json\/wp\/v2\/product"}],"about":[{"href":"https:\/\/totalblue.ro\/fr\/wp-json\/wp\/v2\/types\/product"}],"replies":[{"embeddable":true,"href":"https:\/\/totalblue.ro\/fr\/wp-json\/wp\/v2\/comments?post=164273"}],"wp:featuredmedia":[{"embeddable":true,"href":"https:\/\/totalblue.ro\/fr\/wp-json\/wp\/v2\/media\/164280"}],"wp:attachment":[{"href":"https:\/\/totalblue.ro\/fr\/wp-json\/wp\/v2\/media?parent=164273"}],"wp:term":[{"taxonomy":"product_brand","embeddable":true,"href":"https:\/\/totalblue.ro\/fr\/wp-json\/wp\/v2\/product_brand?post=164273"},{"taxonomy":"product_cat","embeddable":true,"href":"https:\/\/totalblue.ro\/fr\/wp-json\/wp\/v2\/product_cat?post=164273"},{"taxonomy":"giftcard-category","embeddable":true,"href":"https:\/\/totalblue.ro\/fr\/wp-json\/wp\/v2\/giftcard-category?post=164273"}],"curies":[{"name":"wp","href":"https:\/\/api.w.org\/{rel}","templated":true}]}}