{"id":164286,"date":"2024-06-17T13:08:50","date_gmt":"2024-06-17T10:08:50","guid":{"rendered":"https:\/\/totalblue.ro\/?post_type=product&#038;p=164286"},"modified":"2026-04-13T13:57:05","modified_gmt":"2026-04-13T10:57:05","slug":"yildriz-sauce-a-lail-turque-265-ml-importe-des-pays-bas","status":"publish","type":"product","link":"https:\/\/totalblue.ro\/fr\/produs\/yildriz-sos-turcesc-de-usturoi-265-ml-import-olanda\/","title":{"rendered":"Yildriz sauce \u00e0 l'ail turque 265 ml, import\u00e9 des Pays-Bas"},"content":{"rendered":"<p>Sauce \u00e0 l'ail selon la recette turque<br \/>\nD\u00e9licieux avec la pizza turque, le shaworma et d'autres plats de viande<br \/>\nAvec bouchon distributeur pratique<br \/>\nYildriz fabrique les sauces les plus savoureuses du monde, \u00e0 partir de recettes locales et d'ingr\u00e9dients du monde entier. Les sauces du monde Yildriz : pour ceux qui ont du go\u00fbt !<br \/>\nIngr\u00e9dients : eau, huile de rapita, vinaigre naturel, sucre, sirop de glucose-fructose, amidon de ma\u00efs modifi\u00e9, amidon de ma\u00efs, ail 2,2%, jaune d'\u0153uf libre, sel, \u00e9pices, acide : acide citrique, FARINE DE MOUTARDE, chlorure de potassium, \u00e9paississants : gomme de guar et gomme de xanthane, \u00e9pices, ar\u00f4mes naturels, conservateurs : sorbate de potassium et E211, antioxydant : E385.<br \/>\nInformations sur les allergies<br \/>\nContient : \u0153ufs, moutarde<br \/>\nValeurs nutritionnelles<br \/>\nCes valeurs s'appliquent au produit non pr\u00e9par\u00e9.<br \/>\nEmbout pour 100 millilitres<br \/>\nEnergie 1202 kJ (290 kcal)<br \/>\nGraisses 23 g dont 1,7 g de graisses satur\u00e9es<br \/>\nGlucides 19 g dont sucres 12 g<br \/>\nProt\u00e9ines 0,8 g<br \/>\nSel 1.49 g<br \/>\nStockage : conserver au frais apr\u00e8s ouverture.<br \/>\nAvec des piments provenant de l'ext\u00e9rieur de l'UE.<br \/>\nFournisseur Yildriz PO Box 362, 3700 AJ AJ Zeist<\/p>","protected":false},"excerpt":{"rendered":"<p>Sos de usturoi dupa reteta turceasca Delicios cu pizza turceasca, shaworma si alte preparate din carne Cu capac de dozare la indemana Yildriz face cele mai gustoase sosuri din lume, pe baza retetelor locale si a ingredientelor din toata lumea. Sosuri din lume Yildriz: pentru cei cu gust! Ingrediente: apa, ulei de rapita, otet natural, [&#8230;]\n","protected":false},"featured_media":164292,"comment_status":"open","ping_status":"closed","template":"","meta":{"_acf_changed":false,"_seopress_robots_primary_cat":"none","_seopress_titles_title":"","_seopress_titles_desc":"","_seopress_robots_index":""},"product_brand":[25865],"product_cat":[1555,21674,3280,1451,17494,1767],"giftcard-category":[],"class_list":{"0":"post-164286","1":"product","2":"type-product","3":"status-publish","4":"has-post-thumbnail","6":"product_brand-yildriz","7":"product_cat-bacanie","8":"product_cat-condimente-sosuri-influente-asiatice","9":"product_cat-condimente-sosuri","10":"product_cat-condimente-produse-instant","11":"product_cat-influente-asiatice","12":"product_cat-produse-olanda","14":"first","15":"instock","16":"taxable","17":"shipping-taxable","18":"purchasable","19":"product-type-simple"},"acf":[],"_links":{"self":[{"href":"https:\/\/totalblue.ro\/fr\/wp-json\/wp\/v2\/product\/164286","targetHints":{"allow":["GET"]}}],"collection":[{"href":"https:\/\/totalblue.ro\/fr\/wp-json\/wp\/v2\/product"}],"about":[{"href":"https:\/\/totalblue.ro\/fr\/wp-json\/wp\/v2\/types\/product"}],"replies":[{"embeddable":true,"href":"https:\/\/totalblue.ro\/fr\/wp-json\/wp\/v2\/comments?post=164286"}],"wp:featuredmedia":[{"embeddable":true,"href":"https:\/\/totalblue.ro\/fr\/wp-json\/wp\/v2\/media\/164292"}],"wp:attachment":[{"href":"https:\/\/totalblue.ro\/fr\/wp-json\/wp\/v2\/media?parent=164286"}],"wp:term":[{"taxonomy":"product_brand","embeddable":true,"href":"https:\/\/totalblue.ro\/fr\/wp-json\/wp\/v2\/product_brand?post=164286"},{"taxonomy":"product_cat","embeddable":true,"href":"https:\/\/totalblue.ro\/fr\/wp-json\/wp\/v2\/product_cat?post=164286"},{"taxonomy":"giftcard-category","embeddable":true,"href":"https:\/\/totalblue.ro\/fr\/wp-json\/wp\/v2\/giftcard-category?post=164286"}],"curies":[{"name":"wp","href":"https:\/\/api.w.org\/{rel}","templated":true}]}}