{"id":164465,"date":"2024-06-17T15:34:33","date_gmt":"2024-06-17T12:34:33","guid":{"rendered":"https:\/\/totalblue.ro\/?post_type=product&#038;p=164465"},"modified":"2026-03-27T14:10:20","modified_gmt":"2026-03-27T12:10:20","slug":"quaker-cruesli-cereale-mere-scortisoara-nuci-pecan-400-g-fara-zahar-adaugat-olanda","status":"publish","type":"product","link":"https:\/\/totalblue.ro\/fr\/produs\/quaker-cruesli-cereale-mere-scortisoara-nuci-pecan-400-g-fara-zahar-adaugat-olanda\/","title":{"rendered":"Quaker Cruesli c\u00e9r\u00e9ales pommes, cannelle, noix de p\u00e9can 400 g, sans sucre ajout\u00e9, Pays-Bas"},"content":{"rendered":"<p>Fara adaos de zaharuri si\/sau indulcitori<br \/>\nBogat in fibre<br \/>\nFara arome artificiale, coloranti si conservanti<br \/>\nMuesli crocant cu un strop de scortisoara si bucati de mere si nuci pecan.<br \/>\nBogat in fibre. Fara adaos de zaharuri sau indulcitori**<br \/>\n**Contine zaharuri naturale.<\/p>\n<p>Ingrediente: fulgi de ovaz din cereale integrale (39%), fulgi de grau din cereale integrale (16%), ulei de floarea soarelui, oligofructoza, fibre solubile de porumb, bucati de NUCI PECAN (2,8%), faina de orez, faina de grau, bucati de mere (2,1%), arome naturale de mere-scortisoara si alte arome naturale (GRU), sare, antioxidant (tocoferol). Poate contine lapte si diferite tipuri de nuci.<br \/>\nInformations sur les allergies<\/p>\n<p>Contine: nuci, cereale care contin gluten, grau, ovaz, nuci pecan<br \/>\nPoate contine: Lapte<br \/>\nValeurs nutritionnelles<br \/>\nCes valeurs s'appliquent au produit non pr\u00e9par\u00e9.<br \/>\nConseil pour 100 grammes<br \/>\nEnergie 1810 kJ (434 kcal)<br \/>\nGrasimi 18 g din care saturate 1,9 g<br \/>\nGlucide 48 g din care zaharuri 5 g<br \/>\nFibre alimentare 24 g<br \/>\nProteine \u200b\u200b7,5 g<br \/>\nsare 0,15 g<br \/>\nVitamina B1 \/ Tiamina 0,39 mg<br \/>\nFosfor 167 mg<br \/>\nmagneziu 78 mg<br \/>\nDepozitare: A se pastra la rece si uscat. Inchideti corect punga dupa fiecare utilizare.<br \/>\nFurnizor PepsiCo Nederland BV, Zonnebaan 35, 3542 EB, Utrecht, Olanda<br \/>\nImportator si distribuitor Total Blue Impex SRL. Romania, Bucuresti.<\/p>","protected":false},"excerpt":{"rendered":"<p>Fara adaos de zaharuri si\/sau indulcitori Bogat in fibre Fara arome artificiale, coloranti si conservanti Muesli crocant cu un strop de scortisoara si bucati de mere si nuci pecan. Bogat in fibre. Fara adaos de zaharuri sau indulcitori** **Contine zaharuri naturale. Ingrediente: fulgi de ovaz din cereale integrale (39%), fulgi de grau din cereale integrale [&#8230;]\n","protected":false},"featured_media":164471,"comment_status":"open","ping_status":"closed","template":"","meta":{"_acf_changed":false,"_seopress_robots_primary_cat":"none","_seopress_titles_title":"","_seopress_titles_desc":"","_seopress_robots_index":""},"product_brand":[4863],"product_cat":[1555,1506,3304,1767],"giftcard-category":[],"class_list":{"0":"post-164465","1":"product","2":"type-product","3":"status-publish","4":"has-post-thumbnail","6":"product_brand-quaker","7":"product_cat-bacanie","8":"product_cat-cafea-ceai-mic-dejun","9":"product_cat-mic-dejun-produse-olanda","10":"product_cat-produse-olanda","12":"first","13":"outofstock","14":"taxable","15":"shipping-taxable","16":"purchasable","17":"product-type-simple"},"acf":[],"_links":{"self":[{"href":"https:\/\/totalblue.ro\/fr\/wp-json\/wp\/v2\/product\/164465","targetHints":{"allow":["GET"]}}],"collection":[{"href":"https:\/\/totalblue.ro\/fr\/wp-json\/wp\/v2\/product"}],"about":[{"href":"https:\/\/totalblue.ro\/fr\/wp-json\/wp\/v2\/types\/product"}],"replies":[{"embeddable":true,"href":"https:\/\/totalblue.ro\/fr\/wp-json\/wp\/v2\/comments?post=164465"}],"wp:featuredmedia":[{"embeddable":true,"href":"https:\/\/totalblue.ro\/fr\/wp-json\/wp\/v2\/media\/164471"}],"wp:attachment":[{"href":"https:\/\/totalblue.ro\/fr\/wp-json\/wp\/v2\/media?parent=164465"}],"wp:term":[{"taxonomy":"product_brand","embeddable":true,"href":"https:\/\/totalblue.ro\/fr\/wp-json\/wp\/v2\/product_brand?post=164465"},{"taxonomy":"product_cat","embeddable":true,"href":"https:\/\/totalblue.ro\/fr\/wp-json\/wp\/v2\/product_cat?post=164465"},{"taxonomy":"giftcard-category","embeddable":true,"href":"https:\/\/totalblue.ro\/fr\/wp-json\/wp\/v2\/giftcard-category?post=164465"}],"curies":[{"name":"wp","href":"https:\/\/api.w.org\/{rel}","templated":true}]}}