{"id":166334,"date":"2024-06-26T14:26:00","date_gmt":"2024-06-26T11:26:00","guid":{"rendered":"https:\/\/totalblue.ro\/?post_type=product&#038;p=166334"},"modified":"2025-08-01T16:09:33","modified_gmt":"2025-08-01T13:09:33","slug":"look-o-look-benzi-cu-aroma-de-banane-115-g-import-olanda","status":"publish","type":"product","link":"https:\/\/totalblue.ro\/fr\/produs\/look-o-look-benzi-cu-aroma-de-banane-115-g-import-olanda\/","title":{"rendered":"Look-o-look bandes aromatis\u00e9es \u00e0 la banane 115 g import\u00e9 des Pays-Bas"},"content":{"rendered":"<p>V\u00e9g\u00e9talien<br \/>\nIngrediente: zahar, sirop de glucoza, faina de GRAU, sirop de glucoza-fructoza, ulei de cocos, acid alimentar (acid citric), arome, unt de cacao, colorant (curcumina).<br \/>\nInformations sur les allergies<br \/>\nContient : c\u00e9r\u00e9ales contenant du gluten, bl\u00e9<br \/>\nValeurs nutritionnelles<br \/>\nCes valeurs s'appliquent au produit non pr\u00e9par\u00e9.<br \/>\nConseil pour 100 grammes<br \/>\nEnergie 1547 kJ (365 kcal)<br \/>\nGrasimi 1,6 g din care saturate 1,3 g<br \/>\nCarbohidrati 84 g din care zaharuri 66 g<br \/>\nProteine \u200b\u200b2,1 g<br \/>\nsel 0 g<\/p>","protected":false},"excerpt":{"rendered":"<p>Vegan Ingrediente: zahar, sirop de glucoza, faina de GRAU, sirop de glucoza-fructoza, ulei de cocos, acid alimentar (acid citric), arome, unt de cacao, colorant (curcumina). Informatii despre alergii Contine: cereale care contin gluten, grau Valori nutritive Aceste valori se aplica produsului nepreparat. Tip la 100 de grame Energie 1547 kJ (365 kcal) Grasimi 1,6 g [&#8230;]\n","protected":false},"featured_media":166340,"comment_status":"open","ping_status":"closed","template":"","meta":{"_acf_changed":false,"_seopress_robots_primary_cat":"none","_seopress_titles_title":"Look-o-look benzi cu aroma de capsuni, dulci acrisoare, 125 g import Olanda","_seopress_titles_desc":"Cauti bomboane Look-a-Look din Olanda? Cumpara acum online Look-o-look benzi cu aroma de capsuni, dulci acrisoare, 125 g import Olanda","_seopress_robots_index":""},"product_brand":[3734],"product_cat":[1555,7021,3338,1767],"giftcard-category":[],"class_list":{"0":"post-166334","1":"product","2":"type-product","3":"status-publish","4":"has-post-thumbnail","6":"product_brand-look-o-look","7":"product_cat-bacanie","8":"product_cat-dulciuri-snacks","9":"product_cat-dulciuri-snacksuri","10":"product_cat-produse-olanda","12":"first","13":"outofstock","14":"taxable","15":"shipping-taxable","16":"purchasable","17":"product-type-simple"},"acf":[],"_links":{"self":[{"href":"https:\/\/totalblue.ro\/fr\/wp-json\/wp\/v2\/product\/166334","targetHints":{"allow":["GET"]}}],"collection":[{"href":"https:\/\/totalblue.ro\/fr\/wp-json\/wp\/v2\/product"}],"about":[{"href":"https:\/\/totalblue.ro\/fr\/wp-json\/wp\/v2\/types\/product"}],"replies":[{"embeddable":true,"href":"https:\/\/totalblue.ro\/fr\/wp-json\/wp\/v2\/comments?post=166334"}],"wp:featuredmedia":[{"embeddable":true,"href":"https:\/\/totalblue.ro\/fr\/wp-json\/wp\/v2\/media\/166340"}],"wp:attachment":[{"href":"https:\/\/totalblue.ro\/fr\/wp-json\/wp\/v2\/media?parent=166334"}],"wp:term":[{"taxonomy":"product_brand","embeddable":true,"href":"https:\/\/totalblue.ro\/fr\/wp-json\/wp\/v2\/product_brand?post=166334"},{"taxonomy":"product_cat","embeddable":true,"href":"https:\/\/totalblue.ro\/fr\/wp-json\/wp\/v2\/product_cat?post=166334"},{"taxonomy":"giftcard-category","embeddable":true,"href":"https:\/\/totalblue.ro\/fr\/wp-json\/wp\/v2\/giftcard-category?post=166334"}],"curies":[{"name":"wp","href":"https:\/\/api.w.org\/{rel}","templated":true}]}}