{"id":166415,"date":"2024-06-26T16:12:51","date_gmt":"2024-06-26T13:12:51","guid":{"rendered":"https:\/\/totalblue.ro\/?post_type=product&#038;p=166415"},"modified":"2024-11-27T10:51:51","modified_gmt":"2024-11-27T08:51:51","slug":"klene-dropsuri-cu-menta-si-lemn-dulce-210g","status":"publish","type":"product","link":"https:\/\/totalblue.ro\/fr\/produs\/klene-dropsuri-cu-menta-si-lemn-dulce-210g\/","title":{"rendered":"Klene Drops \u00e0 la menthe et \u00e0 la r\u00e9glisse 210g"},"content":{"rendered":"<p>Ingrediente: zahar, amidon modificat, gelatina, sirop de glucoza, extract de radacina de lemn dulce, sare de sal amoniac, agent de ingrosare (guma arabica), agent de glazurare (ceara de albine), aroma naturala, colorant (carbon vegetal).<br \/>\nValeurs nutritionnelles<br \/>\nCes valeurs s'appliquent au produit non pr\u00e9par\u00e9.<br \/>\nConseil pour 100 grammes<br \/>\nEnergie 1440 kJ (339 kcal)<br \/>\nGrasimi 0,4 g din care saturate 0,2 g<br \/>\nGlucide 71 g din care zaharuri 38 g<br \/>\nProteine \u200b\u200b13 g<br \/>\nSare 0,27 g<br \/>\nConservez les produits au sec. Un sachet entam\u00e9 se conserve mieux dans une bo\u00eete l\u00e9g\u00e8re et herm\u00e9tique. Consommer avant : voir sur l'emballage.<\/p>\n<p>Fabricant Perfetti Van Melle Benelux B.V.<br \/>\nP.O. Box 3000 4800 DA Breda Hollande<br \/>\nImportateur et distributeur Total Blue Impex SRL<strong><br \/>\n<\/strong><\/p>","protected":false},"excerpt":{"rendered":"<p>Ingrediente: zahar, amidon modificat, gelatina, sirop de glucoza, extract de radacina de lemn dulce, sare de sal amoniac, agent de ingrosare (guma arabica), agent de glazurare (ceara de albine), aroma naturala, colorant (carbon vegetal). Valori nutritive Aceste valori se aplica produsului nepreparat. Tip la 100 de grame Energie 1440 kJ (339 kcal) Grasimi 0,4 g [&#8230;]\n","protected":false},"featured_media":166421,"comment_status":"open","ping_status":"closed","template":"","meta":{"_acf_changed":false,"_seopress_robots_primary_cat":"none","_seopress_titles_title":"","_seopress_titles_desc":"","_seopress_robots_index":""},"product_brand":[2039],"product_cat":[1555,3338,7021,1767],"giftcard-category":[],"class_list":{"0":"post-166415","1":"product","2":"type-product","3":"status-publish","4":"has-post-thumbnail","6":"product_brand-klene","7":"product_cat-bacanie","8":"product_cat-dulciuri-snacksuri","9":"product_cat-dulciuri-snacks","10":"product_cat-produse-olanda","12":"first","13":"outofstock","14":"taxable","15":"shipping-taxable","16":"purchasable","17":"product-type-simple"},"acf":[],"_links":{"self":[{"href":"https:\/\/totalblue.ro\/fr\/wp-json\/wp\/v2\/product\/166415","targetHints":{"allow":["GET"]}}],"collection":[{"href":"https:\/\/totalblue.ro\/fr\/wp-json\/wp\/v2\/product"}],"about":[{"href":"https:\/\/totalblue.ro\/fr\/wp-json\/wp\/v2\/types\/product"}],"replies":[{"embeddable":true,"href":"https:\/\/totalblue.ro\/fr\/wp-json\/wp\/v2\/comments?post=166415"}],"wp:featuredmedia":[{"embeddable":true,"href":"https:\/\/totalblue.ro\/fr\/wp-json\/wp\/v2\/media\/166421"}],"wp:attachment":[{"href":"https:\/\/totalblue.ro\/fr\/wp-json\/wp\/v2\/media?parent=166415"}],"wp:term":[{"taxonomy":"product_brand","embeddable":true,"href":"https:\/\/totalblue.ro\/fr\/wp-json\/wp\/v2\/product_brand?post=166415"},{"taxonomy":"product_cat","embeddable":true,"href":"https:\/\/totalblue.ro\/fr\/wp-json\/wp\/v2\/product_cat?post=166415"},{"taxonomy":"giftcard-category","embeddable":true,"href":"https:\/\/totalblue.ro\/fr\/wp-json\/wp\/v2\/giftcard-category?post=166415"}],"curies":[{"name":"wp","href":"https:\/\/api.w.org\/{rel}","templated":true}]}}