{"id":166429,"date":"2024-06-26T16:19:58","date_gmt":"2024-06-26T13:19:58","guid":{"rendered":"https:\/\/totalblue.ro\/?post_type=product&#038;p=166429"},"modified":"2025-01-31T15:01:17","modified_gmt":"2025-01-31T13:01:17","slug":"gouttes-de-reglisse-salee-klene-210g","status":"publish","type":"product","link":"https:\/\/totalblue.ro\/fr\/produs\/klene-dropsuri-sarate-cu-lemn-dulce-210g\/","title":{"rendered":"Klene Gouttes sal\u00e9es \u00e0 la r\u00e9glisse 210g"},"content":{"rendered":"<p>Ingr\u00e9dients : sucre, sirop de glucose, amidon modifi\u00e9, g\u00e9latine, m\u00e9lasse de sucre de canne, extrait de racine de r\u00e9glisse, sel ammoniacal, ar\u00f4mes naturels, colorant (carbone v\u00e9g\u00e9tal), agent d'enrobage (cire d'abeille).<br \/>\nValeurs nutritionnelles<br \/>\nCes valeurs s'appliquent au produit non pr\u00e9par\u00e9.<br \/>\nConseil pour 100 grammes<br \/>\n\u00c9nergie 1413 kJ (332 kcal)<br \/>\nMati\u00e8res grasses 0,2 g dont satur\u00e9es 0,1 g<br \/>\nGlucides 77 g dont sucres 49 g<br \/>\nProt\u00e9ines 5,4 g<br \/>\nSel 0,09 g<br \/>\nConservez les produits au sec. Un sachet entam\u00e9 se conserve mieux dans une bo\u00eete l\u00e9g\u00e8re et herm\u00e9tique. Consommer avant : voir sur l'emballage.<\/p>\n<p>Fabricant Perfetti Van Melle Benelux B.V.<br \/>\nP.O. Box 3000 4800 DA Breda Hollande<br \/>\nImportateur et distributeur Total Blue Impex SRL<strong><br \/>\n<\/strong><\/p>","protected":false},"excerpt":{"rendered":"<p>Ingrediente: zahar, sirop de glucoza, amidon modificat, gelatina, melasa de zahar din trestie, extract de radacina de lemn dulce, sare amoniac, arome naturale, colorant (carbon vegetal), agent de glazurare (ceara de albine). Valori nutritive Aceste valori se aplica produsului nepreparat. Tip la 100 de grame Energie 1413 kJ (332 kcal) Grasimi 0,2 g din care [&#8230;]\n","protected":false},"featured_media":166435,"comment_status":"open","ping_status":"closed","template":"","meta":{"_acf_changed":false,"_seopress_robots_primary_cat":"none","_seopress_titles_title":"","_seopress_titles_desc":"","_seopress_robots_index":""},"product_brand":[2039],"product_cat":[1555,3338,7021,1767],"giftcard-category":[],"class_list":{"0":"post-166429","1":"product","2":"type-product","3":"status-publish","4":"has-post-thumbnail","6":"product_brand-klene","7":"product_cat-bacanie","8":"product_cat-dulciuri-snacksuri","9":"product_cat-dulciuri-snacks","10":"product_cat-produse-olanda","12":"first","13":"outofstock","14":"taxable","15":"shipping-taxable","16":"purchasable","17":"product-type-simple"},"acf":[],"_links":{"self":[{"href":"https:\/\/totalblue.ro\/fr\/wp-json\/wp\/v2\/product\/166429","targetHints":{"allow":["GET"]}}],"collection":[{"href":"https:\/\/totalblue.ro\/fr\/wp-json\/wp\/v2\/product"}],"about":[{"href":"https:\/\/totalblue.ro\/fr\/wp-json\/wp\/v2\/types\/product"}],"replies":[{"embeddable":true,"href":"https:\/\/totalblue.ro\/fr\/wp-json\/wp\/v2\/comments?post=166429"}],"wp:featuredmedia":[{"embeddable":true,"href":"https:\/\/totalblue.ro\/fr\/wp-json\/wp\/v2\/media\/166435"}],"wp:attachment":[{"href":"https:\/\/totalblue.ro\/fr\/wp-json\/wp\/v2\/media?parent=166429"}],"wp:term":[{"taxonomy":"product_brand","embeddable":true,"href":"https:\/\/totalblue.ro\/fr\/wp-json\/wp\/v2\/product_brand?post=166429"},{"taxonomy":"product_cat","embeddable":true,"href":"https:\/\/totalblue.ro\/fr\/wp-json\/wp\/v2\/product_cat?post=166429"},{"taxonomy":"giftcard-category","embeddable":true,"href":"https:\/\/totalblue.ro\/fr\/wp-json\/wp\/v2\/giftcard-category?post=166429"}],"curies":[{"name":"wp","href":"https:\/\/api.w.org\/{rel}","templated":true}]}}