{"id":167029,"date":"2024-07-01T11:55:12","date_gmt":"2024-07-01T08:55:12","guid":{"rendered":"https:\/\/totalblue.ro\/?post_type=product&#038;p=167029"},"modified":"2026-04-14T11:08:29","modified_gmt":"2026-04-14T08:08:29","slug":"sum-sam-sos-soia-ketjap-asin-250ml","status":"publish","type":"product","link":"https:\/\/totalblue.ro\/fr\/produs\/sum-sam-sos-soia-ketjap-asin-250ml\/","title":{"rendered":"Sum &amp; Sam Sos soia Ketjap Asin 250ml"},"content":{"rendered":"<p>Ketjap Asin este varianta indoneziana pentru un sos de soia sarat. Acest sos de soia este un condiment perfect pentru nasi, taitei sau satay, dar poate fi folosit si in sos, supe sau sosuri. Ketjap Asin este foarte potrivit pentru preparate la temperaturi ridicate.<br \/>\nIngrediente: Melado, apa, zahar, sare, sos de soia (apa, FASOLE DE SOIA, GRAU, sare), arome, acid: acid acetic<br \/>\nAllerg\u00e8nes<br \/>\nContine: soia, grau<br \/>\nValeurs nutritionnelles \/ 100 g :<br \/>\nEnergie 908 kJ \/ 214 kcal<br \/>\nGrasimi &lt;0,2 g din care grasimi saturate 0 g<br \/>\nGlucide 50.1 g din care zaharuri 44.9 g<br \/>\nFibre 0,6 g<br \/>\nProt\u00e9ines 2,6 g<br \/>\nSare 10.9 g<br \/>\nConserver au r\u00e9frig\u00e9rateur apr\u00e8s ouverture (max. 7\u00b0C.) Agiter avant utilisation. Peut \u00eatre conserv\u00e9 pendant environ 2 mois apr\u00e8s ouverture s'il est stock\u00e9 au r\u00e9frig\u00e9rateur (max. 7\u00b0C).<br \/>\nOestersaus, Antwoordnummer 3500, 4140 VH Beesd, Sum &amp; Sam , Nederland<br \/>\nImportateur et distributeur Total Blue Impex SRL<\/p>","protected":false},"excerpt":{"rendered":"<p>Ketjap Asin este varianta indoneziana pentru un sos de soia sarat. Acest sos de soia este un condiment perfect pentru nasi, taitei sau satay, dar poate fi folosit si in sos, supe sau sosuri. Ketjap Asin este foarte potrivit pentru preparate la temperaturi ridicate. Ingrediente: Melado, apa, zahar, sare, sos de soia (apa, FASOLE DE [&#8230;]\n","protected":false},"featured_media":167033,"comment_status":"open","ping_status":"closed","template":"","meta":{"_acf_changed":false,"_seopress_robots_primary_cat":"none","_seopress_titles_title":"","_seopress_titles_desc":"","_seopress_robots_index":""},"product_brand":[2067],"product_cat":[1555,3280,1683,21686,17494,1767],"giftcard-category":[],"class_list":{"0":"post-167029","1":"product","2":"type-product","3":"status-publish","4":"has-post-thumbnail","6":"product_brand-sum-sam","7":"product_cat-bacanie","8":"product_cat-condimente-sosuri","9":"product_cat-conserve-mancare-gatita","10":"product_cat-conserve-muraturi-influente-asiatice","11":"product_cat-influente-asiatice","12":"product_cat-produse-olanda","14":"first","15":"instock","16":"taxable","17":"shipping-taxable","18":"purchasable","19":"product-type-simple"},"acf":[],"_links":{"self":[{"href":"https:\/\/totalblue.ro\/fr\/wp-json\/wp\/v2\/product\/167029","targetHints":{"allow":["GET"]}}],"collection":[{"href":"https:\/\/totalblue.ro\/fr\/wp-json\/wp\/v2\/product"}],"about":[{"href":"https:\/\/totalblue.ro\/fr\/wp-json\/wp\/v2\/types\/product"}],"replies":[{"embeddable":true,"href":"https:\/\/totalblue.ro\/fr\/wp-json\/wp\/v2\/comments?post=167029"}],"wp:featuredmedia":[{"embeddable":true,"href":"https:\/\/totalblue.ro\/fr\/wp-json\/wp\/v2\/media\/167033"}],"wp:attachment":[{"href":"https:\/\/totalblue.ro\/fr\/wp-json\/wp\/v2\/media?parent=167029"}],"wp:term":[{"taxonomy":"product_brand","embeddable":true,"href":"https:\/\/totalblue.ro\/fr\/wp-json\/wp\/v2\/product_brand?post=167029"},{"taxonomy":"product_cat","embeddable":true,"href":"https:\/\/totalblue.ro\/fr\/wp-json\/wp\/v2\/product_cat?post=167029"},{"taxonomy":"giftcard-category","embeddable":true,"href":"https:\/\/totalblue.ro\/fr\/wp-json\/wp\/v2\/giftcard-category?post=167029"}],"curies":[{"name":"wp","href":"https:\/\/api.w.org\/{rel}","templated":true}]}}