{"id":167130,"date":"2024-07-01T13:44:18","date_gmt":"2024-07-01T10:44:18","guid":{"rendered":"https:\/\/totalblue.ro\/?post_type=product&#038;p=167130"},"modified":"2025-10-17T21:12:43","modified_gmt":"2025-10-17T18:12:43","slug":"santa-maria-salsa-hot-picanta-faza-zahar-adaugat-230g","status":"publish","type":"product","link":"https:\/\/totalblue.ro\/fr\/produs\/santa-maria-salsa-hot-picanta-faza-zahar-adaugat-230g\/","title":{"rendered":"Santa Maria Hot Sauce - \u00e9pic\u00e9e, sans sucre ajout\u00e9 230g"},"content":{"rendered":"<p>Salsa condimentata cu bucati mari si un gust bogat de rosii, ceapa si jalape\u00f1o.<br \/>\nFara zahar adaugat<br \/>\nContine zaharuri naturale<br \/>\nAceasta salsa este indispensabila cu diverse preparate mexicane sau Tex Mex, cum ar fi enchiladas, fajitas si burritos.<br \/>\nIngrediente: rosii (81%) (rosii zdrobite, pasta de rosii), apa, ceapa (2%), sare, ierburi si condimente (ardei iute, usturoi, chimen, ardei cayenne, coriandru, oregano), ardei verde, suc de lamaie, amidon de porumb, ardei rosu, jalape\u00f1o (0,12%)<br \/>\nValori nutritionale \/ 100 de grame<br \/>\nEnergie 144 kJ (34 kcal)<br \/>\nMati\u00e8res grasses 0 g dont satur\u00e9es 0 g<br \/>\nGlucide 6,1 g din care zaharuri 5,5 g<br \/>\nFibres alimentaires 1,9 g<br \/>\nProt\u00e9ines 1,5 g<br \/>\nSel 1,3 g<br \/>\nA se pastra la frigider dupa deschidere si a se consuma in 1-2 saptamani<br \/>\nFurnizor Santa Maria AB Box 63, SE-431 21 M\u00f6lndal, Suedia<\/p>","protected":false},"excerpt":{"rendered":"<p>Salsa condimentata cu bucati mari si un gust bogat de rosii, ceapa si jalape\u00f1o. Fara zahar adaugat Contine zaharuri naturale Aceasta salsa este indispensabila cu diverse preparate mexicane sau Tex Mex, cum ar fi enchiladas, fajitas si burritos. Ingrediente: rosii (81%) (rosii zdrobite, pasta de rosii), apa, ceapa (2%), sare, ierburi si condimente (ardei iute, [&#8230;]\n","protected":false},"featured_media":167136,"comment_status":"open","ping_status":"closed","template":"","meta":{"_acf_changed":false,"_seopress_robots_primary_cat":"none","_seopress_titles_title":"","_seopress_titles_desc":"","_seopress_robots_index":""},"product_brand":[26297],"product_cat":[1555,3280,1451,21410,22112,21826,18062,1767,22064],"giftcard-category":[],"class_list":{"0":"post-167130","1":"product","2":"type-product","3":"status-publish","4":"has-post-thumbnail","6":"product_brand-santa-maria","7":"product_cat-bacanie","8":"product_cat-condimente-sosuri","9":"product_cat-condimente-produse-instant","10":"product_cat-condimente-sosuri-produse-italia","11":"product_cat-fara-zahar-adaugat","12":"product_cat-produse-bio-dietetice","13":"product_cat-produse-italia","14":"product_cat-produse-olanda","15":"product_cat-vegetarian","17":"first","18":"outofstock","19":"taxable","20":"shipping-taxable","21":"purchasable","22":"product-type-simple"},"acf":[],"_links":{"self":[{"href":"https:\/\/totalblue.ro\/fr\/wp-json\/wp\/v2\/product\/167130","targetHints":{"allow":["GET"]}}],"collection":[{"href":"https:\/\/totalblue.ro\/fr\/wp-json\/wp\/v2\/product"}],"about":[{"href":"https:\/\/totalblue.ro\/fr\/wp-json\/wp\/v2\/types\/product"}],"replies":[{"embeddable":true,"href":"https:\/\/totalblue.ro\/fr\/wp-json\/wp\/v2\/comments?post=167130"}],"wp:featuredmedia":[{"embeddable":true,"href":"https:\/\/totalblue.ro\/fr\/wp-json\/wp\/v2\/media\/167136"}],"wp:attachment":[{"href":"https:\/\/totalblue.ro\/fr\/wp-json\/wp\/v2\/media?parent=167130"}],"wp:term":[{"taxonomy":"product_brand","embeddable":true,"href":"https:\/\/totalblue.ro\/fr\/wp-json\/wp\/v2\/product_brand?post=167130"},{"taxonomy":"product_cat","embeddable":true,"href":"https:\/\/totalblue.ro\/fr\/wp-json\/wp\/v2\/product_cat?post=167130"},{"taxonomy":"giftcard-category","embeddable":true,"href":"https:\/\/totalblue.ro\/fr\/wp-json\/wp\/v2\/giftcard-category?post=167130"}],"curies":[{"name":"wp","href":"https:\/\/api.w.org\/{rel}","templated":true}]}}