{"id":168754,"date":"2024-07-11T10:07:22","date_gmt":"2024-07-11T07:07:22","guid":{"rendered":"https:\/\/totalblue.ro\/?post_type=product&#038;p=168754"},"modified":"2026-03-13T11:06:44","modified_gmt":"2026-03-13T09:06:44","slug":"efes-mediterranean-pilsener-05-l-x-20-sticle","status":"publish","type":"product","link":"https:\/\/totalblue.ro\/fr\/produs\/efes-mediterranean-pilsener-05-l-x-20-sticle\/","title":{"rendered":"Efes Mediterranean Pilsener 0,5 L x 20 sticle"},"content":{"rendered":"<p>Alcool: 5% vol.<br \/>\nProduit pasteuris\u00e9.<br \/>\nDetalii de utilizare: Servit la 8-10 grade C<br \/>\nProduit disponible en ligne<br \/>\nSfat de pastrare\/Utilizare\/Preparare: A se feri de temperaturi ridicate si inghet.<br \/>\nProdusa sub supravegherea Anadolu Efes<br \/>\nMentiuni legale:Alcoolul dauneaza grav sanatatii. Consumati cu moderatie. Este interzisa vanzarea catre persoanele sub 18 ani.<br \/>\nIngrediente:apa, malt din orz, orz, hamei.<br \/>\nA se feri de temperaturi ridicate si inghet. A se servi rece.<br \/>\nMensonges l\u00e9gaux : L'alcool nuit gravement \u00e0 la sant\u00e9. \u00c0 consommer avec mod\u00e9ration. La vente aux moins de 18 ans est interdite. www.desprealcool.ro<br \/>\nTara de origine: Turcia<br \/>\n<a href=\"https:\/\/totalblue.ro\/wp-content\/uploads\/2021\/04\/under-18.jpg\"><img loading=\"lazy\" decoding=\"async\" class=\"alignnone wp-image-30757\" src=\"https:\/\/totalblue.ro\/wp-content\/uploads\/2021\/04\/under-18-400x400.jpg\" alt=\"\" width=\"109\" height=\"109\" srcset=\"https:\/\/totalblue.ro\/wp-content\/uploads\/2021\/04\/under-18-400x400.jpg 400w, https:\/\/totalblue.ro\/wp-content\/uploads\/2021\/04\/under-18-100x100.jpg 100w, https:\/\/totalblue.ro\/wp-content\/uploads\/2021\/04\/under-18-510x510.jpg 510w, https:\/\/totalblue.ro\/wp-content\/uploads\/2021\/04\/under-18-280x280.jpg 280w, https:\/\/totalblue.ro\/wp-content\/uploads\/2021\/04\/under-18.jpg 600w\" sizes=\"auto, (max-width: 109px) 100vw, 109px\" \/><\/a><a href=\"https:\/\/totalblue.ro\/wp-content\/uploads\/2021\/06\/drink-drive.jpg\"><img loading=\"lazy\" decoding=\"async\" class=\"alignnone wp-image-30761\" src=\"https:\/\/totalblue.ro\/wp-content\/uploads\/2021\/06\/drink-drive.jpg\" alt=\"\" width=\"114\" height=\"111\" srcset=\"https:\/\/totalblue.ro\/wp-content\/uploads\/2021\/06\/drink-drive.jpg 344w, https:\/\/totalblue.ro\/wp-content\/uploads\/2021\/06\/drink-drive-100x98.jpg 100w\" sizes=\"auto, (max-width: 114px) 100vw, 114px\" \/><\/a><a href=\"https:\/\/totalblue.ro\/wp-content\/uploads\/2021\/06\/bere-gravide02.jpg\"><img loading=\"lazy\" decoding=\"async\" class=\"alignnone wp-image-30771\" src=\"https:\/\/totalblue.ro\/wp-content\/uploads\/2021\/06\/bere-gravide02-403x400.jpg\" alt=\"\" width=\"111\" height=\"110\" srcset=\"https:\/\/totalblue.ro\/wp-content\/uploads\/2021\/06\/bere-gravide02-403x400.jpg 403w, https:\/\/totalblue.ro\/wp-content\/uploads\/2021\/06\/bere-gravide02-100x99.jpg 100w, https:\/\/totalblue.ro\/wp-content\/uploads\/2021\/06\/bere-gravide02-510x507.jpg 510w, https:\/\/totalblue.ro\/wp-content\/uploads\/2021\/06\/bere-gravide02-805x800.jpg 805w, https:\/\/totalblue.ro\/wp-content\/uploads\/2021\/06\/bere-gravide02-280x280.jpg 280w, https:\/\/totalblue.ro\/wp-content\/uploads\/2021\/06\/bere-gravide02-768x763.jpg 768w, https:\/\/totalblue.ro\/wp-content\/uploads\/2021\/06\/bere-gravide02-600x596.jpg 600w, https:\/\/totalblue.ro\/wp-content\/uploads\/2021\/06\/bere-gravide02.jpg 895w\" sizes=\"auto, (max-width: 111px) 100vw, 111px\" \/><\/a><\/p>","protected":false},"excerpt":{"rendered":"<p>Alcool: 5% vol. Produs pasteurizat. Detalii de utilizare: Servit la 8-10 grade C Produs disponibil on-line Sfat de pastrare\/Utilizare\/Preparare: A se feri de temperaturi ridicate si inghet. Produsa sub supravegherea Anadolu Efes Mentiuni legale:Alcoolul dauneaza grav sanatatii. Consumati cu moderatie. Este interzisa vanzarea catre persoanele sub 18 ani. Ingrediente:apa, malt din orz, orz, hamei. A [&#8230;]\n","protected":false},"featured_media":168758,"comment_status":"open","ping_status":"closed","template":"","meta":{"_acf_changed":false,"_seopress_robots_primary_cat":"none","_seopress_titles_title":"Efes Draft bere blonda 0,50L, sticla, Import Turcia","_seopress_titles_desc":"Cauti bere Efes cu livrare rapida? O gaseti acum online pe totalblue.ro Cumpara Efes Draft bere blonda ieftina 0,50L, sticla, Import Turcia.","_seopress_robots_index":""},"product_brand":[5821],"product_cat":[1519],"giftcard-category":[],"class_list":{"0":"post-168754","1":"product","2":"type-product","3":"status-publish","4":"has-post-thumbnail","6":"product_brand-efes","7":"product_cat-bauturi-alcoolice-bere","9":"first","10":"instock","11":"taxable","12":"shipping-taxable","13":"purchasable","14":"product-type-simple"},"acf":[],"_links":{"self":[{"href":"https:\/\/totalblue.ro\/fr\/wp-json\/wp\/v2\/product\/168754","targetHints":{"allow":["GET"]}}],"collection":[{"href":"https:\/\/totalblue.ro\/fr\/wp-json\/wp\/v2\/product"}],"about":[{"href":"https:\/\/totalblue.ro\/fr\/wp-json\/wp\/v2\/types\/product"}],"replies":[{"embeddable":true,"href":"https:\/\/totalblue.ro\/fr\/wp-json\/wp\/v2\/comments?post=168754"}],"wp:featuredmedia":[{"embeddable":true,"href":"https:\/\/totalblue.ro\/fr\/wp-json\/wp\/v2\/media\/168758"}],"wp:attachment":[{"href":"https:\/\/totalblue.ro\/fr\/wp-json\/wp\/v2\/media?parent=168754"}],"wp:term":[{"taxonomy":"product_brand","embeddable":true,"href":"https:\/\/totalblue.ro\/fr\/wp-json\/wp\/v2\/product_brand?post=168754"},{"taxonomy":"product_cat","embeddable":true,"href":"https:\/\/totalblue.ro\/fr\/wp-json\/wp\/v2\/product_cat?post=168754"},{"taxonomy":"giftcard-category","embeddable":true,"href":"https:\/\/totalblue.ro\/fr\/wp-json\/wp\/v2\/giftcard-category?post=168754"}],"curies":[{"name":"wp","href":"https:\/\/api.w.org\/{rel}","templated":true}]}}