{"id":169312,"date":"2024-07-16T15:36:17","date_gmt":"2024-07-16T12:36:17","guid":{"rendered":"https:\/\/totalblue.ro\/?post_type=product&#038;p=169312"},"modified":"2025-08-01T10:25:46","modified_gmt":"2025-08-01T07:25:46","slug":"ellas-kitchen-smoothie-organic-banane-iaurt-ovaz-6-luni-90-g","status":"publish","type":"product","link":"https:\/\/totalblue.ro\/fr\/produs\/ellas-kitchen-smoothie-organic-banane-iaurt-ovaz-6-luni-90-g\/","title":{"rendered":"Ella's Kitchen Smoothie Bio banane, yaourt, avoine +6 mois, 100 g"},"content":{"rendered":"<p>Banane 100% organice, iaurt, ovaz + orez cu putin suc de lamaie si fara aditivi, nici macar apa<br \/>\nCollations aux fruits 100% bio<br \/>\nSans sucres ajout\u00e9s (contient uniquement des sucres naturels)<br \/>\nId\u00e9al pour la maison et en d\u00e9placement<br \/>\nIngrediente: 56% banane*, 41% iaurt (LAPTE), 2% faina de ovaz, 1% faina de orez*, putin suc concentrat de lamaie*,<br \/>\nInformations sur les allergies<br \/>\nContine: lapte, cereale care contin gluten, 3-aminofenol<br \/>\nValeurs nutritionnelles<br \/>\nCes valeurs s'appliquent au produit non pr\u00e9par\u00e9.<br \/>\nConseil pour 100 grammes<br \/>\nEnergie 404 kJ (96 kcal)<br \/>\nProteine \u200b\u200b2,7 g<br \/>\nGlucide 15,8 g din care zaharuri 13,6 g<br \/>\nGrasimi 2,2 g din care saturate 1,2 g<br \/>\nFibre alimentare 1,2 g<br \/>\nsare 0,12 g<br \/>\nDoar se agita si se stoarce pe o lingura. NU pune NICIODATA ambalajul in cuptorul cu microunde.<br \/>\nAvertisment: Nu este potrivit sub 6 luni. Capacul poate prezenta un pericol de sufocare. Returnati produsul daca este deteriorat sau umflat.<br \/>\nConserver au r\u00e9frig\u00e9rateur apr\u00e8s ouverture, utiliser dans les 48 heures.<\/p>","protected":false},"excerpt":{"rendered":"<p>Banane 100% organice, iaurt, ovaz + orez cu putin suc de lamaie si fara aditivi, nici macar apa Gustare cu fructe 100% organice Fara zaharuri adaugate (contine numai zaharuri naturale) Ideal pentru acasa si pe drum Ingrediente: 56% banane*, 41% iaurt (LAPTE), 2% faina de ovaz, 1% faina de orez*, putin suc concentrat de lamaie*, [&#8230;]\n","protected":false},"featured_media":169318,"comment_status":"open","ping_status":"closed","template":"","meta":{"_acf_changed":false,"_seopress_robots_primary_cat":"none","_seopress_titles_title":"","_seopress_titles_desc":"","_seopress_robots_index":""},"product_brand":[15287],"product_cat":[21858,1984,1520,5677,21826,1767],"giftcard-category":[],"class_list":{"0":"post-169312","1":"product","2":"type-product","3":"status-publish","4":"has-post-thumbnail","6":"product_brand-ellas-kitchen","7":"product_cat-bio","8":"product_cat-hrana-bebelusi","9":"product_cat-mama-copilul","10":"product_cat-mancare-si-accesorii-bebe","11":"product_cat-produse-bio-dietetice","12":"product_cat-produse-olanda","14":"first","15":"outofstock","16":"taxable","17":"shipping-taxable","18":"purchasable","19":"product-type-simple"},"acf":[],"_links":{"self":[{"href":"https:\/\/totalblue.ro\/fr\/wp-json\/wp\/v2\/product\/169312","targetHints":{"allow":["GET"]}}],"collection":[{"href":"https:\/\/totalblue.ro\/fr\/wp-json\/wp\/v2\/product"}],"about":[{"href":"https:\/\/totalblue.ro\/fr\/wp-json\/wp\/v2\/types\/product"}],"replies":[{"embeddable":true,"href":"https:\/\/totalblue.ro\/fr\/wp-json\/wp\/v2\/comments?post=169312"}],"wp:featuredmedia":[{"embeddable":true,"href":"https:\/\/totalblue.ro\/fr\/wp-json\/wp\/v2\/media\/169318"}],"wp:attachment":[{"href":"https:\/\/totalblue.ro\/fr\/wp-json\/wp\/v2\/media?parent=169312"}],"wp:term":[{"taxonomy":"product_brand","embeddable":true,"href":"https:\/\/totalblue.ro\/fr\/wp-json\/wp\/v2\/product_brand?post=169312"},{"taxonomy":"product_cat","embeddable":true,"href":"https:\/\/totalblue.ro\/fr\/wp-json\/wp\/v2\/product_cat?post=169312"},{"taxonomy":"giftcard-category","embeddable":true,"href":"https:\/\/totalblue.ro\/fr\/wp-json\/wp\/v2\/giftcard-category?post=169312"}],"curies":[{"name":"wp","href":"https:\/\/api.w.org\/{rel}","templated":true}]}}