{"id":169520,"date":"2024-07-17T10:20:11","date_gmt":"2024-07-17T07:20:11","guid":{"rendered":"https:\/\/totalblue.ro\/?post_type=product&#038;p=169520"},"modified":"2025-08-01T10:25:26","modified_gmt":"2025-08-01T07:25:26","slug":"nestle-baby-multicereale-cu-quinoa-12-luni-180g","status":"publish","type":"product","link":"https:\/\/totalblue.ro\/fr\/produs\/nestle-baby-multicereale-cu-quinoa-12-luni-180g\/","title":{"rendered":"Nestl\u00e9 Baby multigrain avec quinoa 12+ mois 180g"},"content":{"rendered":"<p>Terci de cereale cu 0% zahar adaugat<br \/>\nTerci pentru bebelusi cu fier si vitamina d<br \/>\nImbogatit cu fier si vitamina D<br \/>\nContine 10 farfurii sau 18 sticle de terci pentru bebelusi<\/p>\n<p>Stockage : \u00e0 conserver dans un endroit sec. Consommer avant : voir sur l'emballage.<br \/>\nA noter ! Apr\u00e8s ouverture, le contenu peut \u00eatre conserv\u00e9 pendant 4 semaines au maximum.<\/p>\n<p>Pr\u00e9paration :<br \/>\n1. Spala-te pe maini inainte de a pregati mancarea copilului si asigura-te ca vesela este curata.<br \/>\n2. Incalzeste 160 ml de lapte.<br \/>\n3. Turnati laptele intr-o farfurie. Adaugati 3 pana la 4 linguri de terci (17 grame) in farfurie.<br \/>\n4. Amesteca pana la obtinerea unei compozitii omogene. Nu uita ca intotdeauna sa hranesti sugarul cu o lingurita curata. Nu pastra portia neterminata.<\/p>\n<p>Ingrediente: Cereale 94,2% &#8211; faina din: GRAU, grau integral GRAU (21,5%), grau integral OVAZ (9,2%), ORZ, porumb, quinoa 4,5%, minerale &#8211; carbonat de calciu, fumarat de fier, sulfat de zinc, iodura de potasiu, vitamine &#8211; C, E, niacina, B1, A, B6, acid folic, D, aroma<br \/>\nPoate contine lapte<br \/>\nInformations sur les allergies<br \/>\nContine: orz, cereale care contin gluten, 3-aminofenol, salicilat<br \/>\nPoate contine: lapte<br \/>\nValeurs nutritionnelles<br \/>\nCes valeurs s'appliquent au produit non pr\u00e9par\u00e9.<br \/>\nConseil pour 100 grammes<br \/>\nEnergie 1616 kJ (382 kcal)<br \/>\nGrasimi 3 g<br \/>\ndin care saturate 0,5 g<br \/>\nCarbohidrati 76,7 g<br \/>\ndin care zaharuri 1,5 g<br \/>\nFibre alimentare 6 g<br \/>\nProteine \u200b\u200b9 g<br \/>\nsare 0,1 g<br \/>\nVitamina A 340 \u00b5g 85%<br \/>\nVitamina B6 \/ Piridoxina 0,34 mg 49%<br \/>\nVitamina C 90 mg 360%<br \/>\nVitamina D 11 \u00b5g 110%<br \/>\nVitamina E 6,5 mg 130%<br \/>\nVitamina B1 \/ Tiamina 1 mg 200%<br \/>\nVitamina B3\/Niacina 8 mg 89%<br \/>\nVitamina B11 \/ acid folic 95 \u00b5g 95%<br \/>\nCalciu 350 mg 88%<br \/>\nIod 62 \u00b5g 89%<br \/>\nFier 11 mg 175%<br \/>\nZinc 1,3 mg 31%<\/p>\n<p>&nbsp;<\/p>","protected":false},"excerpt":{"rendered":"<p>Terci de cereale cu 0% zahar adaugat Terci pentru bebelusi cu fier si vitamina d Imbogatit cu fier si vitamina D Contine 10 farfurii sau 18 sticle de terci pentru bebelusi Depozitare: A se pastra in loc uscat. A se consuma inainte de: vezi pe ambalaj. Nota! Dupa deschidere, continutul poate fi pastrat maxim 4 [&#8230;]\n","protected":false},"featured_media":169526,"comment_status":"open","ping_status":"closed","template":"","meta":{"_acf_changed":false,"_seopress_robots_primary_cat":"1767","_seopress_titles_title":"","_seopress_titles_desc":"","_seopress_robots_index":""},"product_brand":[6197],"product_cat":[1984,1520,5677,1767],"giftcard-category":[],"class_list":{"0":"post-169520","1":"product","2":"type-product","3":"status-publish","4":"has-post-thumbnail","6":"product_brand-nestle","7":"product_cat-hrana-bebelusi","8":"product_cat-mama-copilul","9":"product_cat-mancare-si-accesorii-bebe","10":"product_cat-produse-olanda","12":"first","13":"outofstock","14":"taxable","15":"shipping-taxable","16":"purchasable","17":"product-type-simple"},"acf":[],"_links":{"self":[{"href":"https:\/\/totalblue.ro\/fr\/wp-json\/wp\/v2\/product\/169520","targetHints":{"allow":["GET"]}}],"collection":[{"href":"https:\/\/totalblue.ro\/fr\/wp-json\/wp\/v2\/product"}],"about":[{"href":"https:\/\/totalblue.ro\/fr\/wp-json\/wp\/v2\/types\/product"}],"replies":[{"embeddable":true,"href":"https:\/\/totalblue.ro\/fr\/wp-json\/wp\/v2\/comments?post=169520"}],"wp:featuredmedia":[{"embeddable":true,"href":"https:\/\/totalblue.ro\/fr\/wp-json\/wp\/v2\/media\/169526"}],"wp:attachment":[{"href":"https:\/\/totalblue.ro\/fr\/wp-json\/wp\/v2\/media?parent=169520"}],"wp:term":[{"taxonomy":"product_brand","embeddable":true,"href":"https:\/\/totalblue.ro\/fr\/wp-json\/wp\/v2\/product_brand?post=169520"},{"taxonomy":"product_cat","embeddable":true,"href":"https:\/\/totalblue.ro\/fr\/wp-json\/wp\/v2\/product_cat?post=169520"},{"taxonomy":"giftcard-category","embeddable":true,"href":"https:\/\/totalblue.ro\/fr\/wp-json\/wp\/v2\/giftcard-category?post=169520"}],"curies":[{"name":"wp","href":"https:\/\/api.w.org\/{rel}","templated":true}]}}