{"id":169533,"date":"2024-07-17T10:28:33","date_gmt":"2024-07-17T07:28:33","guid":{"rendered":"https:\/\/totalblue.ro\/?post_type=product&#038;p=169533"},"modified":"2025-08-01T10:25:22","modified_gmt":"2025-08-01T07:25:22","slug":"organix-mini-mini-biscuits-bio-au-fromage-12-mois-80g-4x20g-4x20g","status":"publish","type":"product","link":"https:\/\/totalblue.ro\/fr\/produs\/organix-mini-biscuitii-organici-cu-branza-12-luni-80g-4x20g\/","title":{"rendered":"Organix Mini biscuits au fromage bio 12+ mois, 80g (4x20g)"},"content":{"rendered":"<div id=\"tab-description\" class=\"woocommerce-Tabs-panel woocommerce-Tabs-panel--description panel entry-content active\" role=\"tabpanel\" aria-labelledby=\"tab-title-description\">Les mini-biscuits au fromage bio sont fabriqu\u00e9s avec du fromage frais et sans sel ajout\u00e9. Ils constituent un en-cas id\u00e9al pour les tout-petits !<br \/>\nConvient pour les 12 mois et plus.<br \/>\nsont biologiques.<br \/>\nSans sel ni sucre ajout\u00e9.<br \/>\nSans colorants ni ar\u00f4mes artificiels.<br \/>\nConvient aux v\u00e9g\u00e9tariens.<br \/>\nNos ingr\u00e9dients biologiques Farine de bl\u00e9 48,8%<br \/>\nFarine de riz 19,5%<br \/>\nFromage (lait) 13,8%<br \/>\nHuile de tournesol 8,5%<br \/>\nExtrait de malt (orge) 6,5%<br \/>\nfarine de qualit\u00e9 malt 2,1%<br \/>\nConcentr\u00e9 de jus de citron 0,4%<br \/>\nAgent de levage (bicarbonate de sodium)* 0,3%<br \/>\nThiamine (vitamine B1)* &lt;0,1%<br \/>\nInformations nutritionnelles 100g 20g<br \/>\nkJ 1853 371<br \/>\nKcals 441 88<br \/>\nMati\u00e8res grasses (g) 14 2,9<br \/>\ndont acides satur\u00e9s (g) 3,8 0,8<br \/>\nGlucides (g) 64 13<br \/>\ndont sucres (g) 4,4 0,9<br \/>\nFibres (g) 3,0 0,6<br \/>\nProt\u00e9ines (g) 12 2,4<br \/>\nSodium (g) 0,20 0,04<br \/>\nSel (g) 0,51 0,10<br \/>\nThiamine (mg) 1,8 0,35<br \/>\nCalcium (mg)<br \/>\nAvertissement sur les allerg\u00e8nes<br \/>\nCette recette contient :<br \/>\nGluten, lait, c\u00e9r\u00e9ales<\/div>","protected":false},"excerpt":{"rendered":"<p>Mini biscuitii organici cu branza sunt facuti cu branza proaspata si fara sare adaugata. Ei fac gustarile perfecte pentru copii mici! Potrivit pentru 12+ luni. sunt organic. Fara sare sau zahar adaugat. Fara coloranti sau arome artificiale. Potrivit pentru vegetarieni. Ingredientele noastre organice Faina de grau 48,8% Faina de orez 19,5% Branza (lapte) 13,8% Ulei [&#8230;]\n","protected":false},"featured_media":169540,"comment_status":"open","ping_status":"closed","template":"","meta":{"_acf_changed":false,"_seopress_robots_primary_cat":"1767","_seopress_titles_title":"","_seopress_titles_desc":"","_seopress_robots_index":""},"product_brand":[5932],"product_cat":[1984,1520,5677,1767],"giftcard-category":[],"class_list":{"0":"post-169533","1":"product","2":"type-product","3":"status-publish","4":"has-post-thumbnail","6":"product_brand-organix","7":"product_cat-hrana-bebelusi","8":"product_cat-mama-copilul","9":"product_cat-mancare-si-accesorii-bebe","10":"product_cat-produse-olanda","12":"first","13":"outofstock","14":"taxable","15":"shipping-taxable","16":"purchasable","17":"product-type-simple"},"acf":[],"_links":{"self":[{"href":"https:\/\/totalblue.ro\/fr\/wp-json\/wp\/v2\/product\/169533","targetHints":{"allow":["GET"]}}],"collection":[{"href":"https:\/\/totalblue.ro\/fr\/wp-json\/wp\/v2\/product"}],"about":[{"href":"https:\/\/totalblue.ro\/fr\/wp-json\/wp\/v2\/types\/product"}],"replies":[{"embeddable":true,"href":"https:\/\/totalblue.ro\/fr\/wp-json\/wp\/v2\/comments?post=169533"}],"wp:featuredmedia":[{"embeddable":true,"href":"https:\/\/totalblue.ro\/fr\/wp-json\/wp\/v2\/media\/169540"}],"wp:attachment":[{"href":"https:\/\/totalblue.ro\/fr\/wp-json\/wp\/v2\/media?parent=169533"}],"wp:term":[{"taxonomy":"product_brand","embeddable":true,"href":"https:\/\/totalblue.ro\/fr\/wp-json\/wp\/v2\/product_brand?post=169533"},{"taxonomy":"product_cat","embeddable":true,"href":"https:\/\/totalblue.ro\/fr\/wp-json\/wp\/v2\/product_cat?post=169533"},{"taxonomy":"giftcard-category","embeddable":true,"href":"https:\/\/totalblue.ro\/fr\/wp-json\/wp\/v2\/giftcard-category?post=169533"}],"curies":[{"name":"wp","href":"https:\/\/api.w.org\/{rel}","templated":true}]}}