{"id":171560,"date":"2024-08-22T11:44:37","date_gmt":"2024-08-22T08:44:37","guid":{"rendered":"https:\/\/totalblue.ro\/?post_type=product&#038;p=171560"},"modified":"2025-08-18T10:11:38","modified_gmt":"2025-08-18T07:11:38","slug":"ellas-kitchen-smoothie-organic-pere-mazare-broccoli-4-luni-120-g","status":"publish","type":"product","link":"https:\/\/totalblue.ro\/fr\/produs\/ellas-kitchen-smoothie-organic-pere-mazare-broccoli-4-luni-120-g\/","title":{"rendered":"Ella's Kitchen Smoothie Bio Poires, petits pois, brocoli +4 mois, 120 g"},"content":{"rendered":"<p>Piure de pere, mazare si broccoli cu un strop de suc de lamaie si nimic altceva, nici macar apa. De la 4 luni. Gustos si usor.<br \/>\nGustare 100% legume + fructe organice<br \/>\nSans sucres ajout\u00e9s (contient uniquement des sucres naturels)<br \/>\nId\u00e9al pour la maison et en d\u00e9placement<br \/>\nIngrediente: 60% pere*, 30% mazare*, 10% broccoli*, &lt;1% suc concentrat de lamaie*. * = organic.<br \/>\nValeurs nutritionnelles<br \/>\nCes valeurs s'appliquent au produit non pr\u00e9par\u00e9.<br \/>\nConseil pour 100 grammes<br \/>\nEnergie 238 kJ (57 kcal)<br \/>\nGrasimi 0,6 g din care saturate 0,1 g<br \/>\nGlucide 8,6 g din care zaharuri 5,9 g<br \/>\nFibre alimentare 3,3 g<br \/>\nProteine \u200b\u200b2,5 g<br \/>\nSel &lt; 0,01 g<br \/>\nConserver au r\u00e9frig\u00e9rateur apr\u00e8s ouverture, utiliser dans les 48 heures.<br \/>\nPresser dans un bol ou sur une cuill\u00e8re. Ne JAMAIS mettre l'emballage au micro-ondes. Ne convient pas aux enfants de moins de 4 mois. Le couvercle peut pr\u00e9senter un risque d'\u00e9touffement. Retourner le produit s'il est endommag\u00e9 ou gonfl\u00e9.<\/p>","protected":false},"excerpt":{"rendered":"<p>Piure de pere, mazare si broccoli cu un strop de suc de lamaie si nimic altceva, nici macar apa. De la 4 luni. Gustos si usor. Gustare 100% legume + fructe organice Fara zaharuri adaugate (contine numai zaharuri naturale) Ideal pentru acasa si pe drum Ingrediente: 60% pere*, 30% mazare*, 10% broccoli*, &lt;1% suc concentrat [&#8230;]\n","protected":false},"featured_media":171566,"comment_status":"open","ping_status":"closed","template":"","meta":{"_acf_changed":false,"_seopress_robots_primary_cat":"none","_seopress_titles_title":"","_seopress_titles_desc":"","_seopress_robots_index":""},"product_brand":[15287],"product_cat":[21858,1984,1520,5677,21826,1767],"giftcard-category":[],"class_list":{"0":"post-171560","1":"product","2":"type-product","3":"status-publish","4":"has-post-thumbnail","6":"product_brand-ellas-kitchen","7":"product_cat-bio","8":"product_cat-hrana-bebelusi","9":"product_cat-mama-copilul","10":"product_cat-mancare-si-accesorii-bebe","11":"product_cat-produse-bio-dietetice","12":"product_cat-produse-olanda","14":"first","15":"outofstock","16":"taxable","17":"shipping-taxable","18":"purchasable","19":"product-type-simple"},"acf":[],"_links":{"self":[{"href":"https:\/\/totalblue.ro\/fr\/wp-json\/wp\/v2\/product\/171560","targetHints":{"allow":["GET"]}}],"collection":[{"href":"https:\/\/totalblue.ro\/fr\/wp-json\/wp\/v2\/product"}],"about":[{"href":"https:\/\/totalblue.ro\/fr\/wp-json\/wp\/v2\/types\/product"}],"replies":[{"embeddable":true,"href":"https:\/\/totalblue.ro\/fr\/wp-json\/wp\/v2\/comments?post=171560"}],"wp:featuredmedia":[{"embeddable":true,"href":"https:\/\/totalblue.ro\/fr\/wp-json\/wp\/v2\/media\/171566"}],"wp:attachment":[{"href":"https:\/\/totalblue.ro\/fr\/wp-json\/wp\/v2\/media?parent=171560"}],"wp:term":[{"taxonomy":"product_brand","embeddable":true,"href":"https:\/\/totalblue.ro\/fr\/wp-json\/wp\/v2\/product_brand?post=171560"},{"taxonomy":"product_cat","embeddable":true,"href":"https:\/\/totalblue.ro\/fr\/wp-json\/wp\/v2\/product_cat?post=171560"},{"taxonomy":"giftcard-category","embeddable":true,"href":"https:\/\/totalblue.ro\/fr\/wp-json\/wp\/v2\/giftcard-category?post=171560"}],"curies":[{"name":"wp","href":"https:\/\/api.w.org\/{rel}","templated":true}]}}