{"id":180422,"date":"2024-10-18T13:59:29","date_gmt":"2024-10-18T10:59:29","guid":{"rendered":"https:\/\/totalblue.ro\/?post_type=product&#038;p=180422"},"modified":"2026-01-15T11:58:36","modified_gmt":"2026-01-15T09:58:36","slug":"sobranie-redefined-chrome-longs","status":"publish","type":"product","link":"https:\/\/totalblue.ro\/fr\/produs\/sobranie-redefined-chrome-longs\/","title":{"rendered":"Sobranie Redefined Chrome (Longs)"},"content":{"rendered":"<p>Sobranie Redefined Chrome (Longs)<\/p>\n<p>Ces produits sont strictement r\u00e9serv\u00e9s aux fumeurs de plus de 18 ans.<\/p>\n<p>Interdiction de vente aux mineurs. Directive 2001\/37\/CE du Conseil : fumer nuit gravement \u00e0 votre sant\u00e9 et \u00e0 celle de votre entourage. Fumer pendant la grossesse nuit \u00e0 votre b\u00e9b\u00e9. Prot\u00e9gez vos enfants : ne les laissez pas respirer votre fum\u00e9e. Fumer cr\u00e9e une d\u00e9pendance, ne commencez pas \u00e0 fumer ! Arr\u00eater de fumer r\u00e9duit le risque de maladies cardiaques ou pulmonaires mortelles. Le tabagisme peut entra\u00eener une mort lente et douloureuse<\/p>\n<p><a href=\"https:\/\/totalblue.ro\/wp-content\/uploads\/2021\/04\/under-18.jpg\"><img loading=\"lazy\" decoding=\"async\" class=\"alignnone wp-image-30757\" src=\"https:\/\/totalblue.ro\/wp-content\/uploads\/2021\/04\/under-18-400x400.jpg\" alt=\"\" width=\"96\" height=\"96\" srcset=\"https:\/\/totalblue.ro\/wp-content\/uploads\/2021\/04\/under-18-400x400.jpg 400w, https:\/\/totalblue.ro\/wp-content\/uploads\/2021\/04\/under-18-100x100.jpg 100w, https:\/\/totalblue.ro\/wp-content\/uploads\/2021\/04\/under-18-510x510.jpg 510w, https:\/\/totalblue.ro\/wp-content\/uploads\/2021\/04\/under-18-280x280.jpg 280w, https:\/\/totalblue.ro\/wp-content\/uploads\/2021\/04\/under-18.jpg 600w\" sizes=\"auto, (max-width: 96px) 100vw, 96px\" \/><\/a><\/p>","protected":false},"excerpt":{"rendered":"<p>Sobranie Redefined Chrome (Longs) Aceste produse sunt destinate strict fumatorilor peste 18 ani. Interzisa vanzarea catre minori. Directiva Consiliului CE 2001\/37\/CEE. Fumatul dauneaza grav sanatatii dumneavoastra si a celor din jur. Fumatul in timpul sarcinii dauneaza copilului dumneavoastra. Protejati copiii: nu-i lasati sa respire fumul dumneavoastra. Fumatul da dependenta, nu incepeti sa fumati! Oprirea fumatului [&#8230;]\n","protected":false},"featured_media":180423,"comment_status":"open","ping_status":"closed","template":"","meta":{"_acf_changed":false,"_seopress_robots_primary_cat":"none","_seopress_titles_title":"Sobranie Tigari Collection Blacks, tigari Sobranie","_seopress_titles_desc":"Cauti tigari Sobranie? Cumpara cum cu livrrare rapida Sobranie Tigari Collection Blacks, tigarete de lux Sobranie Collection Blacks, tigari si tutun","_seopress_robots_index":""},"product_brand":[26788],"product_cat":[1555,17463],"giftcard-category":[],"class_list":{"0":"post-180422","1":"product","2":"type-product","3":"status-publish","4":"has-post-thumbnail","6":"product_brand-sobranie","7":"product_cat-bacanie","8":"product_cat-tutun","10":"first","11":"instock","12":"taxable","13":"shipping-taxable","14":"purchasable","15":"product-type-simple"},"acf":[],"_links":{"self":[{"href":"https:\/\/totalblue.ro\/fr\/wp-json\/wp\/v2\/product\/180422","targetHints":{"allow":["GET"]}}],"collection":[{"href":"https:\/\/totalblue.ro\/fr\/wp-json\/wp\/v2\/product"}],"about":[{"href":"https:\/\/totalblue.ro\/fr\/wp-json\/wp\/v2\/types\/product"}],"replies":[{"embeddable":true,"href":"https:\/\/totalblue.ro\/fr\/wp-json\/wp\/v2\/comments?post=180422"}],"wp:featuredmedia":[{"embeddable":true,"href":"https:\/\/totalblue.ro\/fr\/wp-json\/wp\/v2\/media\/180423"}],"wp:attachment":[{"href":"https:\/\/totalblue.ro\/fr\/wp-json\/wp\/v2\/media?parent=180422"}],"wp:term":[{"taxonomy":"product_brand","embeddable":true,"href":"https:\/\/totalblue.ro\/fr\/wp-json\/wp\/v2\/product_brand?post=180422"},{"taxonomy":"product_cat","embeddable":true,"href":"https:\/\/totalblue.ro\/fr\/wp-json\/wp\/v2\/product_cat?post=180422"},{"taxonomy":"giftcard-category","embeddable":true,"href":"https:\/\/totalblue.ro\/fr\/wp-json\/wp\/v2\/giftcard-category?post=180422"}],"curies":[{"name":"wp","href":"https:\/\/api.w.org\/{rel}","templated":true}]}}