{"id":186921,"date":"2024-11-20T09:46:55","date_gmt":"2024-11-20T07:46:55","guid":{"rendered":"https:\/\/totalblue.ro\/?post_type=product&#038;p=186921"},"modified":"2025-08-01T11:55:37","modified_gmt":"2025-08-01T08:55:37","slug":"farine-de-tempura-oncle-barns-au-poivre-et-a-lail-500-g","status":"publish","type":"product","link":"https:\/\/totalblue.ro\/fr\/produs\/uncle-barns-faina-tempura-cu-aroma-de-piper-si-usturoi-500-g\/","title":{"rendered":"Farine Tempura de l'oncle Barn's au poivre et \u00e0 l'ail, 500 g"},"content":{"rendered":"<p>Ingr\u00e9dients : farine de bl\u00e9 (gluten) 62 %, amidon de tapioca 25 %, sel iod\u00e9 4%, \u00e9pices poivre, ail 3%, poudre \u00e0 lever E450, E500 3%, extrait de pissenlit 2%, ar\u00f4me E412 0,5%.<br \/>\nContient du gluten (allerg\u00e8ne)<\/p>\n<p>Mode d'emploi :<br \/>\nM\u00e9langer une partie de la farine avec de l'eau froide : pour 1 tasse de farine, il faut 1 tasse d'eau froide.<br \/>\nTremper la viande ou les l\u00e9gumes dans le m\u00e9lange de farine et d'eau, puis tremper les morceaux dans la deuxi\u00e8me partie de la farine, bien les enrober de farine et secouer l'exc\u00e9dent.<br \/>\nFaire frire dans l'huile chaude jusqu'\u00e0 ce qu'ils soient dor\u00e9s et les d\u00e9poser sur une serviette en papier pour absorber l'exc\u00e8s d'huile.<\/p>\n<p>Valeurs nutritionnelles \/ 100 g :<br \/>\n\u00c9nergie : 1418 kJ\/334 kcal<br \/>\nMati\u00e8res grasses : 0,9 g dont acides gras satur\u00e9s : 0,2 g<br \/>\nGlucides 72 g ou sucres 0,6 g<br \/>\nFibres 1,9 g<br \/>\nProt\u00e9ines : 8,3 g<br \/>\nSel : 5,5 g<\/p>\n<p>&nbsp;<\/p>","protected":false},"excerpt":{"rendered":"<p>Ingrediente : faina de grau (gluten)62 %,amidon de tapioca 25 %,sare iodata 4%,condimente piper,usturoi 3%,agent de crestere E450, E500 3%,extract de drodie 2%,afanator E412 0,5%. Contine gluten (alergen) Mod de utilizare : Impartiti cantitatea de faina in doua parti.Amestecati o parte din faina cu apa rece : pentru 1 cana de faina e nevoie de [&#8230;]\n","protected":false},"featured_media":186923,"comment_status":"open","ping_status":"closed","template":"","meta":{"_acf_changed":false,"_seopress_robots_primary_cat":"none","_seopress_titles_title":"","_seopress_titles_desc":"","_seopress_robots_index":""},"product_brand":[27119],"product_cat":[1555,3328,1362,1767],"giftcard-category":[],"class_list":{"0":"post-186921","1":"product","2":"type-product","3":"status-publish","4":"has-post-thumbnail","6":"product_brand-uncle-barns","7":"product_cat-bacanie","8":"product_cat-paste-orez-ulei-otet","9":"product_cat-ulei-orez-faina-zahar","10":"product_cat-produse-olanda","12":"first","13":"outofstock","14":"taxable","15":"shipping-taxable","16":"purchasable","17":"product-type-simple"},"acf":[],"_links":{"self":[{"href":"https:\/\/totalblue.ro\/fr\/wp-json\/wp\/v2\/product\/186921","targetHints":{"allow":["GET"]}}],"collection":[{"href":"https:\/\/totalblue.ro\/fr\/wp-json\/wp\/v2\/product"}],"about":[{"href":"https:\/\/totalblue.ro\/fr\/wp-json\/wp\/v2\/types\/product"}],"replies":[{"embeddable":true,"href":"https:\/\/totalblue.ro\/fr\/wp-json\/wp\/v2\/comments?post=186921"}],"wp:featuredmedia":[{"embeddable":true,"href":"https:\/\/totalblue.ro\/fr\/wp-json\/wp\/v2\/media\/186923"}],"wp:attachment":[{"href":"https:\/\/totalblue.ro\/fr\/wp-json\/wp\/v2\/media?parent=186921"}],"wp:term":[{"taxonomy":"product_brand","embeddable":true,"href":"https:\/\/totalblue.ro\/fr\/wp-json\/wp\/v2\/product_brand?post=186921"},{"taxonomy":"product_cat","embeddable":true,"href":"https:\/\/totalblue.ro\/fr\/wp-json\/wp\/v2\/product_cat?post=186921"},{"taxonomy":"giftcard-category","embeddable":true,"href":"https:\/\/totalblue.ro\/fr\/wp-json\/wp\/v2\/giftcard-category?post=186921"}],"curies":[{"name":"wp","href":"https:\/\/api.w.org\/{rel}","templated":true}]}}